{"id":11118,"date":"2020-08-29T04:21:29","date_gmt":"2020-08-29T08:21:29","guid":{"rendered":"https:\/\/www.ovpoficinasvirtualpyme.cl\/antofagasta\/?page_id=11118"},"modified":"2025-10-24T15:21:30","modified_gmt":"2025-10-24T18:21:30","slug":"oficinas-reuniones","status":"publish","type":"page","link":"https:\/\/tudomicilioenundia.cl\/antofagasta\/oficinas-reuniones\/","title":{"rendered":"Oficinas Reuniones | Espacios"},"content":{"rendered":"<p><section class=\"kc-elm kc-css-520001 kc_row\"><div class=\"kc-row-container\"><div class=\"kc-wrap-columns\"><div class=\"kc-elm kc-css-91401 kc_col-sm-12 kc_column kc_col-sm-12\"><div class=\"kc-col-container\"><div class=\"kc-elm kc-css-310787 kc-feature-boxes kc-fb-layout-2\">\n\n\t<div class=\"content-title\">Tu Sala Perfecta: Reserva en Minutos<\/div><div class=\"content-button\"><a href=\"https:\/\/tudomicilioenundia.cl\/antofagasta\/reservas\/\" target=\"_self\" title=\"Reservas Online\">Reserva ahora<\/a><\/div>\n<\/div>\n<div class=\"kc-elm kc-css-809121\" style=\"height: 40px; clear: both; width:100%;\"><\/div><\/div><\/div><\/div><\/div><\/section><section class=\"kc-elm kc-css-693924 kc_row\"><div class=\"kc-row-container  kc-container\"><div class=\"kc-wrap-columns\"><div class=\"kc-elm kc-css-209637 kc_col-sm-12 kc_column kc_col-sm-12\"><div class=\"kc-col-container\"><div class=\"kc-image-gallery kc-elm kc-css-352960\"><h3 class=\"kc-title image-gallery-title\">Sala de Reuni\u00f3n 1<\/h3>\n<div class=\"kc_image_gallery kc-carousel-image kc-grid \" data-image_masonry=\"yes\">\n<div class=\"item-grid grid-4\"><a class=\"kc-image-link kc-pretty-photo\" data-lightbox=\"kc-lightbox\" rel=\"kc-pretty-photo[27984363]\" href=\"https:\/\/tudomicilioenundia.cl\/antofagasta\/wp-content\/uploads\/2024\/12\/sala-proyector.jpeg\"><img decoding=\"async\" src=\"https:\/\/tudomicilioenundia.cl\/antofagasta\/wp-content\/uploads\/2024\/12\/sala-proyector.jpeg\" alt=\"\"\/><div class=\"kc-image-overlay\"><i class=\"fa-plus\"><\/i><\/div><\/a><\/div><div class=\"item-grid grid-4\"><a class=\"kc-image-link kc-pretty-photo\" data-lightbox=\"kc-lightbox\" rel=\"kc-pretty-photo[27984363]\" href=\"https:\/\/tudomicilioenundia.cl\/antofagasta\/wp-content\/uploads\/2025\/01\/recepcion-reuniones.jpeg\"><img decoding=\"async\" src=\"https:\/\/tudomicilioenundia.cl\/antofagasta\/wp-content\/uploads\/2025\/01\/recepcion-reuniones.jpeg\" alt=\"\"\/><div class=\"kc-image-overlay\"><i class=\"fa-plus\"><\/i><\/div><\/a><\/div><div class=\"item-grid grid-4\"><a class=\"kc-image-link kc-pretty-photo\" data-lightbox=\"kc-lightbox\" rel=\"kc-pretty-photo[27984363]\" href=\"https:\/\/tudomicilioenundia.cl\/antofagasta\/wp-content\/uploads\/2024\/12\/sala-1.jpg\"><img decoding=\"async\" src=\"https:\/\/tudomicilioenundia.cl\/antofagasta\/wp-content\/uploads\/2024\/12\/sala-1.jpg\" alt=\"\"\/><div class=\"kc-image-overlay\"><i class=\"fa-plus\"><\/i><\/div><\/a><\/div><div class=\"item-grid grid-4\"><a class=\"kc-image-link kc-pretty-photo\" data-lightbox=\"kc-lightbox\" rel=\"kc-pretty-photo[27984363]\" href=\"https:\/\/tudomicilioenundia.cl\/antofagasta\/wp-content\/uploads\/2024\/09\/oficina-virtual-8.jpg\"><img decoding=\"async\" src=\"https:\/\/tudomicilioenundia.cl\/antofagasta\/wp-content\/uploads\/2024\/09\/oficina-virtual-8.jpg\" alt=\"\"\/><div class=\"kc-image-overlay\"><i class=\"fa-plus\"><\/i><\/div><\/a><\/div><\/div>\n<\/div><div class=\"kc-elm kc-css-781289\" style=\"height: 20px; clear: both; width:100%;\"><\/div><div class=\"kc-elm kc-css-179849 kc_text_block\"><\/p>\n<h6>Equipamiento:<\/h6>\n<h6 style=\"text-align: left;\">\u00a0<span style=\"font-weight: normal;\">\u2022 Mesa de reuniones para 6 personas moderna | <\/span><span style=\"font-weight: normal;\">Proyector Epson | Wifi de alta velocidad 500Mbps sim\u00e9trico | Aire acondicionado | Acceso a impresiones | Insumos de oficina y pizarra | Coffee autoservicio | Recepci\u00f3n espera | Edificio empresarial.<\/span><\/h6>\n<p>\n<\/div><div class=\"kc-elm kc-css-198053\" style=\"height: 60px; clear: both; width:100%;\"><\/div><\/div><\/div><\/div><\/div><\/section><section class=\"kc-elm kc-css-467632 kc_row\"><div class=\"kc-row-container  kc-container\"><div class=\"kc-wrap-columns\"><div class=\"kc-elm kc-css-621559 kc_col-sm-12 kc_column kc_col-sm-12\"><div class=\"kc-col-container\"><div class=\"kc-image-gallery kc-elm kc-css-365032\"><h3 class=\"kc-title image-gallery-title\">Sala de Reuni\u00f3n 2<\/h3>\n<div class=\"kc_image_gallery kc-carousel-image kc-grid \" data-image_masonry=\"yes\">\n<div class=\"item-grid grid-4\"><a class=\"kc-image-link kc-pretty-photo\" data-lightbox=\"kc-lightbox\" rel=\"kc-pretty-photo[20596682]\" href=\"https:\/\/tudomicilioenundia.cl\/antofagasta\/wp-content\/uploads\/2024\/12\/sala-smart-tv.jpeg\"><img decoding=\"async\" src=\"https:\/\/tudomicilioenundia.cl\/antofagasta\/wp-content\/uploads\/2024\/12\/sala-smart-tv.jpeg\" alt=\"\"\/><div class=\"kc-image-overlay\"><i class=\"fa-plus\"><\/i><\/div><\/a><\/div><div class=\"item-grid grid-4\"><a class=\"kc-image-link kc-pretty-photo\" data-lightbox=\"kc-lightbox\" rel=\"kc-pretty-photo[20596682]\" href=\"https:\/\/tudomicilioenundia.cl\/antofagasta\/wp-content\/uploads\/2025\/01\/recepcion-sala-reunion.jpeg\"><img decoding=\"async\" src=\"https:\/\/tudomicilioenundia.cl\/antofagasta\/wp-content\/uploads\/2025\/01\/recepcion-sala-reunion.jpeg\" alt=\"\"\/><div class=\"kc-image-overlay\"><i class=\"fa-plus\"><\/i><\/div><\/a><\/div><div class=\"item-grid grid-4\"><a class=\"kc-image-link kc-pretty-photo\" data-lightbox=\"kc-lightbox\" rel=\"kc-pretty-photo[20596682]\" href=\"https:\/\/tudomicilioenundia.cl\/antofagasta\/wp-content\/uploads\/2024\/12\/sala-2.jpg\"><img decoding=\"async\" src=\"https:\/\/tudomicilioenundia.cl\/antofagasta\/wp-content\/uploads\/2024\/12\/sala-2.jpg\" alt=\"\"\/><div class=\"kc-image-overlay\"><i class=\"fa-plus\"><\/i><\/div><\/a><\/div><div class=\"item-grid grid-4\"><a class=\"kc-image-link kc-pretty-photo\" data-lightbox=\"kc-lightbox\" rel=\"kc-pretty-photo[20596682]\" href=\"https:\/\/tudomicilioenundia.cl\/antofagasta\/wp-content\/uploads\/2024\/12\/sala-de-reuniones.jpeg\"><img decoding=\"async\" src=\"https:\/\/tudomicilioenundia.cl\/antofagasta\/wp-content\/uploads\/2024\/12\/sala-de-reuniones.jpeg\" alt=\"\"\/><div class=\"kc-image-overlay\"><i class=\"fa-plus\"><\/i><\/div><\/a><\/div><\/div>\n<\/div><div class=\"kc-elm kc-css-413473\" style=\"height: 20px; clear: both; width:100%;\"><\/div><div class=\"kc-elm kc-css-18798 kc_text_block\"><\/p>\n<h6>Equipamiento:<\/h6>\n<h6 style=\"text-align: left;\">\u00a0<span style=\"font-weight: normal;\">\u2022 Mesa de reuniones para 6 personas moderna | <\/span><span style=\"font-weight: normal;\">Smart TV HDMI 55\" | Wifi de alta velocidad 500Mbps sim\u00e9trico | Aire acondicionado | Acceso a impresiones | Insumos de oficina y pizarra | Mesa auxiliar <\/span><span style=\"font-weight: normal;\">| <\/span><span style=\"font-weight: normal;\">Coffee autoservicio | Recepci\u00f3n espera | Edificio empresarial.<\/span><\/h6>\n<p>\n<\/div><div class=\"kc-elm kc-css-888586\" style=\"height: 70px; clear: both; width:100%;\"><\/div><\/div><\/div><\/div><\/div><\/section><section class=\"kc-elm kc-css-326339 kc_row\"><div class=\"kc-row-container  kc-container\"><div class=\"kc-wrap-columns\"><div class=\"kc-elm kc-css-73351 kc_col-sm-12 kc_column kc_col-sm-12\"><div class=\"kc-col-container\"><div class=\"kc-image-gallery kc-elm kc-css-438980\"><h3 class=\"kc-title image-gallery-title\">Oficina Privada Personalizable<\/h3>\n<div class=\"kc_image_gallery kc-carousel-image kc-grid \" data-image_masonry=\"yes\">\n<div class=\"item-grid grid-4\"><a class=\"kc-image-link kc-pretty-photo\" data-lightbox=\"kc-lightbox\" rel=\"kc-pretty-photo[3982634]\" href=\"https:\/\/tudomicilioenundia.cl\/antofagasta\/wp-content\/uploads\/2025\/01\/recepcion-oficina-privada-antofagasta.jpeg\"><img decoding=\"async\" src=\"https:\/\/tudomicilioenundia.cl\/antofagasta\/wp-content\/uploads\/2025\/01\/recepcion-oficina-privada-antofagasta.jpeg\" alt=\"\"\/><div class=\"kc-image-overlay\"><i class=\"fa-plus\"><\/i><\/div><\/a><\/div><div class=\"item-grid grid-4\"><a class=\"kc-image-link kc-pretty-photo\" data-lightbox=\"kc-lightbox\" rel=\"kc-pretty-photo[3982634]\" href=\"https:\/\/tudomicilioenundia.cl\/antofagasta\/wp-content\/uploads\/2025\/01\/oficina-privada-equipada.jpeg\"><img decoding=\"async\" src=\"https:\/\/tudomicilioenundia.cl\/antofagasta\/wp-content\/uploads\/2025\/01\/oficina-privada-equipada.jpeg\" alt=\"\"\/><div class=\"kc-image-overlay\"><i class=\"fa-plus\"><\/i><\/div><\/a><\/div><div class=\"item-grid grid-4\"><a class=\"kc-image-link kc-pretty-photo\" data-lightbox=\"kc-lightbox\" rel=\"kc-pretty-photo[3982634]\" href=\"https:\/\/tudomicilioenundia.cl\/antofagasta\/wp-content\/uploads\/2024\/12\/oficina-privada-antofagasta.jpeg\"><img decoding=\"async\" src=\"https:\/\/tudomicilioenundia.cl\/antofagasta\/wp-content\/uploads\/2024\/12\/oficina-privada-antofagasta.jpeg\" alt=\"\"\/><div class=\"kc-image-overlay\"><i class=\"fa-plus\"><\/i><\/div><\/a><\/div><div class=\"item-grid grid-4\"><a class=\"kc-image-link kc-pretty-photo\" data-lightbox=\"kc-lightbox\" rel=\"kc-pretty-photo[3982634]\" href=\"https:\/\/tudomicilioenundia.cl\/antofagasta\/wp-content\/uploads\/2024\/12\/oficina-personalizable.jpeg\"><img decoding=\"async\" src=\"https:\/\/tudomicilioenundia.cl\/antofagasta\/wp-content\/uploads\/2024\/12\/oficina-personalizable.jpeg\" alt=\"\"\/><div class=\"kc-image-overlay\"><i class=\"fa-plus\"><\/i><\/div><\/a><\/div><\/div>\n<\/div><div class=\"kc-elm kc-css-467806\" style=\"height: 20px; clear: both; width:100%;\"><\/div><div class=\"kc-elm kc-css-295822 kc_text_block\"><\/p>\n<h6>Equipamiento:<\/h6>\n<h6 style=\"text-align: left;\">\u00a0<span style=\"font-weight: normal;\">\u2022 Oficina 406 de uso exclusivo con 2 espacios (recepci\u00f3n y privado) | Escritorio grande con silla ejecutiva | Acr\u00edlico en puerta tama\u00f1o carta (puedes llevar tu propio dise\u00f1o corporativo) | Recepci\u00f3n con sitiales | <\/span><span style=\"font-weight: normal;\">Smart TV con cable | Wifi de alta velocidad 500Mbps sim\u00e9trico | Aire acondicionado | Acceso a impresiones | Insumos de oficina y pizarra <\/span><span style=\"font-weight: normal;\">| <\/span><span style=\"font-weight: normal;\">Coffee autoservicio | Edificio empresarial.<\/span><\/h6>\n<p>\n<\/div><div class=\"kc-elm kc-css-247389\" style=\"height: 70px; clear: both; width:100%;\"><\/div><\/div><\/div><\/div><\/div><\/section><\/p>\n","protected":false},"excerpt":{"rendered":"","protected":false},"author":1,"featured_media":0,"parent":0,"menu_order":0,"comment_status":"closed","ping_status":"closed","template":"tpl-footer_v2.php","meta":{"footnotes":""},"class_list":["post-11118","page","type-page","status-publish","hentry"],"yoast_head":"<!-- This site is optimized with the Yoast SEO plugin v27.5 - https:\/\/yoast.com\/product\/yoast-seo-wordpress\/ -->\n<title>Oficinas Reuniones | Espacios - tudomicilioenundia<\/title>\n<meta name=\"robots\" content=\"index, follow, max-snippet:-1, max-image-preview:large, max-video-preview:-1\" \/>\n<link rel=\"canonical\" href=\"https:\/\/tudomicilioenundia.cl\/antofagasta\/oficinas-reuniones\/\" \/>\n<meta property=\"og:locale\" content=\"es_ES\" \/>\n<meta property=\"og:type\" content=\"article\" \/>\n<meta property=\"og:title\" content=\"Oficinas Reuniones | Espacios - tudomicilioenundia\" \/>\n<meta property=\"og:description\" content=\"Tu Sala Perfecta: Reserva en Minutos Reserva ahora Sala de Reuni\u00f3n 1 Equipamiento: \u00a0\u2022 Mesa de reuniones para 6 personas moderna | Proyector Epson | Wifi de alta velocidad 500Mbps sim\u00e9trico | Aire acondicionado | Acceso a impresiones | Insumos de oficina y pizarra | Coffee autoservicio | Recepci\u00f3n espera | Edificio empresarial. Sala de\" \/>\n<meta property=\"og:url\" content=\"https:\/\/tudomicilioenundia.cl\/antofagasta\/oficinas-reuniones\/\" \/>\n<meta property=\"og:site_name\" content=\"tudomicilioenundia\" \/>\n<meta property=\"article:modified_time\" content=\"2025-10-24T18:21:30+00:00\" \/>\n<meta property=\"og:image\" content=\"https:\/\/tudomicilioenundia.cl\/antofagasta\/wp-content\/uploads\/2024\/12\/sala-proyector.jpeg\" \/>\n<meta name=\"twitter:card\" content=\"summary_large_image\" \/>\n<script type=\"application\/ld+json\" class=\"yoast-schema-graph\">{\"@context\":\"https:\\\/\\\/schema.org\",\"@graph\":[{\"@type\":\"WebPage\",\"@id\":\"https:\\\/\\\/tudomicilioenundia.cl\\\/antofagasta\\\/oficinas-reuniones\\\/\",\"url\":\"https:\\\/\\\/tudomicilioenundia.cl\\\/antofagasta\\\/oficinas-reuniones\\\/\",\"name\":\"Oficinas Reuniones | Espacios - tudomicilioenundia\",\"isPartOf\":{\"@id\":\"https:\\\/\\\/tudomicilioenundia.cl\\\/antofagasta\\\/#website\"},\"primaryImageOfPage\":{\"@id\":\"https:\\\/\\\/tudomicilioenundia.cl\\\/antofagasta\\\/oficinas-reuniones\\\/#primaryimage\"},\"image\":{\"@id\":\"https:\\\/\\\/tudomicilioenundia.cl\\\/antofagasta\\\/oficinas-reuniones\\\/#primaryimage\"},\"thumbnailUrl\":\"https:\\\/\\\/tudomicilioenundia.cl\\\/antofagasta\\\/wp-content\\\/uploads\\\/2024\\\/12\\\/sala-proyector.jpeg\",\"datePublished\":\"2020-08-29T08:21:29+00:00\",\"dateModified\":\"2025-10-24T18:21:30+00:00\",\"breadcrumb\":{\"@id\":\"https:\\\/\\\/tudomicilioenundia.cl\\\/antofagasta\\\/oficinas-reuniones\\\/#breadcrumb\"},\"inLanguage\":\"es\",\"potentialAction\":[{\"@type\":\"ReadAction\",\"target\":[\"https:\\\/\\\/tudomicilioenundia.cl\\\/antofagasta\\\/oficinas-reuniones\\\/\"]}]},{\"@type\":\"ImageObject\",\"inLanguage\":\"es\",\"@id\":\"https:\\\/\\\/tudomicilioenundia.cl\\\/antofagasta\\\/oficinas-reuniones\\\/#primaryimage\",\"url\":\"https:\\\/\\\/tudomicilioenundia.cl\\\/antofagasta\\\/wp-content\\\/uploads\\\/2024\\\/12\\\/sala-proyector.jpeg\",\"contentUrl\":\"https:\\\/\\\/tudomicilioenundia.cl\\\/antofagasta\\\/wp-content\\\/uploads\\\/2024\\\/12\\\/sala-proyector.jpeg\"},{\"@type\":\"BreadcrumbList\",\"@id\":\"https:\\\/\\\/tudomicilioenundia.cl\\\/antofagasta\\\/oficinas-reuniones\\\/#breadcrumb\",\"itemListElement\":[{\"@type\":\"ListItem\",\"position\":1,\"name\":\"Portada\",\"item\":\"https:\\\/\\\/tudomicilioenundia.cl\\\/antofagasta\\\/\"},{\"@type\":\"ListItem\",\"position\":2,\"name\":\"Oficinas Reuniones | Espacios\"}]},{\"@type\":\"WebSite\",\"@id\":\"https:\\\/\\\/tudomicilioenundia.cl\\\/antofagasta\\\/#website\",\"url\":\"https:\\\/\\\/tudomicilioenundia.cl\\\/antofagasta\\\/\",\"name\":\"tudomicilioenundia\",\"description\":\"Domicilio Comercial y Tributario\",\"publisher\":{\"@id\":\"https:\\\/\\\/tudomicilioenundia.cl\\\/antofagasta\\\/#organization\"},\"potentialAction\":[{\"@type\":\"SearchAction\",\"target\":{\"@type\":\"EntryPoint\",\"urlTemplate\":\"https:\\\/\\\/tudomicilioenundia.cl\\\/antofagasta\\\/?s={search_term_string}\"},\"query-input\":{\"@type\":\"PropertyValueSpecification\",\"valueRequired\":true,\"valueName\":\"search_term_string\"}}],\"inLanguage\":\"es\"},{\"@type\":\"Organization\",\"@id\":\"https:\\\/\\\/tudomicilioenundia.cl\\\/antofagasta\\\/#organization\",\"name\":\"Tudomicilioenundia\",\"url\":\"https:\\\/\\\/tudomicilioenundia.cl\\\/antofagasta\\\/\",\"logo\":{\"@type\":\"ImageObject\",\"inLanguage\":\"es\",\"@id\":\"https:\\\/\\\/tudomicilioenundia.cl\\\/antofagasta\\\/#\\\/schema\\\/logo\\\/image\\\/\",\"url\":\"https:\\\/\\\/tudomicilioenundia.cl\\\/antofagasta\\\/wp-content\\\/uploads\\\/2024\\\/09\\\/tudomicilioenundia.png\",\"contentUrl\":\"https:\\\/\\\/tudomicilioenundia.cl\\\/antofagasta\\\/wp-content\\\/uploads\\\/2024\\\/09\\\/tudomicilioenundia.png\",\"width\":1794,\"height\":859,\"caption\":\"Tudomicilioenundia\"},\"image\":{\"@id\":\"https:\\\/\\\/tudomicilioenundia.cl\\\/antofagasta\\\/#\\\/schema\\\/logo\\\/image\\\/\"},\"sameAs\":[\"https:\\\/\\\/www.instagram.com\\\/tu.domicilioenundia\\\/\"]}]}<\/script>\n<!-- \/ Yoast SEO plugin. -->","yoast_head_json":{"title":"Oficinas Reuniones | Espacios - tudomicilioenundia","robots":{"index":"index","follow":"follow","max-snippet":"max-snippet:-1","max-image-preview":"max-image-preview:large","max-video-preview":"max-video-preview:-1"},"canonical":"https:\/\/tudomicilioenundia.cl\/antofagasta\/oficinas-reuniones\/","og_locale":"es_ES","og_type":"article","og_title":"Oficinas Reuniones | Espacios - tudomicilioenundia","og_description":"Tu Sala Perfecta: Reserva en Minutos Reserva ahora Sala de Reuni\u00f3n 1 Equipamiento: \u00a0\u2022 Mesa de reuniones para 6 personas moderna | Proyector Epson | Wifi de alta velocidad 500Mbps sim\u00e9trico | Aire acondicionado | Acceso a impresiones | Insumos de oficina y pizarra | Coffee autoservicio | Recepci\u00f3n espera | Edificio empresarial. Sala de","og_url":"https:\/\/tudomicilioenundia.cl\/antofagasta\/oficinas-reuniones\/","og_site_name":"tudomicilioenundia","article_modified_time":"2025-10-24T18:21:30+00:00","og_image":[{"url":"https:\/\/tudomicilioenundia.cl\/antofagasta\/wp-content\/uploads\/2024\/12\/sala-proyector.jpeg","type":"","width":"","height":""}],"twitter_card":"summary_large_image","schema":{"@context":"https:\/\/schema.org","@graph":[{"@type":"WebPage","@id":"https:\/\/tudomicilioenundia.cl\/antofagasta\/oficinas-reuniones\/","url":"https:\/\/tudomicilioenundia.cl\/antofagasta\/oficinas-reuniones\/","name":"Oficinas Reuniones | Espacios - tudomicilioenundia","isPartOf":{"@id":"https:\/\/tudomicilioenundia.cl\/antofagasta\/#website"},"primaryImageOfPage":{"@id":"https:\/\/tudomicilioenundia.cl\/antofagasta\/oficinas-reuniones\/#primaryimage"},"image":{"@id":"https:\/\/tudomicilioenundia.cl\/antofagasta\/oficinas-reuniones\/#primaryimage"},"thumbnailUrl":"https:\/\/tudomicilioenundia.cl\/antofagasta\/wp-content\/uploads\/2024\/12\/sala-proyector.jpeg","datePublished":"2020-08-29T08:21:29+00:00","dateModified":"2025-10-24T18:21:30+00:00","breadcrumb":{"@id":"https:\/\/tudomicilioenundia.cl\/antofagasta\/oficinas-reuniones\/#breadcrumb"},"inLanguage":"es","potentialAction":[{"@type":"ReadAction","target":["https:\/\/tudomicilioenundia.cl\/antofagasta\/oficinas-reuniones\/"]}]},{"@type":"ImageObject","inLanguage":"es","@id":"https:\/\/tudomicilioenundia.cl\/antofagasta\/oficinas-reuniones\/#primaryimage","url":"https:\/\/tudomicilioenundia.cl\/antofagasta\/wp-content\/uploads\/2024\/12\/sala-proyector.jpeg","contentUrl":"https:\/\/tudomicilioenundia.cl\/antofagasta\/wp-content\/uploads\/2024\/12\/sala-proyector.jpeg"},{"@type":"BreadcrumbList","@id":"https:\/\/tudomicilioenundia.cl\/antofagasta\/oficinas-reuniones\/#breadcrumb","itemListElement":[{"@type":"ListItem","position":1,"name":"Portada","item":"https:\/\/tudomicilioenundia.cl\/antofagasta\/"},{"@type":"ListItem","position":2,"name":"Oficinas Reuniones | Espacios"}]},{"@type":"WebSite","@id":"https:\/\/tudomicilioenundia.cl\/antofagasta\/#website","url":"https:\/\/tudomicilioenundia.cl\/antofagasta\/","name":"tudomicilioenundia","description":"Domicilio Comercial y Tributario","publisher":{"@id":"https:\/\/tudomicilioenundia.cl\/antofagasta\/#organization"},"potentialAction":[{"@type":"SearchAction","target":{"@type":"EntryPoint","urlTemplate":"https:\/\/tudomicilioenundia.cl\/antofagasta\/?s={search_term_string}"},"query-input":{"@type":"PropertyValueSpecification","valueRequired":true,"valueName":"search_term_string"}}],"inLanguage":"es"},{"@type":"Organization","@id":"https:\/\/tudomicilioenundia.cl\/antofagasta\/#organization","name":"Tudomicilioenundia","url":"https:\/\/tudomicilioenundia.cl\/antofagasta\/","logo":{"@type":"ImageObject","inLanguage":"es","@id":"https:\/\/tudomicilioenundia.cl\/antofagasta\/#\/schema\/logo\/image\/","url":"https:\/\/tudomicilioenundia.cl\/antofagasta\/wp-content\/uploads\/2024\/09\/tudomicilioenundia.png","contentUrl":"https:\/\/tudomicilioenundia.cl\/antofagasta\/wp-content\/uploads\/2024\/09\/tudomicilioenundia.png","width":1794,"height":859,"caption":"Tudomicilioenundia"},"image":{"@id":"https:\/\/tudomicilioenundia.cl\/antofagasta\/#\/schema\/logo\/image\/"},"sameAs":["https:\/\/www.instagram.com\/tu.domicilioenundia\/"]}]}},"_links":{"self":[{"href":"https:\/\/tudomicilioenundia.cl\/antofagasta\/wp-json\/wp\/v2\/pages\/11118","targetHints":{"allow":["GET"]}}],"collection":[{"href":"https:\/\/tudomicilioenundia.cl\/antofagasta\/wp-json\/wp\/v2\/pages"}],"about":[{"href":"https:\/\/tudomicilioenundia.cl\/antofagasta\/wp-json\/wp\/v2\/types\/page"}],"author":[{"embeddable":true,"href":"https:\/\/tudomicilioenundia.cl\/antofagasta\/wp-json\/wp\/v2\/users\/1"}],"replies":[{"embeddable":true,"href":"https:\/\/tudomicilioenundia.cl\/antofagasta\/wp-json\/wp\/v2\/comments?post=11118"}],"version-history":[{"count":85,"href":"https:\/\/tudomicilioenundia.cl\/antofagasta\/wp-json\/wp\/v2\/pages\/11118\/revisions"}],"predecessor-version":[{"id":32152,"href":"https:\/\/tudomicilioenundia.cl\/antofagasta\/wp-json\/wp\/v2\/pages\/11118\/revisions\/32152"}],"wp:attachment":[{"href":"https:\/\/tudomicilioenundia.cl\/antofagasta\/wp-json\/wp\/v2\/media?parent=11118"}],"curies":[{"name":"wp","href":"https:\/\/api.w.org\/{rel}","templated":true}]}}