{"id":15683,"date":"2021-07-04T10:45:54","date_gmt":"2021-07-04T14:45:54","guid":{"rendered":"https:\/\/tudomicilioenundia.cl\/antofagasta\/?page_id=15683"},"modified":"2025-10-24T14:39:36","modified_gmt":"2025-10-24T17:39:36","slug":"servicios-empresariales","status":"publish","type":"page","link":"https:\/\/tudomicilioenundia.cl\/antofagasta\/servicios-empresariales\/","title":{"rendered":"Constituci\u00f3n Empresas | Inicio de actividades SII | Tramitaci\u00f3n Patente Municipal"},"content":{"rendered":"<section class=\"kc-elm kc-css-575990 kc_row\"><div class=\"kc-row-container  kc-container\"><div class=\"kc-wrap-columns\"><div class=\"kc-elm kc-css-580973 kc_col-sm-12 kc_column kc_col-sm-12\"><div class=\"kc-col-container\"><div class=\"kc-elm kc-css-625159\" style=\"height: 40px; clear: both; width:100%;\"><\/div><div class=\"kc-elm kc-css-253562 kc_text_block\"><h2 style=\"text-align: center;\"><b>Servicios para<\/b>\u00a0Pymes<\/h2>\n<\/div><div class=\"kc-elm kc-css-454668\" style=\"height: 20px; clear: both; width:100%;\"><\/div><\/div><\/div><\/div><\/div><\/section><section class=\"kc-elm kc-css-615865 kc_row\"><div class=\"kc-row-container  kc-container\"><div class=\"kc-wrap-columns\"><div class=\"kc-elm kc-css-736699 kc_col-sm-4 kc_column kc_col-sm-4\"><div class=\"kc-col-container\"><\/div><\/div><div class=\"kc-elm kc-css-926634 kc_col-sm-4 kc_column kc_col-sm-4\"><div class=\"kc-col-container\"><div class=\"kc-elm kc-css-479761 kc_text_block\"><div class=\"wp-block-columns\">\n<div class=\"wp-block-column\" style=\"flex-basis: 70%;\">\n<div class=\"wp-block-media-text alignwide has-media-on-the-right is-stacked-on-mobile\">\n<figure class=\"wp-block-media-text__media\"><img decoding=\"async\" class=\"wp-image-9241 size-medium\" src=\"https:\/\/tudomicilioenundia.cl\/laserena\/wp-content\/uploads\/2021\/07\/tuempresaenundia-1.png\" alt=\"\" \/><\/figure>\n<div class=\"wp-block-media-text__content\">\n<\/p>\n<h2><strong>Constituci\u00f3n de Empresas<\/strong><\/h2>\n<p>Constituimos las principales sociedades de forma r\u00e1pida y sencilla a trav\u00e9s de <a href=\"http:\/\/www.tuempresaenundia.cl\" target=\"_new\" rel=\"noopener\">www.tuempresaenundia.cl<\/a>.<\/p>\n<ul>\n<li>Empresa Individual de Responsabilidad Limitada (E.I.R.L.)<\/li>\n<li>Sociedad de Responsabilidad Limitada (LTDA)<\/li>\n<li>Sociedad por Acciones (SpA)<\/li>\n<\/ul>\n<p><strong>\u00a1T\u00fa eliges el tipo de sociedad y nosotros nos encargamos del resto!<\/strong><\/p>\n<\/p>\n<p class=\"has-text-color\" style=\"color: #027df1;\"><del>$75.000<\/del><strong>\u00a0<ins><strong><bdi><strong>$65<\/strong>.000<\/bdi><\/strong><\/ins><\/strong><\/p>\n<\/p>\n<div class=\"wp-block-buttons is-layout-flex wp-block-buttons-is-layout-flex\">\n<div class=\"wp-block-button\"><a class=\"wp-block-button__link has-background\" style=\"background-color: #027df1;\" href=\"https:\/\/tudomicilioenundia.cl\/antofagasta\/servicios-empresariales\/?add-to-cart=2632\">Comprar Online<\/a><\/div>\n<\/div>\n<\/div>\n<\/div>\n<\/div>\n<\/div>\n<\/div>\n<div class=\"kc-elm kc-css-921996 divider_line\">\n\t<div class=\"divider_inner divider_line1\">\n\t\t\t<\/div>\n<\/div>\n<div class=\"kc-elm kc-css-233664 kc_text_block\"><div class=\"wp-block-columns\">\n<div class=\"wp-block-column\" style=\"flex-basis: 70%;\">\n<div class=\"wp-block-media-text alignwide has-media-on-the-right is-stacked-on-mobile\">\n<figure class=\"wp-block-media-text__media\"><img loading=\"lazy\" decoding=\"async\" class=\"alignnone size-medium\" src=\"https:\/\/tudomicilioenundia.cl\/antofagasta\/wp-content\/uploads\/2024\/10\/sii-tudomicilioenundia-1.png\" alt=\"\" width=\"1000\" height=\"368\" \/><\/figure>\n<div class=\"wp-block-media-text__content\">\n<\/p>\n<h3><strong>Inicio de Actividades ante el Servicio de Impuestos Internos (<a href=\"http:\/\/www.sii.cl\" target=\"_new\" rel=\"noopener\">www.sii.cl<\/a>)<\/strong><\/h3>\n<ul>\n<li>Asesor\u00eda personalizada para la sugerencia de giro(s) seg\u00fan tu actividad comercial.<\/li>\n<li>Tramitaci\u00f3n completa y r\u00e1pida a trav\u00e9s de internet.<\/li>\n<li>Obtenci\u00f3n de tu Rol \u00danico Tributario (RUT) en caso de no tenerlo.<\/li>\n<\/ul>\n<p>Deja en nuestras manos los tr\u00e1mites contables, y comienza tu negocio con total tranquilidad.<\/p>\n<\/p>\n<p class=\"has-text-color\" style=\"color: #027df1;\"><del>$35.000<\/del><strong>\u00a0<ins><strong><bdi><strong>$2<\/strong>5.000<\/bdi><\/strong><\/ins><\/strong><\/p>\n<\/p>\n<div class=\"wp-block-buttons is-layout-flex wp-block-buttons-is-layout-flex\">\n<div class=\"wp-block-button\"><a class=\"wp-block-button__link has-background\" style=\"background-color: #027df1;\" href=\"https:\/\/tudomicilioenundia.cl\/antofagasta\/servicios-empresariales\/?add-to-cart=8851\">Comprar Online<\/a><\/div>\n<\/div>\n<\/div>\n<\/div>\n<\/div>\n<\/div>\n<\/div>\n<div class=\"kc-elm kc-css-423494 divider_line\">\n\t<div class=\"divider_inner divider_line1\">\n\t\t\t<\/div>\n<\/div>\n<div class=\"kc-elm kc-css-983512 kc_text_block\"><div class=\"wp-block-columns\">\n<div class=\"wp-block-column\" style=\"flex-basis: 70%;\">\n<div class=\"wp-block-media-text alignwide has-media-on-the-right is-stacked-on-mobile\">\n<figure class=\"wp-block-media-text__media\"><img loading=\"lazy\" decoding=\"async\" class=\"alignnone size-medium\" src=\"https:\/\/tudomicilioenundia.cl\/antofagasta\/wp-content\/uploads\/2024\/10\/municipalidad-antofagata-tudomicilioenundia.png\" alt=\"\" width=\"512\" height=\"191\" \/><\/figure>\n<div class=\"wp-block-media-text__content\">\n<\/p>\n<h3 class=\"has-large-font-size\"><strong>Tramitaci\u00f3n Patente Municipal<\/strong><\/h3>\n<\/p>\n<p>Nos encargamos de gestionar tu patente ante la Ilustre Municipalidad de Antofagasta, asegurando un proceso \u00e1gil y sin complicaciones. \u00a1D\u00e9janos el papeleo y conc\u00e9ntrate en tu negocio!<\/p>\n<\/p>\n<\/p>\n<p class=\"has-text-color\" style=\"color: #027df1;\"><del>$85.000<\/del><strong>\u00a0<ins><strong><bdi><strong>$6<\/strong>5.000<\/bdi><\/strong><\/ins><\/strong><\/p>\n<\/p>\n<div class=\"wp-block-buttons is-layout-flex wp-block-buttons-is-layout-flex\">\n<div class=\"wp-block-button\"><a class=\"wp-block-button__link has-background\" style=\"background-color: #027df1;\" href=\"https:\/\/tudomicilioenundia.cl\/antofagasta\/servicios-empresariales\/?add-to-cart=28605\">Comprar Online<\/a><\/div>\n<\/p>\n<\/div>\n<\/div>\n<\/div>\n<\/div>\n<\/p>\n<div class=\"wp-block-column is-layout-flow wp-block-column-is-layout-flow\" style=\"flex-basis: 15%;\">\u00a0<\/div>\n<\/div>\n<\/div><\/div><\/div><div class=\"kc-elm kc-css-449844 kc_col-sm-4 kc_column kc_col-sm-4\"><div class=\"kc-col-container\"><\/div><\/div><\/div><\/div><\/section>","protected":false},"excerpt":{"rendered":"","protected":false},"author":1,"featured_media":0,"parent":0,"menu_order":0,"comment_status":"closed","ping_status":"closed","template":"tpl-footer_v2.php","meta":{"footnotes":""},"class_list":["post-15683","page","type-page","status-publish","hentry"],"yoast_head":"<!-- This site is optimized with the Yoast SEO plugin v27.5 - https:\/\/yoast.com\/product\/yoast-seo-wordpress\/ -->\n<title>Constituci\u00f3n Empresas | Inicio de actividades SII | Tramitaci\u00f3n Patente Municipal - tudomicilioenundia<\/title>\n<meta name=\"description\" content=\"Al emprender deber\u00e1s constituir una Empresa y realizar inicio de actividades ante el Servicio de Impuestos Internos, \u00a1Hazlo desde $24.990!\" \/>\n<meta name=\"robots\" content=\"index, follow, max-snippet:-1, max-image-preview:large, max-video-preview:-1\" \/>\n<link rel=\"canonical\" href=\"https:\/\/tudomicilioenundia.cl\/antofagasta\/servicios-empresariales\/\" \/>\n<meta property=\"og:locale\" content=\"es_ES\" \/>\n<meta property=\"og:type\" content=\"article\" \/>\n<meta property=\"og:title\" content=\"Constituci\u00f3n Empresas | Inicio de actividades SII | Tramitaci\u00f3n Patente Municipal - tudomicilioenundia\" \/>\n<meta property=\"og:description\" content=\"Al emprender deber\u00e1s constituir una Empresa y realizar inicio de actividades ante el Servicio de Impuestos Internos, \u00a1Hazlo desde $24.990!\" \/>\n<meta property=\"og:url\" content=\"https:\/\/tudomicilioenundia.cl\/antofagasta\/servicios-empresariales\/\" \/>\n<meta property=\"og:site_name\" content=\"tudomicilioenundia\" \/>\n<meta property=\"article:modified_time\" content=\"2025-10-24T17:39:36+00:00\" \/>\n<meta name=\"twitter:card\" content=\"summary_large_image\" \/>\n<meta name=\"twitter:label1\" content=\"Tiempo de lectura\" \/>\n\t<meta name=\"twitter:data1\" content=\"1 minuto\" \/>\n<script type=\"application\/ld+json\" class=\"yoast-schema-graph\">{\"@context\":\"https:\\\/\\\/schema.org\",\"@graph\":[{\"@type\":\"WebPage\",\"@id\":\"https:\\\/\\\/tudomicilioenundia.cl\\\/antofagasta\\\/servicios-empresariales\\\/\",\"url\":\"https:\\\/\\\/tudomicilioenundia.cl\\\/antofagasta\\\/servicios-empresariales\\\/\",\"name\":\"Constituci\u00f3n Empresas | Inicio de actividades SII | Tramitaci\u00f3n Patente Municipal - tudomicilioenundia\",\"isPartOf\":{\"@id\":\"https:\\\/\\\/tudomicilioenundia.cl\\\/antofagasta\\\/#website\"},\"primaryImageOfPage\":{\"@id\":\"https:\\\/\\\/tudomicilioenundia.cl\\\/antofagasta\\\/servicios-empresariales\\\/#primaryimage\"},\"image\":{\"@id\":\"https:\\\/\\\/tudomicilioenundia.cl\\\/antofagasta\\\/servicios-empresariales\\\/#primaryimage\"},\"thumbnailUrl\":\"https:\\\/\\\/tudomicilioenundia.cl\\\/laserena\\\/wp-content\\\/uploads\\\/2021\\\/07\\\/tuempresaenundia-1.png\",\"datePublished\":\"2021-07-04T14:45:54+00:00\",\"dateModified\":\"2025-10-24T17:39:36+00:00\",\"description\":\"Al emprender deber\u00e1s constituir una Empresa y realizar inicio de actividades ante el Servicio de Impuestos Internos, \u00a1Hazlo desde $24.990!\",\"breadcrumb\":{\"@id\":\"https:\\\/\\\/tudomicilioenundia.cl\\\/antofagasta\\\/servicios-empresariales\\\/#breadcrumb\"},\"inLanguage\":\"es\",\"potentialAction\":[{\"@type\":\"ReadAction\",\"target\":[\"https:\\\/\\\/tudomicilioenundia.cl\\\/antofagasta\\\/servicios-empresariales\\\/\"]}]},{\"@type\":\"ImageObject\",\"inLanguage\":\"es\",\"@id\":\"https:\\\/\\\/tudomicilioenundia.cl\\\/antofagasta\\\/servicios-empresariales\\\/#primaryimage\",\"url\":\"https:\\\/\\\/tudomicilioenundia.cl\\\/laserena\\\/wp-content\\\/uploads\\\/2021\\\/07\\\/tuempresaenundia-1.png\",\"contentUrl\":\"https:\\\/\\\/tudomicilioenundia.cl\\\/laserena\\\/wp-content\\\/uploads\\\/2021\\\/07\\\/tuempresaenundia-1.png\"},{\"@type\":\"BreadcrumbList\",\"@id\":\"https:\\\/\\\/tudomicilioenundia.cl\\\/antofagasta\\\/servicios-empresariales\\\/#breadcrumb\",\"itemListElement\":[{\"@type\":\"ListItem\",\"position\":1,\"name\":\"Portada\",\"item\":\"https:\\\/\\\/tudomicilioenundia.cl\\\/antofagasta\\\/\"},{\"@type\":\"ListItem\",\"position\":2,\"name\":\"Constituci\u00f3n Empresas | Inicio de actividades SII | Tramitaci\u00f3n Patente Municipal\"}]},{\"@type\":\"WebSite\",\"@id\":\"https:\\\/\\\/tudomicilioenundia.cl\\\/antofagasta\\\/#website\",\"url\":\"https:\\\/\\\/tudomicilioenundia.cl\\\/antofagasta\\\/\",\"name\":\"tudomicilioenundia\",\"description\":\"Domicilio Comercial y Tributario\",\"publisher\":{\"@id\":\"https:\\\/\\\/tudomicilioenundia.cl\\\/antofagasta\\\/#organization\"},\"potentialAction\":[{\"@type\":\"SearchAction\",\"target\":{\"@type\":\"EntryPoint\",\"urlTemplate\":\"https:\\\/\\\/tudomicilioenundia.cl\\\/antofagasta\\\/?s={search_term_string}\"},\"query-input\":{\"@type\":\"PropertyValueSpecification\",\"valueRequired\":true,\"valueName\":\"search_term_string\"}}],\"inLanguage\":\"es\"},{\"@type\":\"Organization\",\"@id\":\"https:\\\/\\\/tudomicilioenundia.cl\\\/antofagasta\\\/#organization\",\"name\":\"Tudomicilioenundia\",\"url\":\"https:\\\/\\\/tudomicilioenundia.cl\\\/antofagasta\\\/\",\"logo\":{\"@type\":\"ImageObject\",\"inLanguage\":\"es\",\"@id\":\"https:\\\/\\\/tudomicilioenundia.cl\\\/antofagasta\\\/#\\\/schema\\\/logo\\\/image\\\/\",\"url\":\"https:\\\/\\\/tudomicilioenundia.cl\\\/antofagasta\\\/wp-content\\\/uploads\\\/2024\\\/09\\\/tudomicilioenundia.png\",\"contentUrl\":\"https:\\\/\\\/tudomicilioenundia.cl\\\/antofagasta\\\/wp-content\\\/uploads\\\/2024\\\/09\\\/tudomicilioenundia.png\",\"width\":1794,\"height\":859,\"caption\":\"Tudomicilioenundia\"},\"image\":{\"@id\":\"https:\\\/\\\/tudomicilioenundia.cl\\\/antofagasta\\\/#\\\/schema\\\/logo\\\/image\\\/\"},\"sameAs\":[\"https:\\\/\\\/www.instagram.com\\\/tu.domicilioenundia\\\/\"]}]}<\/script>\n<!-- \/ Yoast SEO plugin. -->","yoast_head_json":{"title":"Constituci\u00f3n Empresas | Inicio de actividades SII | Tramitaci\u00f3n Patente Municipal - tudomicilioenundia","description":"Al emprender deber\u00e1s constituir una Empresa y realizar inicio de actividades ante el Servicio de Impuestos Internos, \u00a1Hazlo desde $24.990!","robots":{"index":"index","follow":"follow","max-snippet":"max-snippet:-1","max-image-preview":"max-image-preview:large","max-video-preview":"max-video-preview:-1"},"canonical":"https:\/\/tudomicilioenundia.cl\/antofagasta\/servicios-empresariales\/","og_locale":"es_ES","og_type":"article","og_title":"Constituci\u00f3n Empresas | Inicio de actividades SII | Tramitaci\u00f3n Patente Municipal - tudomicilioenundia","og_description":"Al emprender deber\u00e1s constituir una Empresa y realizar inicio de actividades ante el Servicio de Impuestos Internos, \u00a1Hazlo desde $24.990!","og_url":"https:\/\/tudomicilioenundia.cl\/antofagasta\/servicios-empresariales\/","og_site_name":"tudomicilioenundia","article_modified_time":"2025-10-24T17:39:36+00:00","twitter_card":"summary_large_image","twitter_misc":{"Tiempo de lectura":"1 minuto"},"schema":{"@context":"https:\/\/schema.org","@graph":[{"@type":"WebPage","@id":"https:\/\/tudomicilioenundia.cl\/antofagasta\/servicios-empresariales\/","url":"https:\/\/tudomicilioenundia.cl\/antofagasta\/servicios-empresariales\/","name":"Constituci\u00f3n Empresas | Inicio de actividades SII | Tramitaci\u00f3n Patente Municipal - tudomicilioenundia","isPartOf":{"@id":"https:\/\/tudomicilioenundia.cl\/antofagasta\/#website"},"primaryImageOfPage":{"@id":"https:\/\/tudomicilioenundia.cl\/antofagasta\/servicios-empresariales\/#primaryimage"},"image":{"@id":"https:\/\/tudomicilioenundia.cl\/antofagasta\/servicios-empresariales\/#primaryimage"},"thumbnailUrl":"https:\/\/tudomicilioenundia.cl\/laserena\/wp-content\/uploads\/2021\/07\/tuempresaenundia-1.png","datePublished":"2021-07-04T14:45:54+00:00","dateModified":"2025-10-24T17:39:36+00:00","description":"Al emprender deber\u00e1s constituir una Empresa y realizar inicio de actividades ante el Servicio de Impuestos Internos, \u00a1Hazlo desde $24.990!","breadcrumb":{"@id":"https:\/\/tudomicilioenundia.cl\/antofagasta\/servicios-empresariales\/#breadcrumb"},"inLanguage":"es","potentialAction":[{"@type":"ReadAction","target":["https:\/\/tudomicilioenundia.cl\/antofagasta\/servicios-empresariales\/"]}]},{"@type":"ImageObject","inLanguage":"es","@id":"https:\/\/tudomicilioenundia.cl\/antofagasta\/servicios-empresariales\/#primaryimage","url":"https:\/\/tudomicilioenundia.cl\/laserena\/wp-content\/uploads\/2021\/07\/tuempresaenundia-1.png","contentUrl":"https:\/\/tudomicilioenundia.cl\/laserena\/wp-content\/uploads\/2021\/07\/tuempresaenundia-1.png"},{"@type":"BreadcrumbList","@id":"https:\/\/tudomicilioenundia.cl\/antofagasta\/servicios-empresariales\/#breadcrumb","itemListElement":[{"@type":"ListItem","position":1,"name":"Portada","item":"https:\/\/tudomicilioenundia.cl\/antofagasta\/"},{"@type":"ListItem","position":2,"name":"Constituci\u00f3n Empresas | Inicio de actividades SII | Tramitaci\u00f3n Patente Municipal"}]},{"@type":"WebSite","@id":"https:\/\/tudomicilioenundia.cl\/antofagasta\/#website","url":"https:\/\/tudomicilioenundia.cl\/antofagasta\/","name":"tudomicilioenundia","description":"Domicilio Comercial y Tributario","publisher":{"@id":"https:\/\/tudomicilioenundia.cl\/antofagasta\/#organization"},"potentialAction":[{"@type":"SearchAction","target":{"@type":"EntryPoint","urlTemplate":"https:\/\/tudomicilioenundia.cl\/antofagasta\/?s={search_term_string}"},"query-input":{"@type":"PropertyValueSpecification","valueRequired":true,"valueName":"search_term_string"}}],"inLanguage":"es"},{"@type":"Organization","@id":"https:\/\/tudomicilioenundia.cl\/antofagasta\/#organization","name":"Tudomicilioenundia","url":"https:\/\/tudomicilioenundia.cl\/antofagasta\/","logo":{"@type":"ImageObject","inLanguage":"es","@id":"https:\/\/tudomicilioenundia.cl\/antofagasta\/#\/schema\/logo\/image\/","url":"https:\/\/tudomicilioenundia.cl\/antofagasta\/wp-content\/uploads\/2024\/09\/tudomicilioenundia.png","contentUrl":"https:\/\/tudomicilioenundia.cl\/antofagasta\/wp-content\/uploads\/2024\/09\/tudomicilioenundia.png","width":1794,"height":859,"caption":"Tudomicilioenundia"},"image":{"@id":"https:\/\/tudomicilioenundia.cl\/antofagasta\/#\/schema\/logo\/image\/"},"sameAs":["https:\/\/www.instagram.com\/tu.domicilioenundia\/"]}]}},"_links":{"self":[{"href":"https:\/\/tudomicilioenundia.cl\/antofagasta\/wp-json\/wp\/v2\/pages\/15683","targetHints":{"allow":["GET"]}}],"collection":[{"href":"https:\/\/tudomicilioenundia.cl\/antofagasta\/wp-json\/wp\/v2\/pages"}],"about":[{"href":"https:\/\/tudomicilioenundia.cl\/antofagasta\/wp-json\/wp\/v2\/types\/page"}],"author":[{"embeddable":true,"href":"https:\/\/tudomicilioenundia.cl\/antofagasta\/wp-json\/wp\/v2\/users\/1"}],"replies":[{"embeddable":true,"href":"https:\/\/tudomicilioenundia.cl\/antofagasta\/wp-json\/wp\/v2\/comments?post=15683"}],"version-history":[{"count":87,"href":"https:\/\/tudomicilioenundia.cl\/antofagasta\/wp-json\/wp\/v2\/pages\/15683\/revisions"}],"predecessor-version":[{"id":28608,"href":"https:\/\/tudomicilioenundia.cl\/antofagasta\/wp-json\/wp\/v2\/pages\/15683\/revisions\/28608"}],"wp:attachment":[{"href":"https:\/\/tudomicilioenundia.cl\/antofagasta\/wp-json\/wp\/v2\/media?parent=15683"}],"curies":[{"name":"wp","href":"https:\/\/api.w.org\/{rel}","templated":true}]}}