{"id":2425,"date":"2019-05-03T06:56:04","date_gmt":"2019-05-03T10:56:04","guid":{"rendered":"https:\/\/ovpoficinasvirtualpyme.cl\/antofagasta\/?page_id=2425"},"modified":"2026-01-30T14:08:15","modified_gmt":"2026-01-30T17:08:15","slug":"paquetes-horas","status":"publish","type":"page","link":"https:\/\/tudomicilioenundia.cl\/antofagasta\/paquetes-horas\/","title":{"rendered":"Arriendo de Salas y Oficinas en Antofagasta | Espacios Privados"},"content":{"rendered":"<p><section class=\"kc-elm kc-css-237207 kc_row\"><div class=\"kc-row-container  kc-container\"><div class=\"kc-wrap-columns\"><div class=\"kc-elm kc-css-376120 kc_col-sm-12 kc_column kc_col-sm-12\"><div class=\"kc-col-container\"><!-- About Us -->\n<div class=\"section-full content-inner exp-services\">\n    <div class=\"container\">\n        <div class=\"row\">\n            <div class=\"col-lg-12\">\n                <div class=\"section-head text-black text-center\">\n                    <h4 class=\"text-gray-dark font-weight-500 m-b10\"><\/h4>\n                    <h2 class=\"box-title m-tb0\">Reservas y Paquetes Prepago<span class=\"bg-primary\"><\/span><\/h2>\n                    <p class=\"font-weight-300 font-18\">Nuestras instalaciones est\u00e1n ubicadas en el coraz\u00f3n del sector ejecutivo de Antofagasta, ofreciendo f\u00e1cil acceso y un entorno de prestigio para tu empresa.<\/p>\n                <\/div>\n                <div class=\"row serv\">\n                    \n                                        \n                <\/div>\n            <\/div>\n        <\/div>\n    <\/div>\n<\/div>\n<\/div><\/div><\/div><\/div><\/section><section class=\"kc-elm kc-css-324406 kc_row\"><div class=\"kc-row-container  kc-container\"><div class=\"kc-wrap-columns\"><div class=\"kc-elm kc-css-409579 kc_col-sm-12 kc_column kc_col-sm-12\"><div class=\"kc-col-container\"><!-- Pricing Table -->\n<div class=\"section-full content-inner-2 bg-white\">\n\t<div class=\"container\">\n\t\t<div class=\"row\">\n\t\t\t<div class=\"section-head col-lg-12 text-center\">\n\t\t\t\t<h5 class=\"title-head\"><\/h5>\n\t\t\t<\/div>\n\t\t<\/div>\n\t\t<div class=\"row p-lr15\">\n\t\t\t\t\t\t\t<div class=\"col-lg-4 col-md-4 p-a0\">\n\t\t\t\t<div class=\"pricingtable-wrapper style3 wow fadeInUp\" data-wow-delay=\"0.2s\"  data-wow-duration=\"1s\">\n\t\t\t\t\t<div class=\"pricingtable-inner\">\n\t\t\t\t\t\t<div class=\"pricingtable-head bg-gray\">\n\t\t\t\t\t\t\t<div class=\"pricingtable-title\">\n\t\t\t\t\t\t\t\t<h2>Reserva Online<\/h2>\n\t\t\t\t\t\t\t\t<p>Escoge d\u00eda y horario<\/p>\n\t\t\t\t\t\t\t<\/div>\n\t\t\t\t\t\t\t<div class=\"pricingtable-price text-primary\"> \n\t\t\t\t\t\t\t\t<span class=\"pricingtable-bx\"><span><\/span>$6.000<\/span> \n\t\t\t\t\t\t\t\t<span class=\"pricingtable-type text-gray-dark\">(Cada hora)<\/span> \n\t\t\t\t\t\t\t<\/div>\n\t\t\t\t\t\t\t<p class=\"pricingtable-content\"><\/p>\n\t\t\t\t\t\t<\/div>\n\t\t\t\t\t\t\t\t\t\t\t\t\n\t\t\t\t\t\t<ul class=\"pricingtable-features\">\t\t\t\t\t\t\n\t\t\t\t\t\t\t\t\t\t\t\t\t\t\t\t\t\t\t\t\t\t\t\t\t\t\t\t\t\t\t\t\t\t\t\t\t<li><span><\/span><\/li>\n\t\t\t\t\t\t\t\t\t\t\t\t\t\t\t\t\t\n\t\t\t\t\t\t\t\t\n\t\t\t\t\t\t<\/ul>\n\t\t\t\t\t\t\t\n\t\t\t\t\t\t<div class=\"pricingtable-footer\"> \n\t\t\t\t\t\t\t\t\t\t\t\t\t\t\t<a href=\"https:\/\/tudomicilioenundia.cl\/antofagasta\/reservas\/\" class=\"site-button radius-xl button-md outline outline-1 btn-block\">Agenda hoy<\/a> \n\t\t\t\t\t\t\t\t\n\t\t\t\t\t\t<\/div>\n\t\t\t\t\t<\/div>\n\t\t\t\t<\/div>\n\t\t\t<\/div>\n\t\t\t\t\n\t\t\t\t\t\t\t\t<div class=\"col-lg-4 col-md-4 p-a0\">\n\t\t\t\t<div class=\"pricingtable-wrapper style3 wow fadeInUp\" data-wow-delay=\"0.4s\"  data-wow-duration=\"1s\">\n\t\t\t\t\t<div class=\"pricingtable-inner\">\n\t\t\t\t\t\t<div class=\"pricingtable-head bg-gray\">\n\t\t\t\t\t\t\t<div class=\"pricingtable-title\">\n\t\t\t\t\t\t\t\t<h2>Paquete 15 Horas<\/h2>\n\t\t\t\t\t\t\t\t<p>Paga Online y Agenda Luego<\/p>\n\t\t\t\t\t\t\t<\/div>\n\t\t\t\t\t\t\t<div class=\"pricingtable-price text-primary\"> \n\t\t\t\t\t\t\t\t<span class=\"pricingtable-bx\"><span><\/span>$78.000<\/span> \n\t\t\t\t\t\t\t\t<span class=\"pricingtable-type text-gray-dark\">($5.200\/hr)<\/span> \n\t\t\t\t\t\t\t<\/div>\n\t\t\t\t\t\t\t<p class=\"pricingtable-content\"><\/p>\n\t\t\t\t\t\t<\/div>\n\t\t\t\t\t\t\t\t\t\t\t\t\n\t\t\t\t\t\t<ul class=\"pricingtable-features\">\t\t\t\t\t\t\n\t\t\t\t\t\t\t\t\t\t\t\t\t\t\t\t\t\t\t\t\t\t\t\t\t\t\t\t\t\t\t\t\t\t\t\t\t<li><span><\/span><\/li>\n\t\t\t\t\t\t\t\t\t\t\t\t\t\t\t\t\t\n\t\t\t\t\t\t\t\t\n\t\t\t\t\t\t<\/ul>\n\t\t\t\t\t\t\t\n\t\t\t\t\t\t<div class=\"pricingtable-footer\"> \n\t\t\t\t\t\t\t\t\t\t\t\t\t\t\t<a href=\"https:\/\/tudomicilioenundia.cl\/antofagasta\/paquetes-horas\/?add-to-cart=7643\" class=\"site-button radius-xl button-md outline outline-1 btn-block\">Comprar<\/a> \n\t\t\t\t\t\t\t\t\n\t\t\t\t\t\t<\/div>\n\t\t\t\t\t<\/div>\n\t\t\t\t<\/div>\n\t\t\t<\/div>\n\t\t\t\t\n\t\t\t\t\t\t\t\t<div class=\"col-lg-4 col-md-4 p-a0\">\n\t\t\t\t<div class=\"pricingtable-wrapper style3 wow fadeInUp\" data-wow-delay=\"0.6s\"  data-wow-duration=\"1s\">\n\t\t\t\t\t<div class=\"pricingtable-inner\">\n\t\t\t\t\t\t<div class=\"pricingtable-head bg-gray\">\n\t\t\t\t\t\t\t<div class=\"pricingtable-title\">\n\t\t\t\t\t\t\t\t<h2>Paquete 30 Horas<\/h2>\n\t\t\t\t\t\t\t\t<p>Paga Online y Agenda Luego<\/p>\n\t\t\t\t\t\t\t<\/div>\n\t\t\t\t\t\t\t<div class=\"pricingtable-price text-primary\"> \n\t\t\t\t\t\t\t\t<span class=\"pricingtable-bx\"><span><\/span>$144.000<\/span> \n\t\t\t\t\t\t\t\t<span class=\"pricingtable-type text-gray-dark\">($4.800\/hr)<\/span> \n\t\t\t\t\t\t\t<\/div>\n\t\t\t\t\t\t\t<p class=\"pricingtable-content\"><\/p>\n\t\t\t\t\t\t<\/div>\n\t\t\t\t\t\t\t\t\t\t\t\t\n\t\t\t\t\t\t<ul class=\"pricingtable-features\">\t\t\t\t\t\t\n\t\t\t\t\t\t\t\t\t\t\t\t\t\t\t\t\t\t\t\t\t\t\t\t\t\t\t\t\t\t\t\t\t\t\t\t\t<li><span><\/span><\/li>\n\t\t\t\t\t\t\t\t\t\t\t\t\t\t\t\t\t\n\t\t\t\t\t\t\t\t\n\t\t\t\t\t\t<\/ul>\n\t\t\t\t\t\t\t\n\t\t\t\t\t\t<div class=\"pricingtable-footer\"> \n\t\t\t\t\t\t\t\t\t\t\t\t\t\t\t<a href=\"https:\/\/tudomicilioenundia.cl\/antofagasta\/paquetes-horas\/?add-to-cart=7644\" class=\"site-button radius-xl button-md outline outline-1 btn-block\">Comprar<\/a> \n\t\t\t\t\t\t\t\t\n\t\t\t\t\t\t<\/div>\n\t\t\t\t\t<\/div>\n\t\t\t\t<\/div>\n\t\t\t<\/div>\n\t\t\t\t\n\t\t\t\t\t\t\n\t\t<\/div>\n\t<\/div>\n<\/div>\n<!-- Pricing Table END --><\/div><\/div><\/div><\/div><\/section><section class=\"kc-elm kc-css-450381 kc_row\"><div class=\"kc-row-container  kc-container\"><div class=\"kc-wrap-columns\"><div class=\"kc-elm kc-css-662284 kc_col-sm-12 kc_column kc_col-sm-12\"><div class=\"kc-col-container\"><div class=\"kc-elm kc-css-715692 kc_text_block\"><\/p>\n<h4 class=\"p1\" style=\"margin: 0px; font-variant-numeric: normal; font-variant-east-asian: normal; font-variant-alternates: normal; font-size-adjust: none; font-language-override: normal; font-kerning: auto; font-optical-sizing: auto; font-feature-settings: normal; font-variation-settings: normal; font-variant-position: normal; font-variant-emoji: normal; font-stretch: normal; font-size: 13px; line-height: normal; font-family: 'Helvetica Neue'; color: #000000; text-align: center;\">Las horas prepago son acumulables y tienen una vigencia de 3 meses desde la fecha de compra.<\/h4>\n<h4 class=\"p1\" style=\"margin: 0px; font-variant-numeric: normal; font-variant-east-asian: normal; font-variant-alternates: normal; font-size-adjust: none; font-language-override: normal; font-kerning: auto; font-optical-sizing: auto; font-feature-settings: normal; font-variation-settings: normal; font-variant-position: normal; font-variant-emoji: normal; font-stretch: normal; font-size: 13px; line-height: normal; font-family: 'Helvetica Neue'; color: #000000; text-align: center;\">El uso de las instalaciones est\u00e1 sujeto a disponibilidad y requiere reserva previa.<\/h4>\n<h4 class=\"p1\" style=\"margin: 0px; font-variant-numeric: normal; font-variant-east-asian: normal; font-variant-alternates: normal; font-size-adjust: none; font-language-override: normal; font-kerning: auto; font-optical-sizing: auto; font-feature-settings: normal; font-variation-settings: normal; font-variant-position: normal; font-variant-emoji: normal; font-stretch: normal; font-size: 13px; line-height: normal; font-family: 'Helvetica Neue'; color: #000000; text-align: center;\">Valores no incluyen IVA.<\/h4>\n<p>\n<\/div><div class=\"kc-elm kc-css-153847\" style=\"height: 40px; clear: both; width:100%;\"><\/div><\/div><\/div><\/div><\/div><\/section><\/p>\n","protected":false},"excerpt":{"rendered":"","protected":false},"author":1,"featured_media":0,"parent":0,"menu_order":0,"comment_status":"closed","ping_status":"closed","template":"tpl-footer_v2.php","meta":{"footnotes":""},"class_list":["post-2425","page","type-page","status-publish","hentry"],"yoast_head":"<!-- This site is optimized with the Yoast SEO plugin v27.1.1 - https:\/\/yoast.com\/product\/yoast-seo-wordpress\/ -->\n<title>Arriendo de Salas y Oficinas en Antofagasta | Espacios Privados - tudomicilioenundia<\/title>\n<meta name=\"description\" content=\"Salas de reuniones y oficinas privadas por horas, d\u00eda y paquetes prepago, espacios completamente equipados para tus reuniones de negocios.\" \/>\n<meta name=\"robots\" content=\"index, follow, max-snippet:-1, max-image-preview:large, max-video-preview:-1\" \/>\n<link rel=\"canonical\" href=\"https:\/\/tudomicilioenundia.cl\/antofagasta\/paquetes-horas\/\" \/>\n<meta property=\"og:locale\" content=\"es_ES\" \/>\n<meta property=\"og:type\" content=\"article\" \/>\n<meta property=\"og:title\" content=\"Arriendo de Salas y Oficinas en Antofagasta | Espacios Privados - tudomicilioenundia\" \/>\n<meta property=\"og:description\" content=\"Salas de reuniones y oficinas privadas por horas, d\u00eda y paquetes prepago, espacios completamente equipados para tus reuniones de negocios.\" \/>\n<meta property=\"og:url\" content=\"https:\/\/tudomicilioenundia.cl\/antofagasta\/paquetes-horas\/\" \/>\n<meta property=\"og:site_name\" content=\"tudomicilioenundia\" \/>\n<meta property=\"article:modified_time\" content=\"2026-01-30T17:08:15+00:00\" \/>\n<meta name=\"twitter:card\" content=\"summary_large_image\" \/>\n<script type=\"application\/ld+json\" class=\"yoast-schema-graph\">{\"@context\":\"https:\/\/schema.org\",\"@graph\":[{\"@type\":\"WebPage\",\"@id\":\"https:\/\/tudomicilioenundia.cl\/antofagasta\/paquetes-horas\/\",\"url\":\"https:\/\/tudomicilioenundia.cl\/antofagasta\/paquetes-horas\/\",\"name\":\"Arriendo de Salas y Oficinas en Antofagasta | Espacios Privados - tudomicilioenundia\",\"isPartOf\":{\"@id\":\"https:\/\/tudomicilioenundia.cl\/antofagasta\/#website\"},\"datePublished\":\"2019-05-03T10:56:04+00:00\",\"dateModified\":\"2026-01-30T17:08:15+00:00\",\"description\":\"Salas de reuniones y oficinas privadas por horas, d\u00eda y paquetes prepago, espacios completamente equipados para tus reuniones de negocios.\",\"breadcrumb\":{\"@id\":\"https:\/\/tudomicilioenundia.cl\/antofagasta\/paquetes-horas\/#breadcrumb\"},\"inLanguage\":\"es\",\"potentialAction\":[{\"@type\":\"ReadAction\",\"target\":[\"https:\/\/tudomicilioenundia.cl\/antofagasta\/paquetes-horas\/\"]}]},{\"@type\":\"BreadcrumbList\",\"@id\":\"https:\/\/tudomicilioenundia.cl\/antofagasta\/paquetes-horas\/#breadcrumb\",\"itemListElement\":[{\"@type\":\"ListItem\",\"position\":1,\"name\":\"Portada\",\"item\":\"https:\/\/tudomicilioenundia.cl\/antofagasta\/\"},{\"@type\":\"ListItem\",\"position\":2,\"name\":\"Arriendo de Salas y Oficinas en Antofagasta | Espacios Privados\"}]},{\"@type\":\"WebSite\",\"@id\":\"https:\/\/tudomicilioenundia.cl\/antofagasta\/#website\",\"url\":\"https:\/\/tudomicilioenundia.cl\/antofagasta\/\",\"name\":\"tudomicilioenundia\",\"description\":\"Domicilio Comercial y Tributario\",\"publisher\":{\"@id\":\"https:\/\/tudomicilioenundia.cl\/antofagasta\/#organization\"},\"potentialAction\":[{\"@type\":\"SearchAction\",\"target\":{\"@type\":\"EntryPoint\",\"urlTemplate\":\"https:\/\/tudomicilioenundia.cl\/antofagasta\/?s={search_term_string}\"},\"query-input\":{\"@type\":\"PropertyValueSpecification\",\"valueRequired\":true,\"valueName\":\"search_term_string\"}}],\"inLanguage\":\"es\"},{\"@type\":\"Organization\",\"@id\":\"https:\/\/tudomicilioenundia.cl\/antofagasta\/#organization\",\"name\":\"Tudomicilioenundia\",\"url\":\"https:\/\/tudomicilioenundia.cl\/antofagasta\/\",\"logo\":{\"@type\":\"ImageObject\",\"inLanguage\":\"es\",\"@id\":\"https:\/\/tudomicilioenundia.cl\/antofagasta\/#\/schema\/logo\/image\/\",\"url\":\"https:\/\/tudomicilioenundia.cl\/antofagasta\/wp-content\/uploads\/2024\/09\/tudomicilioenundia.png\",\"contentUrl\":\"https:\/\/tudomicilioenundia.cl\/antofagasta\/wp-content\/uploads\/2024\/09\/tudomicilioenundia.png\",\"width\":1794,\"height\":859,\"caption\":\"Tudomicilioenundia\"},\"image\":{\"@id\":\"https:\/\/tudomicilioenundia.cl\/antofagasta\/#\/schema\/logo\/image\/\"},\"sameAs\":[\"https:\/\/www.instagram.com\/tu.domicilioenundia\/\"]}]}<\/script>\n<!-- \/ Yoast SEO plugin. -->","yoast_head_json":{"title":"Arriendo de Salas y Oficinas en Antofagasta | Espacios Privados - tudomicilioenundia","description":"Salas de reuniones y oficinas privadas por horas, d\u00eda y paquetes prepago, espacios completamente equipados para tus reuniones de negocios.","robots":{"index":"index","follow":"follow","max-snippet":"max-snippet:-1","max-image-preview":"max-image-preview:large","max-video-preview":"max-video-preview:-1"},"canonical":"https:\/\/tudomicilioenundia.cl\/antofagasta\/paquetes-horas\/","og_locale":"es_ES","og_type":"article","og_title":"Arriendo de Salas y Oficinas en Antofagasta | Espacios Privados - tudomicilioenundia","og_description":"Salas de reuniones y oficinas privadas por horas, d\u00eda y paquetes prepago, espacios completamente equipados para tus reuniones de negocios.","og_url":"https:\/\/tudomicilioenundia.cl\/antofagasta\/paquetes-horas\/","og_site_name":"tudomicilioenundia","article_modified_time":"2026-01-30T17:08:15+00:00","twitter_card":"summary_large_image","schema":{"@context":"https:\/\/schema.org","@graph":[{"@type":"WebPage","@id":"https:\/\/tudomicilioenundia.cl\/antofagasta\/paquetes-horas\/","url":"https:\/\/tudomicilioenundia.cl\/antofagasta\/paquetes-horas\/","name":"Arriendo de Salas y Oficinas en Antofagasta | Espacios Privados - tudomicilioenundia","isPartOf":{"@id":"https:\/\/tudomicilioenundia.cl\/antofagasta\/#website"},"datePublished":"2019-05-03T10:56:04+00:00","dateModified":"2026-01-30T17:08:15+00:00","description":"Salas de reuniones y oficinas privadas por horas, d\u00eda y paquetes prepago, espacios completamente equipados para tus reuniones de negocios.","breadcrumb":{"@id":"https:\/\/tudomicilioenundia.cl\/antofagasta\/paquetes-horas\/#breadcrumb"},"inLanguage":"es","potentialAction":[{"@type":"ReadAction","target":["https:\/\/tudomicilioenundia.cl\/antofagasta\/paquetes-horas\/"]}]},{"@type":"BreadcrumbList","@id":"https:\/\/tudomicilioenundia.cl\/antofagasta\/paquetes-horas\/#breadcrumb","itemListElement":[{"@type":"ListItem","position":1,"name":"Portada","item":"https:\/\/tudomicilioenundia.cl\/antofagasta\/"},{"@type":"ListItem","position":2,"name":"Arriendo de Salas y Oficinas en Antofagasta | Espacios Privados"}]},{"@type":"WebSite","@id":"https:\/\/tudomicilioenundia.cl\/antofagasta\/#website","url":"https:\/\/tudomicilioenundia.cl\/antofagasta\/","name":"tudomicilioenundia","description":"Domicilio Comercial y Tributario","publisher":{"@id":"https:\/\/tudomicilioenundia.cl\/antofagasta\/#organization"},"potentialAction":[{"@type":"SearchAction","target":{"@type":"EntryPoint","urlTemplate":"https:\/\/tudomicilioenundia.cl\/antofagasta\/?s={search_term_string}"},"query-input":{"@type":"PropertyValueSpecification","valueRequired":true,"valueName":"search_term_string"}}],"inLanguage":"es"},{"@type":"Organization","@id":"https:\/\/tudomicilioenundia.cl\/antofagasta\/#organization","name":"Tudomicilioenundia","url":"https:\/\/tudomicilioenundia.cl\/antofagasta\/","logo":{"@type":"ImageObject","inLanguage":"es","@id":"https:\/\/tudomicilioenundia.cl\/antofagasta\/#\/schema\/logo\/image\/","url":"https:\/\/tudomicilioenundia.cl\/antofagasta\/wp-content\/uploads\/2024\/09\/tudomicilioenundia.png","contentUrl":"https:\/\/tudomicilioenundia.cl\/antofagasta\/wp-content\/uploads\/2024\/09\/tudomicilioenundia.png","width":1794,"height":859,"caption":"Tudomicilioenundia"},"image":{"@id":"https:\/\/tudomicilioenundia.cl\/antofagasta\/#\/schema\/logo\/image\/"},"sameAs":["https:\/\/www.instagram.com\/tu.domicilioenundia\/"]}]}},"_links":{"self":[{"href":"https:\/\/tudomicilioenundia.cl\/antofagasta\/wp-json\/wp\/v2\/pages\/2425","targetHints":{"allow":["GET"]}}],"collection":[{"href":"https:\/\/tudomicilioenundia.cl\/antofagasta\/wp-json\/wp\/v2\/pages"}],"about":[{"href":"https:\/\/tudomicilioenundia.cl\/antofagasta\/wp-json\/wp\/v2\/types\/page"}],"author":[{"embeddable":true,"href":"https:\/\/tudomicilioenundia.cl\/antofagasta\/wp-json\/wp\/v2\/users\/1"}],"replies":[{"embeddable":true,"href":"https:\/\/tudomicilioenundia.cl\/antofagasta\/wp-json\/wp\/v2\/comments?post=2425"}],"version-history":[{"count":47,"href":"https:\/\/tudomicilioenundia.cl\/antofagasta\/wp-json\/wp\/v2\/pages\/2425\/revisions"}],"predecessor-version":[{"id":15561,"href":"https:\/\/tudomicilioenundia.cl\/antofagasta\/wp-json\/wp\/v2\/pages\/2425\/revisions\/15561"}],"wp:attachment":[{"href":"https:\/\/tudomicilioenundia.cl\/antofagasta\/wp-json\/wp\/v2\/media?parent=2425"}],"curies":[{"name":"wp","href":"https:\/\/api.w.org\/{rel}","templated":true}]}}