{"id":3055,"date":"2019-05-10T18:35:38","date_gmt":"2019-05-10T22:35:38","guid":{"rendered":"https:\/\/www.ovpoficinasvirtualpyme.cl\/antofagasta\/?page_id=3055"},"modified":"2024-09-27T18:55:55","modified_gmt":"2024-09-27T21:55:55","slug":"documentacion","status":"publish","type":"page","link":"https:\/\/tudomicilioenundia.cl\/antofagasta\/documentacion\/","title":{"rendered":"Documentaci\u00f3n | Contrato Oficina Virtual"},"content":{"rendered":"<p><section class=\"kc-elm kc-css-90080 kc_row\"><div class=\"kc-row-container  kc-container\"><div class=\"kc-wrap-columns\"><div class=\"kc-elm kc-css-364329 kc_col-sm-12 kc_column kc_col-sm-12\"><div class=\"kc-col-container\"><div class=\"kc-elm kc-css-145138\" style=\"height: 80px; clear: both; width:100%;\"><\/div>\n<div class=\"kc-elm kc-css-286184 kc-title-wrap \">\n\n\t<h2 class=\"kc_title\">Documentaci\u00f3n requerida para contratar tu Oficina Virtual<\/h2>\n<\/div>\n\n<div class=\"kc-elm kc-css-617755 divider_line\">\n\t<div class=\"divider_inner divider_line2\">\n\t\t<i class=\"ti-arrow-down\"><\/i>\t<\/div>\n<\/div>\n<\/div><\/div><\/div><\/div><\/section><section class=\"kc-elm kc-css-927079 kc_row\"><div class=\"kc-row-container  kc-container\"><div class=\"kc-wrap-columns\"><div class=\"kc-elm kc-css-171579 kc_col-sm-4 kc_column kc_col-sm-4\"><div class=\"kc-col-container\"><div class=\"kc-elm kc-css-708689 kc-feature-boxes kc-fb-layout-3\">\n\n\t<div class=\"content-icon\"><i class=\"flaticon-social\"><\/i><\/div><div class=\"box-right\"><div class=\"content-title\">PERSONA NATURAL CON GIRO<\/div><div class=\"content-desc\">\u2713 C\u00e9dula de Identidad.<br>\r\n\u2713 Iniciaci\u00f3n de actividades.<br>\r\n\u2713 Informaci\u00f3n Particular: (domicilio, tel\u00e9fono, correo electr\u00f3nico, estado civil, profesi\u00f3n u oficio).<br>\r\n<\/div><\/div>\n<\/div>\n<\/div><\/div><div class=\"kc-elm kc-css-745362 kc_col-sm-4 kc_column kc_col-sm-4\"><div class=\"kc-col-container\"><div class=\"kc-elm kc-css-311855 kc-feature-boxes kc-fb-layout-3\">\n\n\t<div class=\"content-icon\"><i class=\"sl-people\"><\/i><\/div><div class=\"box-right\"><div class=\"content-title\">Persona Jur\u00eddica (www.tuempresaenundia.cl)<\/div><div class=\"content-desc\">\u2713 Estatuto actualizado.<br>\r\n\u2713 Certificado de vigencia, para sociedades con m\u00e1s de un a\u00f1o de antig\u00fcedad.<br>\r\n\u2713 C\u00e9dula de identidad del representante legal o de todos los representantes legales, seg\u00fan corresponda.<br>\r\n\u2713 Informaci\u00f3n Particular: (domicilio, tel\u00e9fono, correo electr\u00f3nico, estado civil, profesi\u00f3n u oficio).<br><\/div><\/div>\n<\/div>\n<\/div><\/div><div class=\"kc-elm kc-css-732518 kc_col-sm-4 kc_column kc_col-sm-4\"><div class=\"kc-col-container\"><div class=\"kc-elm kc-css-903119 kc-feature-boxes kc-fb-layout-3\">\n\n\t<div class=\"content-icon\"><i class=\"fa-users\"><\/i><\/div><div class=\"box-right\"><div class=\"content-title\">Persona Jur\u00eddica (Escritura convencional)<\/div><div class=\"content-desc\">\u2713 Escritura de Constituci\u00f3n en original o copia.<br> \r\n\u2713 Extracto de la sociedad inscrito y publicado.<br> \r\n\u2713 RUT de la Empresa (si corresponde).<br> \r\n\u2713 Certificado de vigencia, para sociedades con m\u00e1s de un a\u00f1o de antig\u00fcedad.<br>\r\n\u2713 C\u00e9dula de identidad del representante legal o de todos los representantes legales, seg\u00fan corresponda.<br>\r\n\u2713 Informaci\u00f3n Particular: (domicilio, tel\u00e9fono, correo electr\u00f3nico, estado civil, profesi\u00f3n u oficio).<br><\/div><\/div>\n<\/div>\n<\/div><\/div><\/div><\/div><\/section><section class=\"kc-elm kc-css-952237 kc_row\"><div class=\"kc-row-container  kc-container\"><div class=\"kc-wrap-columns\"><div class=\"kc-elm kc-css-992177 kc_col-sm-12 kc_column kc_col-sm-12\"><div class=\"kc-col-container\"><div class=\"kc-elm kc-css-248977\" style=\"height: 80px; clear: both; width:100%;\"><\/div><\/div><\/div><\/div><\/div><\/section><\/p>\n","protected":false},"excerpt":{"rendered":"","protected":false},"author":1,"featured_media":0,"parent":0,"menu_order":0,"comment_status":"closed","ping_status":"closed","template":"tpl-footer_v2.php","meta":{"footnotes":""},"class_list":["post-3055","page","type-page","status-publish","hentry"],"yoast_head":"<!-- This site is optimized with the Yoast SEO plugin v27.3 - https:\/\/yoast.com\/product\/yoast-seo-wordpress\/ -->\n<title>Documentaci\u00f3n | Contrato Oficina Virtual - tudomicilioenundia<\/title>\n<meta name=\"description\" content=\"Documentaci\u00f3n para contratar una oficina virtual como persona natural o jur\u00eddica. \u00a1Firma en 24hrs y obt\u00e9n un domicilio comercial v\u00e1lido!\" \/>\n<meta name=\"robots\" content=\"index, follow, max-snippet:-1, max-image-preview:large, max-video-preview:-1\" \/>\n<link rel=\"canonical\" href=\"https:\/\/tudomicilioenundia.cl\/antofagasta\/documentacion\/\" \/>\n<meta property=\"og:locale\" content=\"es_ES\" \/>\n<meta property=\"og:type\" content=\"article\" \/>\n<meta property=\"og:title\" content=\"Documentaci\u00f3n | Contrato Oficina Virtual - tudomicilioenundia\" \/>\n<meta property=\"og:description\" content=\"Documentaci\u00f3n para contratar una oficina virtual como persona natural o jur\u00eddica. \u00a1Firma en 24hrs y obt\u00e9n un domicilio comercial v\u00e1lido!\" \/>\n<meta property=\"og:url\" content=\"https:\/\/tudomicilioenundia.cl\/antofagasta\/documentacion\/\" \/>\n<meta property=\"og:site_name\" content=\"tudomicilioenundia\" \/>\n<meta property=\"article:modified_time\" content=\"2024-09-27T21:55:55+00:00\" \/>\n<meta name=\"twitter:card\" content=\"summary_large_image\" \/>\n<meta name=\"twitter:label1\" content=\"Tiempo de lectura\" \/>\n\t<meta name=\"twitter:data1\" content=\"1 minuto\" \/>\n<script type=\"application\/ld+json\" class=\"yoast-schema-graph\">{\"@context\":\"https:\\\/\\\/schema.org\",\"@graph\":[{\"@type\":\"WebPage\",\"@id\":\"https:\\\/\\\/tudomicilioenundia.cl\\\/antofagasta\\\/documentacion\\\/\",\"url\":\"https:\\\/\\\/tudomicilioenundia.cl\\\/antofagasta\\\/documentacion\\\/\",\"name\":\"Documentaci\u00f3n | Contrato Oficina Virtual - tudomicilioenundia\",\"isPartOf\":{\"@id\":\"https:\\\/\\\/tudomicilioenundia.cl\\\/antofagasta\\\/#website\"},\"datePublished\":\"2019-05-10T22:35:38+00:00\",\"dateModified\":\"2024-09-27T21:55:55+00:00\",\"description\":\"Documentaci\u00f3n para contratar una oficina virtual como persona natural o jur\u00eddica. \u00a1Firma en 24hrs y obt\u00e9n un domicilio comercial v\u00e1lido!\",\"breadcrumb\":{\"@id\":\"https:\\\/\\\/tudomicilioenundia.cl\\\/antofagasta\\\/documentacion\\\/#breadcrumb\"},\"inLanguage\":\"es\",\"potentialAction\":[{\"@type\":\"ReadAction\",\"target\":[\"https:\\\/\\\/tudomicilioenundia.cl\\\/antofagasta\\\/documentacion\\\/\"]}]},{\"@type\":\"BreadcrumbList\",\"@id\":\"https:\\\/\\\/tudomicilioenundia.cl\\\/antofagasta\\\/documentacion\\\/#breadcrumb\",\"itemListElement\":[{\"@type\":\"ListItem\",\"position\":1,\"name\":\"Portada\",\"item\":\"https:\\\/\\\/tudomicilioenundia.cl\\\/antofagasta\\\/\"},{\"@type\":\"ListItem\",\"position\":2,\"name\":\"Documentaci\u00f3n | Contrato Oficina Virtual\"}]},{\"@type\":\"WebSite\",\"@id\":\"https:\\\/\\\/tudomicilioenundia.cl\\\/antofagasta\\\/#website\",\"url\":\"https:\\\/\\\/tudomicilioenundia.cl\\\/antofagasta\\\/\",\"name\":\"tudomicilioenundia\",\"description\":\"Domicilio Comercial y Tributario\",\"publisher\":{\"@id\":\"https:\\\/\\\/tudomicilioenundia.cl\\\/antofagasta\\\/#organization\"},\"potentialAction\":[{\"@type\":\"SearchAction\",\"target\":{\"@type\":\"EntryPoint\",\"urlTemplate\":\"https:\\\/\\\/tudomicilioenundia.cl\\\/antofagasta\\\/?s={search_term_string}\"},\"query-input\":{\"@type\":\"PropertyValueSpecification\",\"valueRequired\":true,\"valueName\":\"search_term_string\"}}],\"inLanguage\":\"es\"},{\"@type\":\"Organization\",\"@id\":\"https:\\\/\\\/tudomicilioenundia.cl\\\/antofagasta\\\/#organization\",\"name\":\"Tudomicilioenundia\",\"url\":\"https:\\\/\\\/tudomicilioenundia.cl\\\/antofagasta\\\/\",\"logo\":{\"@type\":\"ImageObject\",\"inLanguage\":\"es\",\"@id\":\"https:\\\/\\\/tudomicilioenundia.cl\\\/antofagasta\\\/#\\\/schema\\\/logo\\\/image\\\/\",\"url\":\"https:\\\/\\\/tudomicilioenundia.cl\\\/antofagasta\\\/wp-content\\\/uploads\\\/2024\\\/09\\\/tudomicilioenundia.png\",\"contentUrl\":\"https:\\\/\\\/tudomicilioenundia.cl\\\/antofagasta\\\/wp-content\\\/uploads\\\/2024\\\/09\\\/tudomicilioenundia.png\",\"width\":1794,\"height\":859,\"caption\":\"Tudomicilioenundia\"},\"image\":{\"@id\":\"https:\\\/\\\/tudomicilioenundia.cl\\\/antofagasta\\\/#\\\/schema\\\/logo\\\/image\\\/\"},\"sameAs\":[\"https:\\\/\\\/www.instagram.com\\\/tu.domicilioenundia\\\/\"]}]}<\/script>\n<!-- \/ Yoast SEO plugin. -->","yoast_head_json":{"title":"Documentaci\u00f3n | Contrato Oficina Virtual - tudomicilioenundia","description":"Documentaci\u00f3n para contratar una oficina virtual como persona natural o jur\u00eddica. \u00a1Firma en 24hrs y obt\u00e9n un domicilio comercial v\u00e1lido!","robots":{"index":"index","follow":"follow","max-snippet":"max-snippet:-1","max-image-preview":"max-image-preview:large","max-video-preview":"max-video-preview:-1"},"canonical":"https:\/\/tudomicilioenundia.cl\/antofagasta\/documentacion\/","og_locale":"es_ES","og_type":"article","og_title":"Documentaci\u00f3n | Contrato Oficina Virtual - tudomicilioenundia","og_description":"Documentaci\u00f3n para contratar una oficina virtual como persona natural o jur\u00eddica. \u00a1Firma en 24hrs y obt\u00e9n un domicilio comercial v\u00e1lido!","og_url":"https:\/\/tudomicilioenundia.cl\/antofagasta\/documentacion\/","og_site_name":"tudomicilioenundia","article_modified_time":"2024-09-27T21:55:55+00:00","twitter_card":"summary_large_image","twitter_misc":{"Tiempo de lectura":"1 minuto"},"schema":{"@context":"https:\/\/schema.org","@graph":[{"@type":"WebPage","@id":"https:\/\/tudomicilioenundia.cl\/antofagasta\/documentacion\/","url":"https:\/\/tudomicilioenundia.cl\/antofagasta\/documentacion\/","name":"Documentaci\u00f3n | Contrato Oficina Virtual - tudomicilioenundia","isPartOf":{"@id":"https:\/\/tudomicilioenundia.cl\/antofagasta\/#website"},"datePublished":"2019-05-10T22:35:38+00:00","dateModified":"2024-09-27T21:55:55+00:00","description":"Documentaci\u00f3n para contratar una oficina virtual como persona natural o jur\u00eddica. \u00a1Firma en 24hrs y obt\u00e9n un domicilio comercial v\u00e1lido!","breadcrumb":{"@id":"https:\/\/tudomicilioenundia.cl\/antofagasta\/documentacion\/#breadcrumb"},"inLanguage":"es","potentialAction":[{"@type":"ReadAction","target":["https:\/\/tudomicilioenundia.cl\/antofagasta\/documentacion\/"]}]},{"@type":"BreadcrumbList","@id":"https:\/\/tudomicilioenundia.cl\/antofagasta\/documentacion\/#breadcrumb","itemListElement":[{"@type":"ListItem","position":1,"name":"Portada","item":"https:\/\/tudomicilioenundia.cl\/antofagasta\/"},{"@type":"ListItem","position":2,"name":"Documentaci\u00f3n | Contrato Oficina Virtual"}]},{"@type":"WebSite","@id":"https:\/\/tudomicilioenundia.cl\/antofagasta\/#website","url":"https:\/\/tudomicilioenundia.cl\/antofagasta\/","name":"tudomicilioenundia","description":"Domicilio Comercial y Tributario","publisher":{"@id":"https:\/\/tudomicilioenundia.cl\/antofagasta\/#organization"},"potentialAction":[{"@type":"SearchAction","target":{"@type":"EntryPoint","urlTemplate":"https:\/\/tudomicilioenundia.cl\/antofagasta\/?s={search_term_string}"},"query-input":{"@type":"PropertyValueSpecification","valueRequired":true,"valueName":"search_term_string"}}],"inLanguage":"es"},{"@type":"Organization","@id":"https:\/\/tudomicilioenundia.cl\/antofagasta\/#organization","name":"Tudomicilioenundia","url":"https:\/\/tudomicilioenundia.cl\/antofagasta\/","logo":{"@type":"ImageObject","inLanguage":"es","@id":"https:\/\/tudomicilioenundia.cl\/antofagasta\/#\/schema\/logo\/image\/","url":"https:\/\/tudomicilioenundia.cl\/antofagasta\/wp-content\/uploads\/2024\/09\/tudomicilioenundia.png","contentUrl":"https:\/\/tudomicilioenundia.cl\/antofagasta\/wp-content\/uploads\/2024\/09\/tudomicilioenundia.png","width":1794,"height":859,"caption":"Tudomicilioenundia"},"image":{"@id":"https:\/\/tudomicilioenundia.cl\/antofagasta\/#\/schema\/logo\/image\/"},"sameAs":["https:\/\/www.instagram.com\/tu.domicilioenundia\/"]}]}},"_links":{"self":[{"href":"https:\/\/tudomicilioenundia.cl\/antofagasta\/wp-json\/wp\/v2\/pages\/3055","targetHints":{"allow":["GET"]}}],"collection":[{"href":"https:\/\/tudomicilioenundia.cl\/antofagasta\/wp-json\/wp\/v2\/pages"}],"about":[{"href":"https:\/\/tudomicilioenundia.cl\/antofagasta\/wp-json\/wp\/v2\/types\/page"}],"author":[{"embeddable":true,"href":"https:\/\/tudomicilioenundia.cl\/antofagasta\/wp-json\/wp\/v2\/users\/1"}],"replies":[{"embeddable":true,"href":"https:\/\/tudomicilioenundia.cl\/antofagasta\/wp-json\/wp\/v2\/comments?post=3055"}],"version-history":[{"count":5,"href":"https:\/\/tudomicilioenundia.cl\/antofagasta\/wp-json\/wp\/v2\/pages\/3055\/revisions"}],"predecessor-version":[{"id":28432,"href":"https:\/\/tudomicilioenundia.cl\/antofagasta\/wp-json\/wp\/v2\/pages\/3055\/revisions\/28432"}],"wp:attachment":[{"href":"https:\/\/tudomicilioenundia.cl\/antofagasta\/wp-json\/wp\/v2\/media?parent=3055"}],"curies":[{"name":"wp","href":"https:\/\/api.w.org\/{rel}","templated":true}]}}