{"id":20848,"date":"2024-10-01T19:21:34","date_gmt":"2024-10-01T22:21:34","guid":{"rendered":"https:\/\/tudomicilioenundia.cl\/laserena\/?page_id=20848"},"modified":"2024-10-06T22:46:33","modified_gmt":"2024-10-07T01:46:33","slug":"tu-oficina","status":"publish","type":"page","link":"https:\/\/tudomicilioenundia.cl\/laserena\/tu-oficina\/","title":{"rendered":"Lanzatuoficinavirtual | Inicia tu negocio"},"content":{"rendered":"<p><section class=\"kc-elm kc-css-31489 kc_row\"><div class=\"kc-row-container  kc-container\"><div class=\"kc-wrap-columns\"><div class=\"kc-elm kc-css-519279 kc_col-sm-12 kc_column kc_col-sm-12\"><div class=\"kc-col-container\"><div class=\"kc-elm kc-css-92377\" style=\"height: 40px; clear: both; width:100%;\"><\/div><div class=\"kc-elm kc-css-232824 kc_text_block\"><\/p>\n<h2 style=\"text-align: center;\"><strong>\u00a1Lanza Hoy <\/strong>Tu Propia Oficina Virtual!<\/h2>\n<p>\n<\/div><div class=\"kc-elm kc-css-648448\" style=\"height: 20px; clear: both; width:100%;\"><\/div><\/div><\/div><\/div><\/div><\/section><section class=\"kc-elm kc-css-176429 kc_row\"><div class=\"kc-row-container  kc-container\"><div class=\"kc-wrap-columns\"><div class=\"kc-elm kc-css-85830 kc_col-sm-4 kc_column kc_col-sm-4\"><div class=\"kc-col-container\"><\/div><\/div><div class=\"kc-elm kc-css-332082 kc_col-sm-5 kc_column kc_col-sm-5\"><div class=\"kc-col-container\"><div class=\"kc-elm kc-css-858639\" style=\"height: 10px; clear: both; width:100%;\"><\/div>\n<div class=\"kc-elm kc-css-730405 kc-call-to-action kc-cta-2 kc-is-button\">\n\n\t<div class=\"kc-cta-desc\"><h2>$1.000.000<\/h2><div class=\"kc-cta-text\">P.1<\/div><\/div><div class=\"kc-cta-button\"><a href=\"https:\/\/tudomicilioenundia.cl\/laserena\/medios-de-pago\/?add-to-cart=16399\" title=\"Compra Segura\">Comprar<\/a><\/div>\n<\/div>\n<div class=\"kc-elm kc-css-626344\" style=\"height: 10px; clear: both; width:100%;\"><\/div>\n<div class=\"kc-elm kc-css-224065 kc-call-to-action kc-cta-2 kc-is-button\">\n\n\t<div class=\"kc-cta-desc\"><h2>$2.500.000<\/h2><div class=\"kc-cta-text\">P.2<\/div><\/div><div class=\"kc-cta-button\"><a href=\"https:\/\/tudomicilioenundia.cl\/laserena\/medios-de-pago\/?add-to-cart=16399\" title=\"Compra Segura\">Comprar<\/a><\/div>\n<\/div>\n<div class=\"kc-elm kc-css-123150\" style=\"height: 10px; clear: both; width:100%;\"><\/div>\n<div class=\"kc-elm kc-css-820777 kc-call-to-action kc-cta-2 kc-is-button\">\n\n\t<div class=\"kc-cta-desc\"><h2>$7.000.000<\/h2><div class=\"kc-cta-text\">P.3<\/div><\/div><div class=\"kc-cta-button\"><a href=\"https:\/\/tudomicilioenundia.cl\/laserena\/medios-de-pago\/?add-to-cart=16399\" title=\"Compra Segura\">Comprar<\/a><\/div>\n<\/div>\n<\/div><\/div><div class=\"kc-elm kc-css-470866 kc_col-sm-4 kc_column kc_col-sm-4\"><div class=\"kc-col-container\"><\/div><\/div><\/div><\/div><\/section><section class=\"kc-elm kc-css-548223 kc_row\"><div class=\"kc-row-container  kc-container\"><div class=\"kc-wrap-columns\"><div class=\"kc-elm kc-css-831030 kc_col-sm-4 kc_column kc_col-sm-4\"><div class=\"kc-col-container\"><\/div><\/div><div class=\"kc-elm kc-css-450162 kc_col-sm-5 kc_column kc_col-sm-5\"><div class=\"kc-col-container\"><div class=\"kc-elm kc-css-437363\" style=\"height: 10px; clear: both; width:100%;\"><\/div>\n<div class=\"kc-elm kc-css-535413 kc-call-to-action kc-cta-2 kc-is-button\">\n\n\t<div class=\"kc-cta-desc\"><h2>$1.000.000<\/h2><div class=\"kc-cta-text\">P.1<\/div><\/div><div class=\"kc-cta-button\"><a href=\"https:\/\/tudomicilioenundia.cl\/laserena\/compraweb\/?add-to-cart=20862\" title=\"Compra Segura\">Comprar<\/a><\/div>\n<\/div>\n<div class=\"kc-elm kc-css-382624\" style=\"height: 10px; clear: both; width:100%;\"><\/div>\n<div class=\"kc-elm kc-css-76254 kc-call-to-action kc-cta-2 kc-is-button\">\n\n\t<div class=\"kc-cta-desc\"><h2>$2.500.000<\/h2><div class=\"kc-cta-text\">P.2<\/div><\/div><div class=\"kc-cta-button\"><a href=\"https:\/\/tudomicilioenundia.cl\/laserena\/compraweb\/?add-to-cart=20924\" title=\"Compra Segura\">Comprar<\/a><\/div>\n<\/div>\n<div class=\"kc-elm kc-css-109399\" style=\"height: 10px; clear: both; width:100%;\"><\/div>\n<div class=\"kc-elm kc-css-871942 kc-call-to-action kc-cta-2 kc-is-button\">\n\n\t<div class=\"kc-cta-desc\"><h2>$5.000.000<\/h2><div class=\"kc-cta-text\">P.3\r\nPrecio especial para los primeros 8 cupos. Luego, $7.000.000.<\/div><\/div><div class=\"kc-cta-button\"><a href=\"https:\/\/tudomicilioenundia.cl\/laserena\/compraweb\/?add-to-cart=20925\" title=\"Compra Segura\">Comprar<\/a><\/div>\n<\/div>\n<\/div><\/div><div class=\"kc-elm kc-css-272266 kc_col-sm-4 kc_column kc_col-sm-4\"><div class=\"kc-col-container\"><\/div><\/div><\/div><\/div><\/section><section class=\"kc-elm kc-css-207784 kc_row\"><div class=\"kc-row-container  kc-container\"><div class=\"kc-wrap-columns\"><div class=\"kc-elm kc-css-549234 kc_col-sm-12 kc_column kc_col-sm-12\"><div class=\"kc-col-container\"><div class=\"kc-elm kc-css-215082\" style=\"height: 100px; clear: both; width:100%;\"><\/div><div class=\"kc-elm kc-css-710786 kc_text_block\"><\/p>\n<h1 style=\"box-sizing: border-box; margin-top: 0px; margin-bottom: 10px; font-family: Poppins; line-height: 24px; font-size: 18px; text-align: left;\"><span style=\"color: #2231a8; box-sizing: border-box;\">Modelo de Negocio:<\/span><\/h1>\n<div><span style=\"color: #2231a8; box-sizing: border-box;\">\u00a0<\/span><\/div>\n<h6 style=\"box-sizing: border-box; text-align: left;\"><span style=\"font-weight: normal;\"><span style=\"box-sizing: border-box; color: #111111;\">Propuesta 1 y 2:<\/span>\u00a0<span style=\"box-sizing: border-box; color: #000000;\">Permite vender nuestros contratos de oficinas virtuales en una \u00fanica ubicaci\u00f3n, como Antofagasta o La Serena, t\u00fa eliges.<\/span><\/span><\/h6>\n<h6 style=\"box-sizing: border-box; text-align: left;\"><span style=\"font-weight: normal;\"><span style=\"box-sizing: border-box; color: #000000;\">Propuesta 3:\u00a0Permite vender contratos ilimitados de nuestras oficinas virtuales, incluyendo Antofagasta y La Serena.<\/span><\/span><\/h6>\n<hr \/>\n<p style=\"box-sizing: border-box; margin-top: 0px; margin-bottom: 24px; line-height: 28px; font-family: Roboto; font-weight: 400; text-align: left;\"><i style=\"box-sizing: border-box;\"><span style=\"color: #000000; box-sizing: border-box;\">Una vez realizada la compra, te contactaremos para formalizar el contrato, el cual podr\u00e1s firmar con firma electr\u00f3nica avanzada o en notar\u00eda, asegurando as\u00ed un proceso r\u00e1pido, seguro y eficiente. La formalizaci\u00f3n se llevar\u00e1 a cabo en horario h\u00e1bil (09:00 a 18:00 hrs).\u00a0<\/span><span style=\"box-sizing: border-box;\"><span style=\"color: #111111; box-sizing: border-box;\">Nuestro modelo de negocio es gestionado por TUDOMICILIOENUNDIA SpA, garantizando respaldo y seguridad en cada operaci\u00f3n. Para m\u00e1s informaci\u00f3n y detalles completos, visita nuestro sitio web:<\/span><span style=\"box-sizing: border-box;\">\u00a0<\/span><a style=\"box-sizing: border-box; text-decoration-line: none; background-color: transparent; outline-style: none; transition: 0.2s linear;\" href=\"http:\/\/www.lanzatuoficinavirtual.cl\/\" target=\"_new\" rel=\"noopener\"><span style=\"box-sizing: border-box;\"><span style=\"box-sizing: border-box; font-weight: bolder;\"><span style=\"color: #ec51c1;\">lanzatuoficinavirtual.cl<\/span><\/span><\/span><span style=\"color: #111111; box-sizing: border-box;\">.<\/span><\/a><\/span><\/i><\/p>\n<p>\n<\/div><div class=\"kc-elm kc-css-200741\" style=\"height: 20px; clear: both; width:100%;\"><\/div><\/div><\/div><\/div><\/div><\/section><\/p>\n","protected":false},"excerpt":{"rendered":"","protected":false},"author":1,"featured_media":0,"parent":0,"menu_order":0,"comment_status":"closed","ping_status":"closed","template":"tpl-coming_soon.php","meta":{"footnotes":""},"class_list":["post-20848","page","type-page","status-publish","hentry"],"yoast_head":"<!-- This site is optimized with the Yoast SEO plugin v27.5 - https:\/\/yoast.com\/product\/yoast-seo-wordpress\/ -->\n<title>Lanzatuoficinavirtual | Inicia tu negocio - tudomicilioenundia<\/title>\n<meta name=\"robots\" content=\"index, follow, max-snippet:-1, max-image-preview:large, max-video-preview:-1\" \/>\n<link rel=\"canonical\" href=\"https:\/\/tudomicilioenundia.cl\/laserena\/tu-oficina\/\" \/>\n<meta property=\"og:locale\" content=\"es_ES\" \/>\n<meta property=\"og:type\" content=\"article\" \/>\n<meta property=\"og:title\" content=\"Lanzatuoficinavirtual | Inicia tu negocio - tudomicilioenundia\" \/>\n<meta property=\"og:description\" content=\"\u00a1Lanza Hoy Tu Propia Oficina Virtual! $1.000.000 P.1 Comprar $2.500.000 P.2 Comprar $5.000.000 P.3 Precio especial para los primeros 8 cupos. Luego, $7.000.000. Comprar Modelo de Negocio: \u00a0 Propuesta 1 y 2:\u00a0Permite vender nuestros contratos de oficinas virtuales en una \u00fanica ubicaci\u00f3n, como Antofagasta o La Serena, t\u00fa eliges. Propuesta 3:\u00a0Permite vender contratos ilimitados de\" \/>\n<meta property=\"og:url\" content=\"https:\/\/tudomicilioenundia.cl\/laserena\/tu-oficina\/\" \/>\n<meta property=\"og:site_name\" content=\"tudomicilioenundia\" \/>\n<meta property=\"article:publisher\" content=\"https:\/\/www.facebook.com\/ovpvirtualpyme\/\" \/>\n<meta property=\"article:modified_time\" content=\"2024-10-07T01:46:33+00:00\" \/>\n<meta name=\"twitter:card\" content=\"summary_large_image\" \/>\n<meta name=\"twitter:label1\" content=\"Tiempo de lectura\" \/>\n\t<meta name=\"twitter:data1\" content=\"3 minutos\" \/>\n<script type=\"application\/ld+json\" class=\"yoast-schema-graph\">{\"@context\":\"https:\\\/\\\/schema.org\",\"@graph\":[{\"@type\":\"WebPage\",\"@id\":\"https:\\\/\\\/tudomicilioenundia.cl\\\/laserena\\\/tu-oficina\\\/\",\"url\":\"https:\\\/\\\/tudomicilioenundia.cl\\\/laserena\\\/tu-oficina\\\/\",\"name\":\"Lanzatuoficinavirtual | Inicia tu negocio - tudomicilioenundia\",\"isPartOf\":{\"@id\":\"https:\\\/\\\/tudomicilioenundia.cl\\\/laserena\\\/#website\"},\"datePublished\":\"2024-10-01T22:21:34+00:00\",\"dateModified\":\"2024-10-07T01:46:33+00:00\",\"breadcrumb\":{\"@id\":\"https:\\\/\\\/tudomicilioenundia.cl\\\/laserena\\\/tu-oficina\\\/#breadcrumb\"},\"inLanguage\":\"es\",\"potentialAction\":[{\"@type\":\"ReadAction\",\"target\":[\"https:\\\/\\\/tudomicilioenundia.cl\\\/laserena\\\/tu-oficina\\\/\"]}]},{\"@type\":\"BreadcrumbList\",\"@id\":\"https:\\\/\\\/tudomicilioenundia.cl\\\/laserena\\\/tu-oficina\\\/#breadcrumb\",\"itemListElement\":[{\"@type\":\"ListItem\",\"position\":1,\"name\":\"Portada\",\"item\":\"https:\\\/\\\/tudomicilioenundia.cl\\\/laserena\\\/\"},{\"@type\":\"ListItem\",\"position\":2,\"name\":\"Lanzatuoficinavirtual | Inicia tu negocio\"}]},{\"@type\":\"WebSite\",\"@id\":\"https:\\\/\\\/tudomicilioenundia.cl\\\/laserena\\\/#website\",\"url\":\"https:\\\/\\\/tudomicilioenundia.cl\\\/laserena\\\/\",\"name\":\"tudomicilioenundia\",\"description\":\"Domicilio Comercial y Tributario\",\"publisher\":{\"@id\":\"https:\\\/\\\/tudomicilioenundia.cl\\\/laserena\\\/#organization\"},\"potentialAction\":[{\"@type\":\"SearchAction\",\"target\":{\"@type\":\"EntryPoint\",\"urlTemplate\":\"https:\\\/\\\/tudomicilioenundia.cl\\\/laserena\\\/?s={search_term_string}\"},\"query-input\":{\"@type\":\"PropertyValueSpecification\",\"valueRequired\":true,\"valueName\":\"search_term_string\"}}],\"inLanguage\":\"es\"},{\"@type\":\"Organization\",\"@id\":\"https:\\\/\\\/tudomicilioenundia.cl\\\/laserena\\\/#organization\",\"name\":\"Tudomicilioenundia La Serena\",\"url\":\"https:\\\/\\\/tudomicilioenundia.cl\\\/laserena\\\/\",\"logo\":{\"@type\":\"ImageObject\",\"inLanguage\":\"es\",\"@id\":\"https:\\\/\\\/tudomicilioenundia.cl\\\/laserena\\\/#\\\/schema\\\/logo\\\/image\\\/\",\"url\":\"https:\\\/\\\/tudomicilioenundia.cl\\\/laserena\\\/wp-content\\\/uploads\\\/2021\\\/01\\\/tudomicilioenundiaweb.png\",\"contentUrl\":\"https:\\\/\\\/tudomicilioenundia.cl\\\/laserena\\\/wp-content\\\/uploads\\\/2021\\\/01\\\/tudomicilioenundiaweb.png\",\"width\":400,\"height\":192,\"caption\":\"Tudomicilioenundia La Serena\"},\"image\":{\"@id\":\"https:\\\/\\\/tudomicilioenundia.cl\\\/laserena\\\/#\\\/schema\\\/logo\\\/image\\\/\"},\"sameAs\":[\"https:\\\/\\\/www.facebook.com\\\/ovpvirtualpyme\\\/\",\"https:\\\/\\\/www.instagram.com\\\/oficinasovp\\\/\",\"https:\\\/\\\/www.youtube.com\\\/watch?v=T162x240ou8\"]}]}<\/script>\n<!-- \/ Yoast SEO plugin. -->","yoast_head_json":{"title":"Lanzatuoficinavirtual | Inicia tu negocio - tudomicilioenundia","robots":{"index":"index","follow":"follow","max-snippet":"max-snippet:-1","max-image-preview":"max-image-preview:large","max-video-preview":"max-video-preview:-1"},"canonical":"https:\/\/tudomicilioenundia.cl\/laserena\/tu-oficina\/","og_locale":"es_ES","og_type":"article","og_title":"Lanzatuoficinavirtual | Inicia tu negocio - tudomicilioenundia","og_description":"\u00a1Lanza Hoy Tu Propia Oficina Virtual! $1.000.000 P.1 Comprar $2.500.000 P.2 Comprar $5.000.000 P.3 Precio especial para los primeros 8 cupos. Luego, $7.000.000. Comprar Modelo de Negocio: \u00a0 Propuesta 1 y 2:\u00a0Permite vender nuestros contratos de oficinas virtuales en una \u00fanica ubicaci\u00f3n, como Antofagasta o La Serena, t\u00fa eliges. Propuesta 3:\u00a0Permite vender contratos ilimitados de","og_url":"https:\/\/tudomicilioenundia.cl\/laserena\/tu-oficina\/","og_site_name":"tudomicilioenundia","article_publisher":"https:\/\/www.facebook.com\/ovpvirtualpyme\/","article_modified_time":"2024-10-07T01:46:33+00:00","twitter_card":"summary_large_image","twitter_misc":{"Tiempo de lectura":"3 minutos"},"schema":{"@context":"https:\/\/schema.org","@graph":[{"@type":"WebPage","@id":"https:\/\/tudomicilioenundia.cl\/laserena\/tu-oficina\/","url":"https:\/\/tudomicilioenundia.cl\/laserena\/tu-oficina\/","name":"Lanzatuoficinavirtual | Inicia tu negocio - tudomicilioenundia","isPartOf":{"@id":"https:\/\/tudomicilioenundia.cl\/laserena\/#website"},"datePublished":"2024-10-01T22:21:34+00:00","dateModified":"2024-10-07T01:46:33+00:00","breadcrumb":{"@id":"https:\/\/tudomicilioenundia.cl\/laserena\/tu-oficina\/#breadcrumb"},"inLanguage":"es","potentialAction":[{"@type":"ReadAction","target":["https:\/\/tudomicilioenundia.cl\/laserena\/tu-oficina\/"]}]},{"@type":"BreadcrumbList","@id":"https:\/\/tudomicilioenundia.cl\/laserena\/tu-oficina\/#breadcrumb","itemListElement":[{"@type":"ListItem","position":1,"name":"Portada","item":"https:\/\/tudomicilioenundia.cl\/laserena\/"},{"@type":"ListItem","position":2,"name":"Lanzatuoficinavirtual | Inicia tu negocio"}]},{"@type":"WebSite","@id":"https:\/\/tudomicilioenundia.cl\/laserena\/#website","url":"https:\/\/tudomicilioenundia.cl\/laserena\/","name":"tudomicilioenundia","description":"Domicilio Comercial y Tributario","publisher":{"@id":"https:\/\/tudomicilioenundia.cl\/laserena\/#organization"},"potentialAction":[{"@type":"SearchAction","target":{"@type":"EntryPoint","urlTemplate":"https:\/\/tudomicilioenundia.cl\/laserena\/?s={search_term_string}"},"query-input":{"@type":"PropertyValueSpecification","valueRequired":true,"valueName":"search_term_string"}}],"inLanguage":"es"},{"@type":"Organization","@id":"https:\/\/tudomicilioenundia.cl\/laserena\/#organization","name":"Tudomicilioenundia La Serena","url":"https:\/\/tudomicilioenundia.cl\/laserena\/","logo":{"@type":"ImageObject","inLanguage":"es","@id":"https:\/\/tudomicilioenundia.cl\/laserena\/#\/schema\/logo\/image\/","url":"https:\/\/tudomicilioenundia.cl\/laserena\/wp-content\/uploads\/2021\/01\/tudomicilioenundiaweb.png","contentUrl":"https:\/\/tudomicilioenundia.cl\/laserena\/wp-content\/uploads\/2021\/01\/tudomicilioenundiaweb.png","width":400,"height":192,"caption":"Tudomicilioenundia La Serena"},"image":{"@id":"https:\/\/tudomicilioenundia.cl\/laserena\/#\/schema\/logo\/image\/"},"sameAs":["https:\/\/www.facebook.com\/ovpvirtualpyme\/","https:\/\/www.instagram.com\/oficinasovp\/","https:\/\/www.youtube.com\/watch?v=T162x240ou8"]}]}},"_links":{"self":[{"href":"https:\/\/tudomicilioenundia.cl\/laserena\/wp-json\/wp\/v2\/pages\/20848","targetHints":{"allow":["GET"]}}],"collection":[{"href":"https:\/\/tudomicilioenundia.cl\/laserena\/wp-json\/wp\/v2\/pages"}],"about":[{"href":"https:\/\/tudomicilioenundia.cl\/laserena\/wp-json\/wp\/v2\/types\/page"}],"author":[{"embeddable":true,"href":"https:\/\/tudomicilioenundia.cl\/laserena\/wp-json\/wp\/v2\/users\/1"}],"replies":[{"embeddable":true,"href":"https:\/\/tudomicilioenundia.cl\/laserena\/wp-json\/wp\/v2\/comments?post=20848"}],"version-history":[{"count":0,"href":"https:\/\/tudomicilioenundia.cl\/laserena\/wp-json\/wp\/v2\/pages\/20848\/revisions"}],"wp:attachment":[{"href":"https:\/\/tudomicilioenundia.cl\/laserena\/wp-json\/wp\/v2\/media?parent=20848"}],"curies":[{"name":"wp","href":"https:\/\/api.w.org\/{rel}","templated":true}]}}