{"id":359,"date":"2018-08-23T01:52:22","date_gmt":"2018-08-23T01:52:22","guid":{"rendered":"http:\/\/dexignlab.com\/wp\/beglide\/?page_id=359"},"modified":"2021-07-05T14:25:27","modified_gmt":"2021-07-05T18:25:27","slug":"contacto","status":"publish","type":"page","link":"https:\/\/tudomicilioenundia.cl\/laserena\/contacto\/","title":{"rendered":"Cont\u00e1ctanos"},"content":{"rendered":"<section class=\"kc-elm kc-css-538151 kc_row\"><div class=\"kc-row-container  kc-container\"><div class=\"kc-wrap-columns\"><div class=\"kc-elm kc-css-383017 kc_col-sm-12 kc_column kc_col-sm-12\"><div class=\"kc-col-container\"><div class=\"kc-elm kc-css-397849\" style=\"height: 100px; clear: both; width:100%;\"><\/div><!-- Contact Us -->\n<div class=\"section-full content-inner-2 bg-white contact-form-bx\" style=\"background-image:url(https:\/\/tudomicilioenundia.cl\/antofagasta\/wp-content\/uploads\/2019\/05\/bg16-1024x553.jpg); background-size:100%;\">\n\t<div class=\"container\">\n\t\t<div class=\"section-head text-center\">\n\t\t\t<h2 class=\"text-uppercase\"><span class=\"font-weight-300\">Contacto<\/span> TUDOMICILIOENUNDIA<\/h2>\n\t\t<\/div>\n\t\t<div class=\"dezPlaceAni\">\n\t\t\t\n<div class=\"wpcf7 no-js\" id=\"wpcf7-f760-o1\" lang=\"en-US\" dir=\"ltr\" data-wpcf7-id=\"760\">\n<div class=\"screen-reader-response\"><p role=\"status\" aria-live=\"polite\" aria-atomic=\"true\"><\/p> <ul><\/ul><\/div>\n<form action=\"\/laserena\/wp-json\/wp\/v2\/pages\/359#wpcf7-f760-o1\" method=\"post\" class=\"wpcf7-form init\" aria-label=\"Contact form\" novalidate=\"novalidate\" data-status=\"init\">\n<fieldset class=\"hidden-fields-container\"><input type=\"hidden\" name=\"_wpcf7\" value=\"760\" \/><input type=\"hidden\" name=\"_wpcf7_version\" value=\"6.1.5\" \/><input type=\"hidden\" name=\"_wpcf7_locale\" value=\"en_US\" \/><input type=\"hidden\" name=\"_wpcf7_unit_tag\" value=\"wpcf7-f760-o1\" \/><input type=\"hidden\" name=\"_wpcf7_container_post\" value=\"0\" \/><input type=\"hidden\" name=\"_wpcf7_posted_data_hash\" value=\"\" \/>\n<\/fieldset>\n<div class=\"row\">\n\t<div class=\"col-lg-4 col-md-5 col-sm-12\">\n\t\t<div class=\"form-group\">\n\t\t\t<div class=\"input-group\">\n\t\t\t\t<p><label>Nombre<\/label><span class=\"wpcf7-form-control-wrap\" data-name=\"your-name\"><input size=\"40\" maxlength=\"400\" class=\"wpcf7-form-control wpcf7-text wpcf7-validates-as-required form-control\" aria-required=\"true\" aria-invalid=\"false\" value=\"\" type=\"text\" name=\"your-name\" \/><\/span>\n\t\t\t\t<\/p>\n\t\t\t<\/div>\n\t\t<\/div>\n\t\t<div class=\"form-group\">\n\t\t\t<div class=\"input-group\">\n\t\t\t\t<p><label>E-mail<\/label><span class=\"wpcf7-form-control-wrap\" data-name=\"your-email\"><input size=\"40\" maxlength=\"400\" class=\"wpcf7-form-control wpcf7-email wpcf7-validates-as-required wpcf7-text wpcf7-validates-as-email form-control\" aria-required=\"true\" aria-invalid=\"false\" value=\"\" type=\"email\" name=\"your-email\" \/><\/span>\n\t\t\t\t<\/p>\n\t\t\t<\/div>\n\t\t<\/div>\n\t\t<div class=\"form-group\">\n\t\t\t<div class=\"input-group\">\n\t\t\t\t<p><label>Tel\u00e9fono<\/label><span class=\"wpcf7-form-control-wrap\" data-name=\"tel-291\"><input size=\"40\" maxlength=\"400\" class=\"wpcf7-form-control wpcf7-tel wpcf7-validates-as-required wpcf7-text wpcf7-validates-as-tel form-control\" aria-required=\"true\" aria-invalid=\"false\" value=\"\" type=\"tel\" name=\"tel-291\" \/><\/span>\n\t\t\t\t<\/p>\n\t\t\t<\/div>\n\t\t<\/div>\n\t<\/div>\n\t<div class=\"col-lg-8 col-md-7 col-sm-12\">\n\t\t<div class=\"form-group\">\n\t\t\t<div class=\"input-group\">\n\t\t\t\t<p><label>Mensaje...<\/label><span class=\"wpcf7-form-control-wrap\" data-name=\"your-message\"><textarea cols=\"40\" rows=\"10\" maxlength=\"2000\" class=\"wpcf7-form-control wpcf7-textarea wpcf7-validates-as-required form-control\" aria-required=\"true\" aria-invalid=\"false\" name=\"your-message\"><\/textarea><\/span>\n\t\t\t\t<\/p>\n\t\t\t<\/div>\n\t\t<\/div>\n\t<\/div>\n\t<div class=\"col-lg-12 col-md-12 col-sm-12 text-center\">\n\t\t<p><input class=\"wpcf7-form-control wpcf7-submit has-spinner site-button outline outline-2 radius-xl button-md m-t10\" type=\"submit\" value=\"Enviar\" \/>\n\t\t<\/p>\n\t<\/div>\n<\/div><div class=\"wpcf7-response-output\" aria-hidden=\"true\"><\/div>\n<\/form>\n<\/div>\n \n\t\t<\/div>\n\t<\/div>\n<\/div>\n<!-- Contact Us End --><div class=\"kc-elm kc-css-127851\" style=\"height: 70px; clear: both; width:100%;\"><\/div><\/div><\/div><\/div><\/div><\/section>\n","protected":false},"excerpt":{"rendered":"","protected":false},"author":1,"featured_media":0,"parent":0,"menu_order":0,"comment_status":"closed","ping_status":"closed","template":"tpl-footer_v2.php","meta":{"footnotes":""},"class_list":["post-359","page","type-page","status-publish","hentry"],"yoast_head":"<!-- This site is optimized with the Yoast SEO plugin v27.4 - https:\/\/yoast.com\/product\/yoast-seo-wordpress\/ -->\n<title>Cont\u00e1ctanos - tudomicilioenundia<\/title>\n<meta name=\"description\" content=\"Oficina Virtual en La Serena y Coquimbo, cont\u00e1ctanos al (51) 2221149 o vis\u00edtanos en Colon N\u00ba352 OF 426 - Edificio Studio Office\" \/>\n<meta name=\"robots\" content=\"index, follow, max-snippet:-1, max-image-preview:large, max-video-preview:-1\" \/>\n<link rel=\"canonical\" href=\"https:\/\/tudomicilioenundia.cl\/laserena\/contacto\/\" \/>\n<meta property=\"og:locale\" content=\"es_ES\" \/>\n<meta property=\"og:type\" content=\"article\" \/>\n<meta property=\"og:title\" content=\"Cont\u00e1ctanos - tudomicilioenundia\" \/>\n<meta property=\"og:description\" content=\"Oficina Virtual en La Serena y Coquimbo, cont\u00e1ctanos al (51) 2221149 o vis\u00edtanos en Colon N\u00ba352 OF 426 - Edificio Studio Office\" \/>\n<meta property=\"og:url\" content=\"https:\/\/tudomicilioenundia.cl\/laserena\/contacto\/\" \/>\n<meta property=\"og:site_name\" content=\"tudomicilioenundia\" \/>\n<meta property=\"article:publisher\" content=\"https:\/\/www.facebook.com\/ovpvirtualpyme\/\" \/>\n<meta property=\"article:modified_time\" content=\"2021-07-05T18:25:27+00:00\" \/>\n<meta name=\"twitter:card\" content=\"summary_large_image\" \/>\n<script type=\"application\/ld+json\" class=\"yoast-schema-graph\">{\"@context\":\"https:\\\/\\\/schema.org\",\"@graph\":[{\"@type\":\"WebPage\",\"@id\":\"https:\\\/\\\/tudomicilioenundia.cl\\\/laserena\\\/contacto\\\/\",\"url\":\"https:\\\/\\\/tudomicilioenundia.cl\\\/laserena\\\/contacto\\\/\",\"name\":\"Cont\u00e1ctanos - tudomicilioenundia\",\"isPartOf\":{\"@id\":\"https:\\\/\\\/tudomicilioenundia.cl\\\/laserena\\\/#website\"},\"datePublished\":\"2018-08-23T01:52:22+00:00\",\"dateModified\":\"2021-07-05T18:25:27+00:00\",\"description\":\"Oficina Virtual en La Serena y Coquimbo, cont\u00e1ctanos al (51) 2221149 o vis\u00edtanos en Colon N\u00ba352 OF 426 - Edificio Studio Office\",\"breadcrumb\":{\"@id\":\"https:\\\/\\\/tudomicilioenundia.cl\\\/laserena\\\/contacto\\\/#breadcrumb\"},\"inLanguage\":\"es\",\"potentialAction\":[{\"@type\":\"ReadAction\",\"target\":[\"https:\\\/\\\/tudomicilioenundia.cl\\\/laserena\\\/contacto\\\/\"]}]},{\"@type\":\"BreadcrumbList\",\"@id\":\"https:\\\/\\\/tudomicilioenundia.cl\\\/laserena\\\/contacto\\\/#breadcrumb\",\"itemListElement\":[{\"@type\":\"ListItem\",\"position\":1,\"name\":\"Portada\",\"item\":\"https:\\\/\\\/tudomicilioenundia.cl\\\/laserena\\\/\"},{\"@type\":\"ListItem\",\"position\":2,\"name\":\"Cont\u00e1ctanos\"}]},{\"@type\":\"WebSite\",\"@id\":\"https:\\\/\\\/tudomicilioenundia.cl\\\/laserena\\\/#website\",\"url\":\"https:\\\/\\\/tudomicilioenundia.cl\\\/laserena\\\/\",\"name\":\"tudomicilioenundia\",\"description\":\"Domicilio Comercial y Tributario\",\"publisher\":{\"@id\":\"https:\\\/\\\/tudomicilioenundia.cl\\\/laserena\\\/#organization\"},\"potentialAction\":[{\"@type\":\"SearchAction\",\"target\":{\"@type\":\"EntryPoint\",\"urlTemplate\":\"https:\\\/\\\/tudomicilioenundia.cl\\\/laserena\\\/?s={search_term_string}\"},\"query-input\":{\"@type\":\"PropertyValueSpecification\",\"valueRequired\":true,\"valueName\":\"search_term_string\"}}],\"inLanguage\":\"es\"},{\"@type\":\"Organization\",\"@id\":\"https:\\\/\\\/tudomicilioenundia.cl\\\/laserena\\\/#organization\",\"name\":\"Tudomicilioenundia La Serena\",\"url\":\"https:\\\/\\\/tudomicilioenundia.cl\\\/laserena\\\/\",\"logo\":{\"@type\":\"ImageObject\",\"inLanguage\":\"es\",\"@id\":\"https:\\\/\\\/tudomicilioenundia.cl\\\/laserena\\\/#\\\/schema\\\/logo\\\/image\\\/\",\"url\":\"https:\\\/\\\/tudomicilioenundia.cl\\\/laserena\\\/wp-content\\\/uploads\\\/2021\\\/01\\\/tudomicilioenundiaweb.png\",\"contentUrl\":\"https:\\\/\\\/tudomicilioenundia.cl\\\/laserena\\\/wp-content\\\/uploads\\\/2021\\\/01\\\/tudomicilioenundiaweb.png\",\"width\":400,\"height\":192,\"caption\":\"Tudomicilioenundia La Serena\"},\"image\":{\"@id\":\"https:\\\/\\\/tudomicilioenundia.cl\\\/laserena\\\/#\\\/schema\\\/logo\\\/image\\\/\"},\"sameAs\":[\"https:\\\/\\\/www.facebook.com\\\/ovpvirtualpyme\\\/\",\"https:\\\/\\\/www.instagram.com\\\/oficinasovp\\\/\",\"https:\\\/\\\/www.youtube.com\\\/watch?v=T162x240ou8\"]}]}<\/script>\n<!-- \/ Yoast SEO plugin. -->","yoast_head_json":{"title":"Cont\u00e1ctanos - tudomicilioenundia","description":"Oficina Virtual en La Serena y Coquimbo, cont\u00e1ctanos al (51) 2221149 o vis\u00edtanos en Colon N\u00ba352 OF 426 - Edificio Studio Office","robots":{"index":"index","follow":"follow","max-snippet":"max-snippet:-1","max-image-preview":"max-image-preview:large","max-video-preview":"max-video-preview:-1"},"canonical":"https:\/\/tudomicilioenundia.cl\/laserena\/contacto\/","og_locale":"es_ES","og_type":"article","og_title":"Cont\u00e1ctanos - tudomicilioenundia","og_description":"Oficina Virtual en La Serena y Coquimbo, cont\u00e1ctanos al (51) 2221149 o vis\u00edtanos en Colon N\u00ba352 OF 426 - Edificio Studio Office","og_url":"https:\/\/tudomicilioenundia.cl\/laserena\/contacto\/","og_site_name":"tudomicilioenundia","article_publisher":"https:\/\/www.facebook.com\/ovpvirtualpyme\/","article_modified_time":"2021-07-05T18:25:27+00:00","twitter_card":"summary_large_image","schema":{"@context":"https:\/\/schema.org","@graph":[{"@type":"WebPage","@id":"https:\/\/tudomicilioenundia.cl\/laserena\/contacto\/","url":"https:\/\/tudomicilioenundia.cl\/laserena\/contacto\/","name":"Cont\u00e1ctanos - tudomicilioenundia","isPartOf":{"@id":"https:\/\/tudomicilioenundia.cl\/laserena\/#website"},"datePublished":"2018-08-23T01:52:22+00:00","dateModified":"2021-07-05T18:25:27+00:00","description":"Oficina Virtual en La Serena y Coquimbo, cont\u00e1ctanos al (51) 2221149 o vis\u00edtanos en Colon N\u00ba352 OF 426 - Edificio Studio Office","breadcrumb":{"@id":"https:\/\/tudomicilioenundia.cl\/laserena\/contacto\/#breadcrumb"},"inLanguage":"es","potentialAction":[{"@type":"ReadAction","target":["https:\/\/tudomicilioenundia.cl\/laserena\/contacto\/"]}]},{"@type":"BreadcrumbList","@id":"https:\/\/tudomicilioenundia.cl\/laserena\/contacto\/#breadcrumb","itemListElement":[{"@type":"ListItem","position":1,"name":"Portada","item":"https:\/\/tudomicilioenundia.cl\/laserena\/"},{"@type":"ListItem","position":2,"name":"Cont\u00e1ctanos"}]},{"@type":"WebSite","@id":"https:\/\/tudomicilioenundia.cl\/laserena\/#website","url":"https:\/\/tudomicilioenundia.cl\/laserena\/","name":"tudomicilioenundia","description":"Domicilio Comercial y Tributario","publisher":{"@id":"https:\/\/tudomicilioenundia.cl\/laserena\/#organization"},"potentialAction":[{"@type":"SearchAction","target":{"@type":"EntryPoint","urlTemplate":"https:\/\/tudomicilioenundia.cl\/laserena\/?s={search_term_string}"},"query-input":{"@type":"PropertyValueSpecification","valueRequired":true,"valueName":"search_term_string"}}],"inLanguage":"es"},{"@type":"Organization","@id":"https:\/\/tudomicilioenundia.cl\/laserena\/#organization","name":"Tudomicilioenundia La Serena","url":"https:\/\/tudomicilioenundia.cl\/laserena\/","logo":{"@type":"ImageObject","inLanguage":"es","@id":"https:\/\/tudomicilioenundia.cl\/laserena\/#\/schema\/logo\/image\/","url":"https:\/\/tudomicilioenundia.cl\/laserena\/wp-content\/uploads\/2021\/01\/tudomicilioenundiaweb.png","contentUrl":"https:\/\/tudomicilioenundia.cl\/laserena\/wp-content\/uploads\/2021\/01\/tudomicilioenundiaweb.png","width":400,"height":192,"caption":"Tudomicilioenundia La Serena"},"image":{"@id":"https:\/\/tudomicilioenundia.cl\/laserena\/#\/schema\/logo\/image\/"},"sameAs":["https:\/\/www.facebook.com\/ovpvirtualpyme\/","https:\/\/www.instagram.com\/oficinasovp\/","https:\/\/www.youtube.com\/watch?v=T162x240ou8"]}]}},"_links":{"self":[{"href":"https:\/\/tudomicilioenundia.cl\/laserena\/wp-json\/wp\/v2\/pages\/359","targetHints":{"allow":["GET"]}}],"collection":[{"href":"https:\/\/tudomicilioenundia.cl\/laserena\/wp-json\/wp\/v2\/pages"}],"about":[{"href":"https:\/\/tudomicilioenundia.cl\/laserena\/wp-json\/wp\/v2\/types\/page"}],"author":[{"embeddable":true,"href":"https:\/\/tudomicilioenundia.cl\/laserena\/wp-json\/wp\/v2\/users\/1"}],"replies":[{"embeddable":true,"href":"https:\/\/tudomicilioenundia.cl\/laserena\/wp-json\/wp\/v2\/comments?post=359"}],"version-history":[{"count":0,"href":"https:\/\/tudomicilioenundia.cl\/laserena\/wp-json\/wp\/v2\/pages\/359\/revisions"}],"wp:attachment":[{"href":"https:\/\/tudomicilioenundia.cl\/laserena\/wp-json\/wp\/v2\/media?parent=359"}],"curies":[{"name":"wp","href":"https:\/\/api.w.org\/{rel}","templated":true}]}}