{"id":6515,"date":"2020-08-28T02:17:20","date_gmt":"2020-08-28T06:17:20","guid":{"rendered":"https:\/\/tudomicilioenundia.cl\/laserena\/?page_id=6515"},"modified":"2024-10-13T08:05:14","modified_gmt":"2024-10-13T11:05:14","slug":"plan-inicial","status":"publish","type":"page","link":"https:\/\/tudomicilioenundia.cl\/laserena\/plan-inicial\/","title":{"rendered":"Plan Inicial"},"content":{"rendered":"<p><section class=\"kc-elm kc-css-737902 kc_row\"><div class=\"kc-row-container  kc-container\"><div class=\"kc-wrap-columns\"><div class=\"kc-elm kc-css-949668 kc_col-sm-12 kc_column kc_col-sm-12\"><div class=\"kc-col-container\"><div class=\"kc-elm kc-css-12447\" style=\"height: 20px; clear: both; width:100%;\"><\/div><div class=\"kc-elm kc-css-666207 kc_text_block\"><\/p>\n<h2 style=\"text-align: center;\">Elige la modalidad de pago para tu Plan Inicial.<\/h2>\n<hr \/>\n<h2 style=\"text-align: center;\"><\/h2>\n<p>\n<\/div><\/div><\/div><\/div><\/div><\/section><section class=\"kc-elm kc-css-207429 kc_row\"><div class=\"kc-row-container  kc-container\"><div class=\"kc-wrap-columns\"><div class=\"kc-elm kc-css-694016 kc_col-sm-4 kc_column kc_col-sm-4\"><div class=\"kc-col-container\"><\/div><\/div><div class=\"kc-elm kc-css-369006 kc_col-sm-5 kc_column kc_col-sm-5\"><div class=\"kc-col-container\">\n<div class=\"kc-elm kc-css-490249 kc-call-to-action kc-cta-3 kc-is-button\">\n\n\t<div class=\"kc-cta-desc\"><h2>Pago mensual<\/h2><div class=\"kc-cta-text\"><b>$26.990 \/mes<\/b> <\/div><\/div><div class=\"kc-cta-button\"><a href=\"https:\/\/tudomicilioenundia.cl\/laserena\/plan-inicial\/?add-to-cart=6489\" title=\"Compra Segura\">Comprar<\/a><\/div>\n<\/div>\n<div class=\"kc-elm kc-css-609310\" style=\"height: 5px; clear: both; width:100%;\"><\/div>\n<div class=\"kc-elm kc-css-391958 kc-call-to-action kc-cta-3 kc-is-button\">\n\n\t<div class=\"kc-cta-desc\"><h2>Pago semestral<\/h2><div class=\"kc-cta-text\"><b>$21.990 \/mes<\/b><\/div><\/div><div class=\"kc-cta-button\"><a href=\"https:\/\/tudomicilioenundia.cl\/laserena\/plan-inicial\/?add-to-cart=6491\" title=\"Compra Segura\">Comprar<\/a><\/div>\n<\/div>\n<div class=\"kc-elm kc-css-380731\" style=\"height: 5px; clear: both; width:100%;\"><\/div>\n<div class=\"kc-elm kc-css-454086 kc-call-to-action kc-cta-3 kc-is-button\">\n\n\t<div class=\"kc-cta-desc\"><h2>Pago anual<\/h2><div class=\"kc-cta-text\"><b>$17.990 \/mes<\/b><\/div><\/div><div class=\"kc-cta-button\"><a href=\"https:\/\/tudomicilioenundia.cl\/laserena\/plan-inicial\/?add-to-cart=6492\" title=\"Compra Segura\">Comprar<\/a><\/div>\n<\/div>\n<div class=\"kc-elm kc-css-851865\" style=\"height: 5px; clear: both; width:100%;\"><\/div>\n<div class=\"kc-elm kc-css-996487 kc-call-to-action kc-cta-3 kc-is-button\">\n\n\t<div class=\"kc-cta-desc\"><h2>Pago bienal<\/h2><div class=\"kc-cta-text\"><b>$14.990 \/mes<\/b><\/div><\/div><div class=\"kc-cta-button\"><a href=\"https:\/\/tudomicilioenundia.cl\/laserena\/plan-inicial\/?add-to-cart=6493\" title=\"Compra Segura\">Comprar<\/a><\/div>\n<\/div>\n<div class=\"kc-elm kc-css-783743\" style=\"height: 60px; clear: both; width:100%;\"><\/div><\/div><\/div><div class=\"kc-elm kc-css-739464 kc_col-sm-4 kc_column kc_col-sm-4\"><div class=\"kc-col-container\"><\/div><\/div><\/div><\/div><\/section><section class=\"kc-elm kc-css-632869 kc_row\"><div class=\"kc-row-container  kc-container\"><div class=\"kc-wrap-columns\"><div class=\"kc-elm kc-css-44701 kc_col-sm-12 kc_column kc_col-sm-12\"><div class=\"kc-col-container\"><div class=\"kc-elm kc-css-828345 kc_text_block\"><\/p>\n<h6><strong>Condiciones Generales:<\/strong><\/h6>\n<hr \/>\n<ul>\n<li>Los valores indicados no incluyen IVA.<\/li>\n<li>Una vez confirmado el pago, deber\u00e1s enviarnos la <a href=\"https:\/\/tudomicilioenundia.cl\/laserena\/documentacion\/\">documentaci\u00f3n<\/a> solicitada para formalizar el contrato. Al momento de la firma, se aplicar\u00e1 un cargo \u00fanico de $12.000 para cubrir la legalizaci\u00f3n de los documentos, junto con un canon de arriendo mensual neto seg\u00fan el plan contratado, que se utilizar\u00e1 como garant\u00eda. Esta garant\u00eda se reintegrar\u00e1 al finalizar el contrato.<\/li>\n<li>El contrato puede tener una vigencia anual o bienal, seg\u00fan tu elecci\u00f3n.<\/li>\n<\/ul>\n<p>\n<\/div><div class=\"kc-elm kc-css-427917\" style=\"height: 100px; clear: both; width:100%;\"><\/div><\/div><\/div><\/div><\/div><\/section><\/p>\n","protected":false},"excerpt":{"rendered":"","protected":false},"author":1,"featured_media":0,"parent":0,"menu_order":0,"comment_status":"closed","ping_status":"closed","template":"tpl-footer_v1.php","meta":{"footnotes":""},"class_list":["post-6515","page","type-page","status-publish","hentry"],"yoast_head":"<!-- This site is optimized with the Yoast SEO plugin v27.4 - https:\/\/yoast.com\/product\/yoast-seo-wordpress\/ -->\n<title>Plan Inicial - tudomicilioenundia<\/title>\n<meta name=\"robots\" content=\"index, follow, max-snippet:-1, max-image-preview:large, max-video-preview:-1\" \/>\n<link rel=\"canonical\" href=\"https:\/\/tudomicilioenundia.cl\/laserena\/plan-inicial\/\" \/>\n<meta property=\"og:locale\" content=\"es_ES\" \/>\n<meta property=\"og:type\" content=\"article\" \/>\n<meta property=\"og:title\" content=\"Plan Inicial - tudomicilioenundia\" \/>\n<meta property=\"og:description\" content=\"Elige la modalidad de pago para tu Plan Inicial. Pago mensual $26.990 \/mes Comprar Pago semestral $21.990 \/mes Comprar Pago anual $17.990 \/mes Comprar Pago bienal $14.990 \/mes Comprar Condiciones Generales: Los valores indicados no incluyen IVA. Una vez confirmado el pago, deber\u00e1s enviarnos la documentaci\u00f3n solicitada para formalizar el contrato. Al momento de la\" \/>\n<meta property=\"og:url\" content=\"https:\/\/tudomicilioenundia.cl\/laserena\/plan-inicial\/\" \/>\n<meta property=\"og:site_name\" content=\"tudomicilioenundia\" \/>\n<meta property=\"article:publisher\" content=\"https:\/\/www.facebook.com\/ovpvirtualpyme\/\" \/>\n<meta property=\"article:modified_time\" content=\"2024-10-13T11:05:14+00:00\" \/>\n<meta name=\"twitter:card\" content=\"summary_large_image\" \/>\n<meta name=\"twitter:label1\" content=\"Tiempo de lectura\" \/>\n\t<meta name=\"twitter:data1\" content=\"2 minutos\" \/>\n<script type=\"application\/ld+json\" class=\"yoast-schema-graph\">{\"@context\":\"https:\\\/\\\/schema.org\",\"@graph\":[{\"@type\":\"WebPage\",\"@id\":\"https:\\\/\\\/tudomicilioenundia.cl\\\/laserena\\\/plan-inicial\\\/\",\"url\":\"https:\\\/\\\/tudomicilioenundia.cl\\\/laserena\\\/plan-inicial\\\/\",\"name\":\"Plan Inicial - tudomicilioenundia\",\"isPartOf\":{\"@id\":\"https:\\\/\\\/tudomicilioenundia.cl\\\/laserena\\\/#website\"},\"datePublished\":\"2020-08-28T06:17:20+00:00\",\"dateModified\":\"2024-10-13T11:05:14+00:00\",\"breadcrumb\":{\"@id\":\"https:\\\/\\\/tudomicilioenundia.cl\\\/laserena\\\/plan-inicial\\\/#breadcrumb\"},\"inLanguage\":\"es\",\"potentialAction\":[{\"@type\":\"ReadAction\",\"target\":[\"https:\\\/\\\/tudomicilioenundia.cl\\\/laserena\\\/plan-inicial\\\/\"]}]},{\"@type\":\"BreadcrumbList\",\"@id\":\"https:\\\/\\\/tudomicilioenundia.cl\\\/laserena\\\/plan-inicial\\\/#breadcrumb\",\"itemListElement\":[{\"@type\":\"ListItem\",\"position\":1,\"name\":\"Portada\",\"item\":\"https:\\\/\\\/tudomicilioenundia.cl\\\/laserena\\\/\"},{\"@type\":\"ListItem\",\"position\":2,\"name\":\"Plan Inicial\"}]},{\"@type\":\"WebSite\",\"@id\":\"https:\\\/\\\/tudomicilioenundia.cl\\\/laserena\\\/#website\",\"url\":\"https:\\\/\\\/tudomicilioenundia.cl\\\/laserena\\\/\",\"name\":\"tudomicilioenundia\",\"description\":\"Domicilio Comercial y Tributario\",\"publisher\":{\"@id\":\"https:\\\/\\\/tudomicilioenundia.cl\\\/laserena\\\/#organization\"},\"potentialAction\":[{\"@type\":\"SearchAction\",\"target\":{\"@type\":\"EntryPoint\",\"urlTemplate\":\"https:\\\/\\\/tudomicilioenundia.cl\\\/laserena\\\/?s={search_term_string}\"},\"query-input\":{\"@type\":\"PropertyValueSpecification\",\"valueRequired\":true,\"valueName\":\"search_term_string\"}}],\"inLanguage\":\"es\"},{\"@type\":\"Organization\",\"@id\":\"https:\\\/\\\/tudomicilioenundia.cl\\\/laserena\\\/#organization\",\"name\":\"Tudomicilioenundia La Serena\",\"url\":\"https:\\\/\\\/tudomicilioenundia.cl\\\/laserena\\\/\",\"logo\":{\"@type\":\"ImageObject\",\"inLanguage\":\"es\",\"@id\":\"https:\\\/\\\/tudomicilioenundia.cl\\\/laserena\\\/#\\\/schema\\\/logo\\\/image\\\/\",\"url\":\"https:\\\/\\\/tudomicilioenundia.cl\\\/laserena\\\/wp-content\\\/uploads\\\/2021\\\/01\\\/tudomicilioenundiaweb.png\",\"contentUrl\":\"https:\\\/\\\/tudomicilioenundia.cl\\\/laserena\\\/wp-content\\\/uploads\\\/2021\\\/01\\\/tudomicilioenundiaweb.png\",\"width\":400,\"height\":192,\"caption\":\"Tudomicilioenundia La Serena\"},\"image\":{\"@id\":\"https:\\\/\\\/tudomicilioenundia.cl\\\/laserena\\\/#\\\/schema\\\/logo\\\/image\\\/\"},\"sameAs\":[\"https:\\\/\\\/www.facebook.com\\\/ovpvirtualpyme\\\/\",\"https:\\\/\\\/www.instagram.com\\\/oficinasovp\\\/\",\"https:\\\/\\\/www.youtube.com\\\/watch?v=T162x240ou8\"]}]}<\/script>\n<!-- \/ Yoast SEO plugin. -->","yoast_head_json":{"title":"Plan Inicial - tudomicilioenundia","robots":{"index":"index","follow":"follow","max-snippet":"max-snippet:-1","max-image-preview":"max-image-preview:large","max-video-preview":"max-video-preview:-1"},"canonical":"https:\/\/tudomicilioenundia.cl\/laserena\/plan-inicial\/","og_locale":"es_ES","og_type":"article","og_title":"Plan Inicial - tudomicilioenundia","og_description":"Elige la modalidad de pago para tu Plan Inicial. Pago mensual $26.990 \/mes Comprar Pago semestral $21.990 \/mes Comprar Pago anual $17.990 \/mes Comprar Pago bienal $14.990 \/mes Comprar Condiciones Generales: Los valores indicados no incluyen IVA. Una vez confirmado el pago, deber\u00e1s enviarnos la documentaci\u00f3n solicitada para formalizar el contrato. Al momento de la","og_url":"https:\/\/tudomicilioenundia.cl\/laserena\/plan-inicial\/","og_site_name":"tudomicilioenundia","article_publisher":"https:\/\/www.facebook.com\/ovpvirtualpyme\/","article_modified_time":"2024-10-13T11:05:14+00:00","twitter_card":"summary_large_image","twitter_misc":{"Tiempo de lectura":"2 minutos"},"schema":{"@context":"https:\/\/schema.org","@graph":[{"@type":"WebPage","@id":"https:\/\/tudomicilioenundia.cl\/laserena\/plan-inicial\/","url":"https:\/\/tudomicilioenundia.cl\/laserena\/plan-inicial\/","name":"Plan Inicial - tudomicilioenundia","isPartOf":{"@id":"https:\/\/tudomicilioenundia.cl\/laserena\/#website"},"datePublished":"2020-08-28T06:17:20+00:00","dateModified":"2024-10-13T11:05:14+00:00","breadcrumb":{"@id":"https:\/\/tudomicilioenundia.cl\/laserena\/plan-inicial\/#breadcrumb"},"inLanguage":"es","potentialAction":[{"@type":"ReadAction","target":["https:\/\/tudomicilioenundia.cl\/laserena\/plan-inicial\/"]}]},{"@type":"BreadcrumbList","@id":"https:\/\/tudomicilioenundia.cl\/laserena\/plan-inicial\/#breadcrumb","itemListElement":[{"@type":"ListItem","position":1,"name":"Portada","item":"https:\/\/tudomicilioenundia.cl\/laserena\/"},{"@type":"ListItem","position":2,"name":"Plan Inicial"}]},{"@type":"WebSite","@id":"https:\/\/tudomicilioenundia.cl\/laserena\/#website","url":"https:\/\/tudomicilioenundia.cl\/laserena\/","name":"tudomicilioenundia","description":"Domicilio Comercial y Tributario","publisher":{"@id":"https:\/\/tudomicilioenundia.cl\/laserena\/#organization"},"potentialAction":[{"@type":"SearchAction","target":{"@type":"EntryPoint","urlTemplate":"https:\/\/tudomicilioenundia.cl\/laserena\/?s={search_term_string}"},"query-input":{"@type":"PropertyValueSpecification","valueRequired":true,"valueName":"search_term_string"}}],"inLanguage":"es"},{"@type":"Organization","@id":"https:\/\/tudomicilioenundia.cl\/laserena\/#organization","name":"Tudomicilioenundia La Serena","url":"https:\/\/tudomicilioenundia.cl\/laserena\/","logo":{"@type":"ImageObject","inLanguage":"es","@id":"https:\/\/tudomicilioenundia.cl\/laserena\/#\/schema\/logo\/image\/","url":"https:\/\/tudomicilioenundia.cl\/laserena\/wp-content\/uploads\/2021\/01\/tudomicilioenundiaweb.png","contentUrl":"https:\/\/tudomicilioenundia.cl\/laserena\/wp-content\/uploads\/2021\/01\/tudomicilioenundiaweb.png","width":400,"height":192,"caption":"Tudomicilioenundia La Serena"},"image":{"@id":"https:\/\/tudomicilioenundia.cl\/laserena\/#\/schema\/logo\/image\/"},"sameAs":["https:\/\/www.facebook.com\/ovpvirtualpyme\/","https:\/\/www.instagram.com\/oficinasovp\/","https:\/\/www.youtube.com\/watch?v=T162x240ou8"]}]}},"_links":{"self":[{"href":"https:\/\/tudomicilioenundia.cl\/laserena\/wp-json\/wp\/v2\/pages\/6515","targetHints":{"allow":["GET"]}}],"collection":[{"href":"https:\/\/tudomicilioenundia.cl\/laserena\/wp-json\/wp\/v2\/pages"}],"about":[{"href":"https:\/\/tudomicilioenundia.cl\/laserena\/wp-json\/wp\/v2\/types\/page"}],"author":[{"embeddable":true,"href":"https:\/\/tudomicilioenundia.cl\/laserena\/wp-json\/wp\/v2\/users\/1"}],"replies":[{"embeddable":true,"href":"https:\/\/tudomicilioenundia.cl\/laserena\/wp-json\/wp\/v2\/comments?post=6515"}],"version-history":[{"count":0,"href":"https:\/\/tudomicilioenundia.cl\/laserena\/wp-json\/wp\/v2\/pages\/6515\/revisions"}],"wp:attachment":[{"href":"https:\/\/tudomicilioenundia.cl\/laserena\/wp-json\/wp\/v2\/media?parent=6515"}],"curies":[{"name":"wp","href":"https:\/\/api.w.org\/{rel}","templated":true}]}}