{"id":9167,"date":"2021-07-04T14:23:51","date_gmt":"2021-07-04T18:23:51","guid":{"rendered":"https:\/\/tudomicilioenundia.cl\/laserena\/?page_id=9167"},"modified":"2024-10-13T17:19:00","modified_gmt":"2024-10-13T20:19:00","slug":"servicios-adicionales","status":"publish","type":"page","link":"https:\/\/tudomicilioenundia.cl\/laserena\/servicios-adicionales\/","title":{"rendered":"Constituci\u00f3n Sociedad | Inicio de actividades SII | Tramitaci\u00f3n Patente Municipal"},"content":{"rendered":"<section class=\"kc-elm kc-css-814488 kc_row\"><div class=\"kc-row-container  kc-container\"><div class=\"kc-wrap-columns\"><div class=\"kc-elm kc-css-632138 kc_col-sm-12 kc_column kc_col-sm-12\"><div class=\"kc-col-container\"><div class=\"kc-elm kc-css-414761\" style=\"height: 40px; clear: both; width:100%;\"><\/div><div class=\"kc-elm kc-css-884104 kc_text_block\"><h2 style=\"text-align: center;\"><strong>Servicios para<\/strong> Pymes<\/h2>\n<\/div><div class=\"kc-elm kc-css-337758\" style=\"height: 20px; clear: both; width:100%;\"><\/div><\/div><\/div><\/div><\/div><\/section><section class=\"kc-elm kc-css-101661 kc_row\"><div class=\"kc-row-container  kc-container\"><div class=\"kc-wrap-columns\"><div class=\"kc-elm kc-css-609620 kc_col-sm-4 kc_column kc_col-sm-4\"><div class=\"kc-col-container\"><\/div><\/div><div class=\"kc-elm kc-css-43502 kc_col-sm-4 kc_column kc_col-sm-4\"><div class=\"kc-col-container\"><div class=\"kc-elm kc-css-991789 kc_text_block\"><div class=\"wp-block-columns\">\n<div class=\"wp-block-column\" style=\"flex-basis: 70%;\">\n<div class=\"wp-block-media-text alignwide has-media-on-the-right is-stacked-on-mobile\">\n<figure class=\"wp-block-media-text__media\"><img loading=\"lazy\" decoding=\"async\" width=\"660\" height=\"350\" class=\"wp-image-9241 size-medium\" src=\"https:\/\/tudomicilioenundia.cl\/laserena\/wp-content\/uploads\/2021\/07\/tuempresaenundia-1.png\" alt=\"\" srcset=\"https:\/\/tudomicilioenundia.cl\/laserena\/wp-content\/uploads\/2021\/07\/tuempresaenundia-1.png 660w, https:\/\/tudomicilioenundia.cl\/laserena\/wp-content\/uploads\/2021\/07\/tuempresaenundia-1-300x159.png 300w, https:\/\/tudomicilioenundia.cl\/laserena\/wp-content\/uploads\/2021\/07\/tuempresaenundia-1-600x318.png 600w\" sizes=\"auto, (max-width: 660px) 100vw, 660px\" \/><\/figure>\n<div class=\"wp-block-media-text__content\">\n<\/p>\n<h2><strong>Constituci\u00f3n de Empresas<\/strong><\/h2>\n<p>Constituimos las principales sociedades de forma r\u00e1pida y sencilla a trav\u00e9s de <a href=\"http:\/\/www.tuempresaenundia.cl\" target=\"_new\" rel=\"noopener\">www.tuempresaenundia.cl<\/a>.<\/p>\n<ul>\n<li>Empresa Individual de Responsabilidad Limitada (E.I.R.L.)<\/li>\n<li>Sociedad de Responsabilidad Limitada (LTDA)<\/li>\n<li>Sociedad por Acciones (SpA)<\/li>\n<\/ul>\n<p><strong>\u00a1T\u00fa eliges el tipo de sociedad y nosotros nos encargamos del resto!<\/strong><\/p>\n<\/p>\n<p class=\"has-text-color\" style=\"color: #027df1;\"><del>$60.000<\/del><strong>\u00a0<ins><strong><bdi><strong>$<\/strong>45.000<\/bdi><\/strong><\/ins><\/strong><\/p>\n<\/p>\n<div class=\"wp-block-buttons is-layout-flex wp-block-buttons-is-layout-flex\">\n<div class=\"wp-block-button\"><a class=\"wp-block-button__link has-background\" style=\"background-color: #027df1;\" href=\"https:\/\/tudomicilioenundia.cl\/laserena\/servicios-adicionales\/?add-to-cart=2632\">Comprar Online<\/a><\/div>\n<\/div>\n<\/div>\n<\/div>\n<\/div>\n<\/div>\n<\/div>\n<div class=\"kc-elm kc-css-41777 divider_line\">\n\t<div class=\"divider_inner divider_line1\">\n\t\t\t<\/div>\n<\/div>\n<div class=\"kc-elm kc-css-569352 kc_text_block\"><div class=\"wp-block-columns\">\n<div class=\"wp-block-column\" style=\"flex-basis: 70%;\">\n<div class=\"wp-block-media-text alignwide has-media-on-the-right is-stacked-on-mobile\">\n<figure class=\"wp-block-media-text__media\"><img loading=\"lazy\" decoding=\"async\" class=\"alignnone size-medium\" src=\"https:\/\/tudomicilioenundia.cl\/antofagasta\/wp-content\/uploads\/2024\/10\/sii-tudomicilioenundia-1.png\" alt=\"\" width=\"1000\" height=\"368\" \/><\/figure>\n<div class=\"wp-block-media-text__content\">\n<\/p>\n<h3><strong>Inicio de Actividades ante el Servicio de Impuestos Internos (<a href=\"http:\/\/www.sii.cl\" target=\"_new\" rel=\"noopener\">www.sii.cl<\/a>)<\/strong><\/h3>\n<ul>\n<li>Asesor\u00eda personalizada para la sugerencia de giro(s) seg\u00fan tu actividad comercial.<\/li>\n<li>Tramitaci\u00f3n completa y r\u00e1pida a trav\u00e9s de internet.<\/li>\n<li>Obtenci\u00f3n de tu Rol \u00danico Tributario (RUT) en caso de no tenerlo.<\/li>\n<\/ul>\n<p>Deja en nuestras manos los tr\u00e1mites contables, y comienza tu negocio con total tranquilidad.<\/p>\n<\/p>\n<p class=\"has-text-color\" style=\"color: #027df1;\"><del>$32.500<\/del><strong>\u00a0<ins><strong><bdi><strong>$2<\/strong>5.000<\/bdi><\/strong><\/ins><\/strong><\/p>\n<\/p>\n<div class=\"wp-block-buttons is-layout-flex wp-block-buttons-is-layout-flex\">\n<div class=\"wp-block-button\"><a class=\"wp-block-button__link has-background\" style=\"background-color: #027df1;\" href=\"https:\/\/tudomicilioenundia.cl\/laserena\/servicios-adicionales\/?add-to-cart=5368\">Comprar Online<\/a><\/div>\n<\/div>\n<\/div>\n<\/div>\n<\/div>\n<\/div>\n<\/div>\n<div class=\"kc-elm kc-css-622068 divider_line\">\n\t<div class=\"divider_inner divider_line1\">\n\t\t\t<\/div>\n<\/div>\n<div class=\"kc-elm kc-css-63769 kc_text_block\"><div class=\"wp-block-columns\">\n<div class=\"wp-block-column\" style=\"flex-basis: 70%;\">\n<div class=\"wp-block-media-text alignwide has-media-on-the-right is-stacked-on-mobile\">\n<figure class=\"wp-block-media-text__media\"><img loading=\"lazy\" decoding=\"async\" class=\"alignnone size-medium\" src=\"https:\/\/tudomicilioenundia.cl\/laserena\/wp-content\/uploads\/2024\/10\/municipalidad_la-serena.jpg\" alt=\"\" width=\"968\" height=\"437\" \/><\/figure>\n<div class=\"wp-block-media-text__content\">\n<\/p>\n<h3 class=\"has-large-font-size\"><strong>Tramitaci\u00f3n Patente Municipal<\/strong><\/h3>\n<\/p>\n<p>Nos encargamos de gestionar tu patente ante la Ilustre Municipalidad de <span style=\"font-style: inherit; font-family: -apple-system, BlinkMacSystemFont,;\">La Serena, asegurando un proceso \u00e1gil y sin complicaciones. \u00a1D\u00e9janos el papeleo y conc\u00e9ntrate en tu negocio!<\/span><\/p>\n<\/p>\n<\/p>\n<p class=\"has-text-color\" style=\"color: #027df1;\"><del>$55.000<\/del><strong>\u00a0<ins><strong><bdi><strong>$<\/strong>45.000<\/bdi><\/strong><\/ins><\/strong><\/p>\n<\/p>\n<div class=\"wp-block-buttons is-layout-flex wp-block-buttons-is-layout-flex\">\n<div class=\"wp-block-button\"><a class=\"wp-block-button__link has-background\" style=\"background-color: #027df1;\" href=\"https:\/\/tudomicilioenundia.cl\/laserena\/servicios-adicionales\/?add-to-cart=21115\">Comprar Online<\/a><\/div>\n<\/p>\n<\/div>\n<\/div>\n<\/div>\n<\/div>\n<\/p>\n<div class=\"wp-block-column is-layout-flow wp-block-column-is-layout-flow\" style=\"flex-basis: 15%;\">\u00a0<\/div>\n<\/div>\n<\/div><\/div><\/div><div class=\"kc-elm kc-css-450283 kc_col-sm-4 kc_column kc_col-sm-4\"><div class=\"kc-col-container\"><\/div><\/div><\/div><\/div><\/section>","protected":false},"excerpt":{"rendered":"","protected":false},"author":1,"featured_media":0,"parent":0,"menu_order":0,"comment_status":"closed","ping_status":"closed","template":"tpl-footer_v2.php","meta":{"footnotes":""},"class_list":["post-9167","page","type-page","status-publish","hentry"],"yoast_head":"<!-- This site is optimized with the Yoast SEO plugin v27.2 - https:\/\/yoast.com\/product\/yoast-seo-wordpress\/ -->\n<title>Constituci\u00f3n Sociedad | Inicio de actividades SII | Tramitaci\u00f3n Patente Municipal - tudomicilioenundia<\/title>\n<meta name=\"description\" content=\"Constituimos sociedades a trav\u00e9s de tuempresaenundia.cl a precios muy convenientes, tambi\u00e9n realizamos inicio de actividades ante el SII.\" \/>\n<meta name=\"robots\" content=\"index, follow, max-snippet:-1, max-image-preview:large, max-video-preview:-1\" \/>\n<link rel=\"canonical\" href=\"https:\/\/tudomicilioenundia.cl\/laserena\/servicios-adicionales\/\" \/>\n<meta property=\"og:locale\" content=\"es_ES\" \/>\n<meta property=\"og:type\" content=\"article\" \/>\n<meta property=\"og:title\" content=\"Constituci\u00f3n Sociedad | Inicio de actividades SII | Tramitaci\u00f3n Patente Municipal - tudomicilioenundia\" \/>\n<meta property=\"og:description\" content=\"Constituimos sociedades a trav\u00e9s de tuempresaenundia.cl a precios muy convenientes, tambi\u00e9n realizamos inicio de actividades ante el SII.\" \/>\n<meta property=\"og:url\" content=\"https:\/\/tudomicilioenundia.cl\/laserena\/servicios-adicionales\/\" \/>\n<meta property=\"og:site_name\" content=\"tudomicilioenundia\" \/>\n<meta property=\"article:publisher\" content=\"https:\/\/www.facebook.com\/ovpvirtualpyme\/\" \/>\n<meta property=\"article:modified_time\" content=\"2024-10-13T20:19:00+00:00\" \/>\n<meta property=\"og:image\" content=\"https:\/\/tudomicilioenundia.cl\/laserena\/wp-content\/uploads\/2021\/07\/tuempresaenundia-1.png\" \/>\n\t<meta property=\"og:image:width\" content=\"660\" \/>\n\t<meta property=\"og:image:height\" content=\"350\" \/>\n\t<meta property=\"og:image:type\" content=\"image\/png\" \/>\n<meta name=\"twitter:card\" content=\"summary_large_image\" \/>\n<meta name=\"twitter:label1\" content=\"Tiempo de lectura\" \/>\n\t<meta name=\"twitter:data1\" content=\"2 minutos\" \/>\n<script type=\"application\/ld+json\" class=\"yoast-schema-graph\">{\"@context\":\"https:\/\/schema.org\",\"@graph\":[{\"@type\":\"WebPage\",\"@id\":\"https:\/\/tudomicilioenundia.cl\/laserena\/servicios-adicionales\/\",\"url\":\"https:\/\/tudomicilioenundia.cl\/laserena\/servicios-adicionales\/\",\"name\":\"Constituci\u00f3n Sociedad | Inicio de actividades SII | Tramitaci\u00f3n Patente Municipal - tudomicilioenundia\",\"isPartOf\":{\"@id\":\"https:\/\/tudomicilioenundia.cl\/laserena\/#website\"},\"primaryImageOfPage\":{\"@id\":\"https:\/\/tudomicilioenundia.cl\/laserena\/servicios-adicionales\/#primaryimage\"},\"image\":{\"@id\":\"https:\/\/tudomicilioenundia.cl\/laserena\/servicios-adicionales\/#primaryimage\"},\"thumbnailUrl\":\"https:\/\/tudomicilioenundia.cl\/laserena\/wp-content\/uploads\/2021\/07\/tuempresaenundia-1.png\",\"datePublished\":\"2021-07-04T18:23:51+00:00\",\"dateModified\":\"2024-10-13T20:19:00+00:00\",\"description\":\"Constituimos sociedades a trav\u00e9s de tuempresaenundia.cl a precios muy convenientes, tambi\u00e9n realizamos inicio de actividades ante el SII.\",\"breadcrumb\":{\"@id\":\"https:\/\/tudomicilioenundia.cl\/laserena\/servicios-adicionales\/#breadcrumb\"},\"inLanguage\":\"es\",\"potentialAction\":[{\"@type\":\"ReadAction\",\"target\":[\"https:\/\/tudomicilioenundia.cl\/laserena\/servicios-adicionales\/\"]}]},{\"@type\":\"ImageObject\",\"inLanguage\":\"es\",\"@id\":\"https:\/\/tudomicilioenundia.cl\/laserena\/servicios-adicionales\/#primaryimage\",\"url\":\"https:\/\/tudomicilioenundia.cl\/laserena\/wp-content\/uploads\/2021\/07\/tuempresaenundia-1.png\",\"contentUrl\":\"https:\/\/tudomicilioenundia.cl\/laserena\/wp-content\/uploads\/2021\/07\/tuempresaenundia-1.png\",\"width\":660,\"height\":350},{\"@type\":\"BreadcrumbList\",\"@id\":\"https:\/\/tudomicilioenundia.cl\/laserena\/servicios-adicionales\/#breadcrumb\",\"itemListElement\":[{\"@type\":\"ListItem\",\"position\":1,\"name\":\"Portada\",\"item\":\"https:\/\/tudomicilioenundia.cl\/laserena\/\"},{\"@type\":\"ListItem\",\"position\":2,\"name\":\"Constituci\u00f3n Sociedad | Inicio de actividades SII | Tramitaci\u00f3n Patente Municipal\"}]},{\"@type\":\"WebSite\",\"@id\":\"https:\/\/tudomicilioenundia.cl\/laserena\/#website\",\"url\":\"https:\/\/tudomicilioenundia.cl\/laserena\/\",\"name\":\"tudomicilioenundia\",\"description\":\"Domicilio Comercial y Tributario\",\"publisher\":{\"@id\":\"https:\/\/tudomicilioenundia.cl\/laserena\/#organization\"},\"potentialAction\":[{\"@type\":\"SearchAction\",\"target\":{\"@type\":\"EntryPoint\",\"urlTemplate\":\"https:\/\/tudomicilioenundia.cl\/laserena\/?s={search_term_string}\"},\"query-input\":{\"@type\":\"PropertyValueSpecification\",\"valueRequired\":true,\"valueName\":\"search_term_string\"}}],\"inLanguage\":\"es\"},{\"@type\":\"Organization\",\"@id\":\"https:\/\/tudomicilioenundia.cl\/laserena\/#organization\",\"name\":\"Tudomicilioenundia La Serena\",\"url\":\"https:\/\/tudomicilioenundia.cl\/laserena\/\",\"logo\":{\"@type\":\"ImageObject\",\"inLanguage\":\"es\",\"@id\":\"https:\/\/tudomicilioenundia.cl\/laserena\/#\/schema\/logo\/image\/\",\"url\":\"https:\/\/tudomicilioenundia.cl\/laserena\/wp-content\/uploads\/2021\/01\/tudomicilioenundiaweb.png\",\"contentUrl\":\"https:\/\/tudomicilioenundia.cl\/laserena\/wp-content\/uploads\/2021\/01\/tudomicilioenundiaweb.png\",\"width\":400,\"height\":192,\"caption\":\"Tudomicilioenundia La Serena\"},\"image\":{\"@id\":\"https:\/\/tudomicilioenundia.cl\/laserena\/#\/schema\/logo\/image\/\"},\"sameAs\":[\"https:\/\/www.facebook.com\/ovpvirtualpyme\/\",\"https:\/\/www.instagram.com\/oficinasovp\/\",\"https:\/\/www.youtube.com\/watch?v=T162x240ou8\"]}]}<\/script>\n<!-- \/ Yoast SEO plugin. -->","yoast_head_json":{"title":"Constituci\u00f3n Sociedad | Inicio de actividades SII | Tramitaci\u00f3n Patente Municipal - tudomicilioenundia","description":"Constituimos sociedades a trav\u00e9s de tuempresaenundia.cl a precios muy convenientes, tambi\u00e9n realizamos inicio de actividades ante el SII.","robots":{"index":"index","follow":"follow","max-snippet":"max-snippet:-1","max-image-preview":"max-image-preview:large","max-video-preview":"max-video-preview:-1"},"canonical":"https:\/\/tudomicilioenundia.cl\/laserena\/servicios-adicionales\/","og_locale":"es_ES","og_type":"article","og_title":"Constituci\u00f3n Sociedad | Inicio de actividades SII | Tramitaci\u00f3n Patente Municipal - tudomicilioenundia","og_description":"Constituimos sociedades a trav\u00e9s de tuempresaenundia.cl a precios muy convenientes, tambi\u00e9n realizamos inicio de actividades ante el SII.","og_url":"https:\/\/tudomicilioenundia.cl\/laserena\/servicios-adicionales\/","og_site_name":"tudomicilioenundia","article_publisher":"https:\/\/www.facebook.com\/ovpvirtualpyme\/","article_modified_time":"2024-10-13T20:19:00+00:00","og_image":[{"width":660,"height":350,"url":"https:\/\/tudomicilioenundia.cl\/laserena\/wp-content\/uploads\/2021\/07\/tuempresaenundia-1.png","type":"image\/png"}],"twitter_card":"summary_large_image","twitter_misc":{"Tiempo de lectura":"2 minutos"},"schema":{"@context":"https:\/\/schema.org","@graph":[{"@type":"WebPage","@id":"https:\/\/tudomicilioenundia.cl\/laserena\/servicios-adicionales\/","url":"https:\/\/tudomicilioenundia.cl\/laserena\/servicios-adicionales\/","name":"Constituci\u00f3n Sociedad | Inicio de actividades SII | Tramitaci\u00f3n Patente Municipal - tudomicilioenundia","isPartOf":{"@id":"https:\/\/tudomicilioenundia.cl\/laserena\/#website"},"primaryImageOfPage":{"@id":"https:\/\/tudomicilioenundia.cl\/laserena\/servicios-adicionales\/#primaryimage"},"image":{"@id":"https:\/\/tudomicilioenundia.cl\/laserena\/servicios-adicionales\/#primaryimage"},"thumbnailUrl":"https:\/\/tudomicilioenundia.cl\/laserena\/wp-content\/uploads\/2021\/07\/tuempresaenundia-1.png","datePublished":"2021-07-04T18:23:51+00:00","dateModified":"2024-10-13T20:19:00+00:00","description":"Constituimos sociedades a trav\u00e9s de tuempresaenundia.cl a precios muy convenientes, tambi\u00e9n realizamos inicio de actividades ante el SII.","breadcrumb":{"@id":"https:\/\/tudomicilioenundia.cl\/laserena\/servicios-adicionales\/#breadcrumb"},"inLanguage":"es","potentialAction":[{"@type":"ReadAction","target":["https:\/\/tudomicilioenundia.cl\/laserena\/servicios-adicionales\/"]}]},{"@type":"ImageObject","inLanguage":"es","@id":"https:\/\/tudomicilioenundia.cl\/laserena\/servicios-adicionales\/#primaryimage","url":"https:\/\/tudomicilioenundia.cl\/laserena\/wp-content\/uploads\/2021\/07\/tuempresaenundia-1.png","contentUrl":"https:\/\/tudomicilioenundia.cl\/laserena\/wp-content\/uploads\/2021\/07\/tuempresaenundia-1.png","width":660,"height":350},{"@type":"BreadcrumbList","@id":"https:\/\/tudomicilioenundia.cl\/laserena\/servicios-adicionales\/#breadcrumb","itemListElement":[{"@type":"ListItem","position":1,"name":"Portada","item":"https:\/\/tudomicilioenundia.cl\/laserena\/"},{"@type":"ListItem","position":2,"name":"Constituci\u00f3n Sociedad | Inicio de actividades SII | Tramitaci\u00f3n Patente Municipal"}]},{"@type":"WebSite","@id":"https:\/\/tudomicilioenundia.cl\/laserena\/#website","url":"https:\/\/tudomicilioenundia.cl\/laserena\/","name":"tudomicilioenundia","description":"Domicilio Comercial y Tributario","publisher":{"@id":"https:\/\/tudomicilioenundia.cl\/laserena\/#organization"},"potentialAction":[{"@type":"SearchAction","target":{"@type":"EntryPoint","urlTemplate":"https:\/\/tudomicilioenundia.cl\/laserena\/?s={search_term_string}"},"query-input":{"@type":"PropertyValueSpecification","valueRequired":true,"valueName":"search_term_string"}}],"inLanguage":"es"},{"@type":"Organization","@id":"https:\/\/tudomicilioenundia.cl\/laserena\/#organization","name":"Tudomicilioenundia La Serena","url":"https:\/\/tudomicilioenundia.cl\/laserena\/","logo":{"@type":"ImageObject","inLanguage":"es","@id":"https:\/\/tudomicilioenundia.cl\/laserena\/#\/schema\/logo\/image\/","url":"https:\/\/tudomicilioenundia.cl\/laserena\/wp-content\/uploads\/2021\/01\/tudomicilioenundiaweb.png","contentUrl":"https:\/\/tudomicilioenundia.cl\/laserena\/wp-content\/uploads\/2021\/01\/tudomicilioenundiaweb.png","width":400,"height":192,"caption":"Tudomicilioenundia La Serena"},"image":{"@id":"https:\/\/tudomicilioenundia.cl\/laserena\/#\/schema\/logo\/image\/"},"sameAs":["https:\/\/www.facebook.com\/ovpvirtualpyme\/","https:\/\/www.instagram.com\/oficinasovp\/","https:\/\/www.youtube.com\/watch?v=T162x240ou8"]}]}},"_links":{"self":[{"href":"https:\/\/tudomicilioenundia.cl\/laserena\/wp-json\/wp\/v2\/pages\/9167","targetHints":{"allow":["GET"]}}],"collection":[{"href":"https:\/\/tudomicilioenundia.cl\/laserena\/wp-json\/wp\/v2\/pages"}],"about":[{"href":"https:\/\/tudomicilioenundia.cl\/laserena\/wp-json\/wp\/v2\/types\/page"}],"author":[{"embeddable":true,"href":"https:\/\/tudomicilioenundia.cl\/laserena\/wp-json\/wp\/v2\/users\/1"}],"replies":[{"embeddable":true,"href":"https:\/\/tudomicilioenundia.cl\/laserena\/wp-json\/wp\/v2\/comments?post=9167"}],"version-history":[{"count":1,"href":"https:\/\/tudomicilioenundia.cl\/laserena\/wp-json\/wp\/v2\/pages\/9167\/revisions"}],"predecessor-version":[{"id":23237,"href":"https:\/\/tudomicilioenundia.cl\/laserena\/wp-json\/wp\/v2\/pages\/9167\/revisions\/23237"}],"wp:attachment":[{"href":"https:\/\/tudomicilioenundia.cl\/laserena\/wp-json\/wp\/v2\/media?parent=9167"}],"curies":[{"name":"wp","href":"https:\/\/api.w.org\/{rel}","templated":true}]}}