{"id":9260,"date":"2021-07-05T09:24:28","date_gmt":"2021-07-05T13:24:28","guid":{"rendered":"https:\/\/tudomicilioenundia.cl\/laserena\/?page_id=9260"},"modified":"2024-10-11T15:30:19","modified_gmt":"2024-10-11T18:30:19","slug":"preguntas-frecuentes","status":"publish","type":"page","link":"https:\/\/tudomicilioenundia.cl\/laserena\/preguntas-frecuentes\/","title":{"rendered":"F.A.Q | Preguntas Frecuentes"},"content":{"rendered":"<section class=\"kc-elm kc-css-657021 kc_row\"><div class=\"kc-row-container  kc-container\"><div class=\"kc-wrap-columns\"><div class=\"kc-elm kc-css-987932 kc_col-sm-12 kc_column kc_col-sm-12\"><div class=\"kc-col-container\"><div class=\"kc-elm kc-css-355377\" style=\"height: 70px; clear: both; width:100%;\"><\/div>\n<div class=\"kc-elm kc-css-615813 kc-title-wrap \">\n\n\t<h1 class=\"kc_title\">Preguntas Frecuentes<\/h1>\n<\/div>\n<div class=\"kc-elm kc-css-562827\" style=\"height: 20px; clear: both; width:100%;\"><\/div><div class=\"kc-elm kc-css-347683 kc-animated kc-animate-eff-fadeInRight kc_accordion_wrapper\">\n<div class=\"kc-elm kc-css-647695 kc_accordion_section group \"><h3 class=\"kc_accordion_header ui-accordion-header\"><span class=\"ui-accordion-header-icon ui-icon\"><\/span><a href=\"#que-tipos-de-negocios-pueden-beneficiarse-mas-de-una-oficina-virtual-en-la-serena\" data-prevent=\"scroll\"><i class=\"ti-angle-down\"><\/i> \u00bfQu\u00e9 tipos de negocios pueden beneficiarse m\u00e1s de una Oficina Virtual en La Serena?<\/a><\/h3><div class=\"kc_accordion_content ui-accordion-content kc_clearfix\"><div class=\"kc-panel-body\"><div class=\"kc-elm kc-css-496110 kc_text_block\"><\/p>\n<p>Las Oficinas Virtuales son ideales para startups, emprendedores, freelancers y peque\u00f1as empresas que desean proyectar una imagen profesional sin incurrir en los costos de una oficina tradicional. Tambi\u00e9n son perfectas para empresas que est\u00e1n expandi\u00e9ndose a nuevas regiones y necesitan un domicilio comercial reconocido para cumplir con los requisitos legales. Este tipo de servicio permite a cualquier tipo de negocio operar de manera flexible y eficiente, con todos los beneficios de una oficina f\u00edsica, pero a un costo mucho menor.<\/p>\n<p>\n<\/div><\/div><\/div><\/div><div class=\"kc-elm kc-css-318400 kc_accordion_section group \"><h3 class=\"kc_accordion_header ui-accordion-header\"><span class=\"ui-accordion-header-icon ui-icon\"><\/span><a href=\"#cuales-son-los-beneficios-de-contratar-una-oficina-virtual-en-la-serena\" data-prevent=\"scroll\"><i class=\"ti-angle-down\"><\/i> \u00bfCu\u00e1les son los beneficios de contratar una Oficina Virtual en La Serena?<\/a><\/h3><div class=\"kc_accordion_content ui-accordion-content kc_clearfix\"><div class=\"kc-panel-body\"><div class=\"kc-elm kc-css-898343 kc_text_block\"><\/p>\n<p>Contratar una Oficina Virtual en Antofagasta te permite tener una direcci\u00f3n comercial y tributaria formal sin incurrir en los altos costos de arrendar una oficina f\u00edsica. Adem\u00e1s, obtienes acceso a salas de reuniones totalmente equipadas, servicios de recepci\u00f3n de correspondencia y atenci\u00f3n telef\u00f3nica profesional. Es la soluci\u00f3n ideal para quienes buscan proyectar una imagen corporativa, optimizar recursos y trabajar de manera flexible, sin sacrificar la profesionalidad de su negocio.<\/p>\n<p>\n<\/div><\/div><\/div><\/div><div class=\"kc-elm kc-css-412729 kc_accordion_section group \"><h3 class=\"kc_accordion_header ui-accordion-header\"><span class=\"ui-accordion-header-icon ui-icon\"><\/span><a href=\"#como-se-maneja-la-recepcion-de-correspondencia-en-la-oficina-virtual\" data-prevent=\"scroll\"><i class=\"ti-angle-down\"><\/i> \u00bfC\u00f3mo se maneja la recepci\u00f3n de correspondencia en la Oficina Virtual?<\/a><\/h3><div class=\"kc_accordion_content ui-accordion-content kc_clearfix\"><div class=\"kc-panel-body\"><div class=\"kc-elm kc-css-931030 kc_text_block\"><\/p>\n<p>Proveemos un domicilio en Antofagasta para recibir toda tu correspondencia comercial y tributaria. Nuestro equipo te notificar\u00e1 inmediatamente cuando llegue correspondencia, la resguardar\u00e1 de manera segura y podr\u00e1s retirarla en cualquier momento.<\/p>\n<p>\n<\/div><\/div><\/div><\/div><div class=\"kc-elm kc-css-969139 kc_accordion_section group \"><h3 class=\"kc_accordion_header ui-accordion-header\"><span class=\"ui-accordion-header-icon ui-icon\"><\/span><a href=\"#puedo-contratar-el-servicio-de-oficina-virtual-desde-otra-region\" data-prevent=\"scroll\"><i class=\"ti-angle-down\"><\/i> \u00bfPuedo contratar el servicio de Oficina Virtual desde otra regi\u00f3n?<\/a><\/h3><div class=\"kc_accordion_content ui-accordion-content kc_clearfix\"><div class=\"kc-panel-body\"><div class=\"kc-elm kc-css-736351 kc_text_block\"><\/p>\n<p>S\u00ed, puedes contratar nuestro servicio de Oficina Virtual desde cualquier lugar de Chile. Todo el proceso es 100% digital y podr\u00e1s completar la contrataci\u00f3n de manera r\u00e1pida y sencilla, sin necesidad de visitar nuestras instalaciones.<\/p>\n<p>\n<\/div><\/div><\/div><\/div><div class=\"kc-elm kc-css-806874 kc_accordion_section group \"><h3 class=\"kc_accordion_header ui-accordion-header\"><span class=\"ui-accordion-header-icon ui-icon\"><\/span><a href=\"#que-documentos-necesito-para-contratar-una-oficina-virtual-en-la-serena\" data-prevent=\"scroll\"><i class=\"ti-angle-down\"><\/i> \u00bfQu\u00e9 documentos necesito para contratar una Oficina Virtual en La Serena?<\/a><\/h3><div class=\"kc_accordion_content ui-accordion-content kc_clearfix\"><div class=\"kc-panel-body\"><div class=\"kc-elm kc-css-956707 kc_text_block\"><\/p>\n<p>La documentaci\u00f3n requerida var\u00eda seg\u00fan el tipo de persona:<\/p>\n<ul>\n<li>\n<p><strong>Persona Natural con Giro:<\/strong> C\u00e9dula de identidad, iniciaci\u00f3n de actividades y datos de contacto (domicilio, tel\u00e9fono, correo electr\u00f3nico).<\/p>\n<\/li>\n<li>\n<p><strong>Persona Jur\u00eddica:<\/strong> Se solicita la c\u00e9dula de identidad del representante legal, RUT de la empresa, escritura de constituci\u00f3n, extracto publicado e inscrito y certificado de vigencia (para sociedades con m\u00e1s de un a\u00f1o).<\/p>\n<\/li>\n<\/ul>\n<p>Para m\u00e1s detalles, visita la <a href=\"https:\/\/tudomicilioenundia.cl\/laserena\/documentacion\/\" target=\"_new\" rel=\"noopener\">p\u00e1gina de documentaci\u00f3n<\/a>.<\/p>\n<p>\n<\/div><\/div><\/div><\/div><div class=\"kc-elm kc-css-134062 kc_accordion_section group \"><h3 class=\"kc_accordion_header ui-accordion-header\"><span class=\"ui-accordion-header-icon ui-icon\"><\/span><a href=\"#cuales-son-las-opciones-de-pago-disponibles\" data-prevent=\"scroll\"><i class=\"ti-angle-down\"><\/i> \u00bfCu\u00e1les son las opciones de pago disponibles?<\/a><\/h3><div class=\"kc_accordion_content ui-accordion-content kc_clearfix\"><div class=\"kc-panel-body\"><div class=\"kc-elm kc-css-49164 kc_text_block\"><\/p>\n<p>Ofrecemos distintas modalidades de pago para ajustarnos a tu presupuesto: mensual, trimestral, semestral, anual o bienal. As\u00ed puedes elegir la opci\u00f3n que m\u00e1s te convenga seg\u00fan las necesidades de tu negocio.<\/p>\n<p>\n<\/div><\/div><\/div><\/div><div class=\"kc-elm kc-css-71682 kc_accordion_section group \"><h3 class=\"kc_accordion_header ui-accordion-header\"><span class=\"ui-accordion-header-icon ui-icon\"><\/span><a href=\"#puedo-firmar-el-contrato-de-forma-digital\" data-prevent=\"scroll\"><i class=\"ti-angle-down\"><\/i> \u00bfPuedo firmar el contrato de forma digital?<\/a><\/h3><div class=\"kc_accordion_content ui-accordion-content kc_clearfix\"><div class=\"kc-panel-body\"><div class=\"kc-elm kc-css-207497 kc_text_block\"><\/p>\n<p>S\u00ed, aceptamos firma electr\u00f3nica avanzada para todos nuestros contratos, lo que garantiza un proceso seguro, eficiente y completamente v\u00e1lido ante las autoridades.<\/p>\n<p>Puedes obtener la Firma Electr\u00f3nica Avanzada a trav\u00e9s de un Prestador de Servicios de Certificaci\u00f3n como: <a href=\"https:\/\/www.acepta.com\/\">Acepta.com<\/a>, <a href=\"https:\/\/www.esign-la.com\/\">ESign<\/a>, <a href=\"https:\/\/firma.cl\/certificado-digital-firma-avanzada.html\">Firma.cl<\/a>, <a href=\"https:\/\/www.e-certchile.cl\/ecert\/site\/edic\/base\/port\/firmas.html\">E-cert Chile<\/a>.<\/p>\n<p>\n<\/div><\/div><\/div><\/div><div class=\"kc-elm kc-css-68518 kc_accordion_section group \"><h3 class=\"kc_accordion_header ui-accordion-header\"><span class=\"ui-accordion-header-icon ui-icon\"><\/span><a href=\"#el-contrato-de-arriendo-de-la-oficina-virtual-es-valido-para-el-sii\" data-prevent=\"scroll\"><i class=\"ti-angle-down\"><\/i> \u00bfEl contrato de arriendo de la Oficina Virtual es v\u00e1lido para el SII?<\/a><\/h3><div class=\"kc_accordion_content ui-accordion-content kc_clearfix\"><div class=\"kc-panel-body\"><div class=\"kc-elm kc-css-409121 kc_text_block\"><\/p>\n<p>S\u00ed, nuestro contrato de arriendo est\u00e1 adaptado a los requisitos del SII para que puedas utilizar la direcci\u00f3n como domicilio tributario y comercial de tu empresa sin inconvenientes.<\/p>\n<p>\n<\/div><\/div><\/div><\/div><div class=\"kc-elm kc-css-701119 kc_accordion_section group \"><h3 class=\"kc_accordion_header ui-accordion-header\"><span class=\"ui-accordion-header-icon ui-icon\"><\/span><a href=\"#es-posible-almacenar-documentos-en-sus-oficinas\" data-prevent=\"scroll\"><i class=\"ti-angle-down\"><\/i> \u00bfEs posible almacenar documentos en sus oficinas?<\/a><\/h3><div class=\"kc_accordion_content ui-accordion-content kc_clearfix\"><div class=\"kc-panel-body\"><div class=\"kc-elm kc-css-196305 kc_text_block\"><\/p>\n<p>S\u00ed, ofrecemos la opci\u00f3n de almacenar documentos en nuestras instalaciones. Solo debes coordinar con nuestro equipo y tus archivos estar\u00e1n protegidos y disponibles cuando los necesites.<\/p>\n<p>\n<\/div><\/div><\/div><\/div><div class=\"kc-elm kc-css-527419 kc_accordion_section group \"><h3 class=\"kc_accordion_header ui-accordion-header\"><span class=\"ui-accordion-header-icon ui-icon\"><\/span><a href=\"#hay-publicidad-en-las-dependencias\" data-prevent=\"scroll\"><i class=\"ti-angle-down\"><\/i> \u00bfHay publicidad en las dependencias?<\/a><\/h3><div class=\"kc_accordion_content ui-accordion-content kc_clearfix\"><div class=\"kc-panel-body\"><div class=\"kc-elm kc-css-59173 kc_text_block\"><\/p>\n<p>No, en nuestras dependencias no se muestra publicidad de ninguna empresa. Al ser una oficina virtual compartida, evitamos cualquier tipo de promoci\u00f3n espec\u00edfica para asegurar una imagen profesional y neutral. Esto garantiza que el espacio proyecte una apariencia general, ofreciendo discreci\u00f3n y confidencialidad para todos nuestros clientes.<\/p>\n<p>\n<\/div><\/div><\/div><\/div><div class=\"kc-elm kc-css-890658 kc_accordion_section group \"><h3 class=\"kc_accordion_header ui-accordion-header\"><span class=\"ui-accordion-header-icon ui-icon\"><\/span><a href=\"#que-tipo-de-equipamiento-tienen-sus-oficinas\" data-prevent=\"scroll\"><i class=\"ti-angle-down\"><\/i> \u00bfQu\u00e9 tipo de equipamiento tienen sus oficinas?<\/a><\/h3><div class=\"kc_accordion_content ui-accordion-content kc_clearfix\"><div class=\"kc-panel-body\"><div class=\"kc-elm kc-css-972317 kc_text_block\"><\/p>\n<p>Contamos con oficinas totalmente equipadas con internet de alta velocidad, mobiliario ergon\u00f3mico, proyectores y otros dispositivos para que tengas todo lo que necesitas durante tus reuniones y actividades laborales.<\/p>\n<p>\n<\/div><\/div><\/div><\/div><div class=\"kc-elm kc-css-663310 kc_accordion_section group \"><h3 class=\"kc_accordion_header ui-accordion-header\"><span class=\"ui-accordion-header-icon ui-icon\"><\/span><a href=\"#como-puedo-reservar-una-sala-de-reuniones-en-la-serena\" data-prevent=\"scroll\"><i class=\"ti-angle-down\"><\/i> \u00bfC\u00f3mo puedo reservar una sala de reuniones en La Serena?<\/a><\/h3><div class=\"kc_accordion_content ui-accordion-content kc_clearfix\"><div class=\"kc-panel-body\"><div class=\"kc-elm kc-css-682277 kc_text_block\"><\/p>\n<p>Para reservar una sala de reuniones, debes contactarnos a trav\u00e9s de WhatsApp, llamada telef\u00f3nica o cualquiera de nuestros medios de contacto disponibles. Nuestro equipo estar\u00e1 encantado de asistirte para coordinar el espacio y horario que necesites, asegurando que tengas la mejor experiencia en nuestras instalaciones.<\/p>\n<p>\n<\/div><\/div><\/div><\/div><div class=\"kc-elm kc-css-533844 kc_accordion_section group \"><h3 class=\"kc_accordion_header ui-accordion-header\"><span class=\"ui-accordion-header-icon ui-icon\"><\/span><a href=\"#cual-es-el-periodo-minimo-de-contratacion\" data-prevent=\"scroll\"><i class=\"ti-angle-down\"><\/i> \u00bfCu\u00e1l es el periodo m\u00ednimo de contrataci\u00f3n?<\/a><\/h3><div class=\"kc_accordion_content ui-accordion-content kc_clearfix\"><div class=\"kc-panel-body\"><div class=\"kc-elm kc-css-967288 kc_text_block\"><\/p>\n<p>El periodo m\u00ednimo de contrataci\u00f3n es de seis meses. Al finalizar este tiempo, puedes renovar el contrato o ajustar el servicio seg\u00fan los nuevos requerimientos de tu negocio.<\/p>\n<p>\n<\/div><\/div><\/div><\/div><\/div>\n<div class=\"kc-elm kc-css-878943\" style=\"height: 80px; clear: both; width:100%;\"><\/div><\/div><\/div><\/div><\/div><\/section>\n","protected":false},"excerpt":{"rendered":"","protected":false},"author":1,"featured_media":0,"parent":0,"menu_order":0,"comment_status":"closed","ping_status":"closed","template":"tpl-footer_v2.php","meta":{"footnotes":""},"class_list":["post-9260","page","type-page","status-publish","hentry"],"yoast_head":"<!-- This site is optimized with the Yoast SEO plugin v27.5 - https:\/\/yoast.com\/product\/yoast-seo-wordpress\/ -->\n<title>F.A.Q | Preguntas Frecuentes  - tudomicilioenundia<\/title>\n<meta name=\"robots\" content=\"index, follow, max-snippet:-1, max-image-preview:large, max-video-preview:-1\" \/>\n<link rel=\"canonical\" href=\"https:\/\/tudomicilioenundia.cl\/laserena\/preguntas-frecuentes\/\" \/>\n<meta property=\"og:locale\" content=\"es_ES\" \/>\n<meta property=\"og:type\" content=\"article\" \/>\n<meta property=\"og:title\" content=\"F.A.Q | Preguntas Frecuentes  - tudomicilioenundia\" \/>\n<meta property=\"og:description\" content=\"Preguntas Frecuentes \u00bfQu\u00e9 tipos de negocios pueden beneficiarse m\u00e1s de una Oficina Virtual en La Serena? Las Oficinas Virtuales son ideales para startups, emprendedores, freelancers y peque\u00f1as empresas que desean proyectar una imagen profesional sin incurrir en los costos de una oficina tradicional. Tambi\u00e9n son perfectas para empresas que est\u00e1n expandi\u00e9ndose a nuevas regiones y\" \/>\n<meta property=\"og:url\" content=\"https:\/\/tudomicilioenundia.cl\/laserena\/preguntas-frecuentes\/\" \/>\n<meta property=\"og:site_name\" content=\"tudomicilioenundia\" \/>\n<meta property=\"article:publisher\" content=\"https:\/\/www.facebook.com\/ovpvirtualpyme\/\" \/>\n<meta property=\"article:modified_time\" content=\"2024-10-11T18:30:19+00:00\" \/>\n<meta name=\"twitter:card\" content=\"summary_large_image\" \/>\n<meta name=\"twitter:label1\" content=\"Tiempo de lectura\" \/>\n\t<meta name=\"twitter:data1\" content=\"4 minutos\" \/>\n<script type=\"application\/ld+json\" class=\"yoast-schema-graph\">{\"@context\":\"https:\\\/\\\/schema.org\",\"@graph\":[{\"@type\":\"WebPage\",\"@id\":\"https:\\\/\\\/tudomicilioenundia.cl\\\/laserena\\\/preguntas-frecuentes\\\/\",\"url\":\"https:\\\/\\\/tudomicilioenundia.cl\\\/laserena\\\/preguntas-frecuentes\\\/\",\"name\":\"F.A.Q | Preguntas Frecuentes - tudomicilioenundia\",\"isPartOf\":{\"@id\":\"https:\\\/\\\/tudomicilioenundia.cl\\\/laserena\\\/#website\"},\"datePublished\":\"2021-07-05T13:24:28+00:00\",\"dateModified\":\"2024-10-11T18:30:19+00:00\",\"breadcrumb\":{\"@id\":\"https:\\\/\\\/tudomicilioenundia.cl\\\/laserena\\\/preguntas-frecuentes\\\/#breadcrumb\"},\"inLanguage\":\"es\",\"potentialAction\":[{\"@type\":\"ReadAction\",\"target\":[\"https:\\\/\\\/tudomicilioenundia.cl\\\/laserena\\\/preguntas-frecuentes\\\/\"]}]},{\"@type\":\"BreadcrumbList\",\"@id\":\"https:\\\/\\\/tudomicilioenundia.cl\\\/laserena\\\/preguntas-frecuentes\\\/#breadcrumb\",\"itemListElement\":[{\"@type\":\"ListItem\",\"position\":1,\"name\":\"Portada\",\"item\":\"https:\\\/\\\/tudomicilioenundia.cl\\\/laserena\\\/\"},{\"@type\":\"ListItem\",\"position\":2,\"name\":\"F.A.Q | Preguntas Frecuentes\"}]},{\"@type\":\"WebSite\",\"@id\":\"https:\\\/\\\/tudomicilioenundia.cl\\\/laserena\\\/#website\",\"url\":\"https:\\\/\\\/tudomicilioenundia.cl\\\/laserena\\\/\",\"name\":\"tudomicilioenundia\",\"description\":\"Domicilio Comercial y Tributario\",\"publisher\":{\"@id\":\"https:\\\/\\\/tudomicilioenundia.cl\\\/laserena\\\/#organization\"},\"potentialAction\":[{\"@type\":\"SearchAction\",\"target\":{\"@type\":\"EntryPoint\",\"urlTemplate\":\"https:\\\/\\\/tudomicilioenundia.cl\\\/laserena\\\/?s={search_term_string}\"},\"query-input\":{\"@type\":\"PropertyValueSpecification\",\"valueRequired\":true,\"valueName\":\"search_term_string\"}}],\"inLanguage\":\"es\"},{\"@type\":\"Organization\",\"@id\":\"https:\\\/\\\/tudomicilioenundia.cl\\\/laserena\\\/#organization\",\"name\":\"Tudomicilioenundia La Serena\",\"url\":\"https:\\\/\\\/tudomicilioenundia.cl\\\/laserena\\\/\",\"logo\":{\"@type\":\"ImageObject\",\"inLanguage\":\"es\",\"@id\":\"https:\\\/\\\/tudomicilioenundia.cl\\\/laserena\\\/#\\\/schema\\\/logo\\\/image\\\/\",\"url\":\"https:\\\/\\\/tudomicilioenundia.cl\\\/laserena\\\/wp-content\\\/uploads\\\/2021\\\/01\\\/tudomicilioenundiaweb.png\",\"contentUrl\":\"https:\\\/\\\/tudomicilioenundia.cl\\\/laserena\\\/wp-content\\\/uploads\\\/2021\\\/01\\\/tudomicilioenundiaweb.png\",\"width\":400,\"height\":192,\"caption\":\"Tudomicilioenundia La Serena\"},\"image\":{\"@id\":\"https:\\\/\\\/tudomicilioenundia.cl\\\/laserena\\\/#\\\/schema\\\/logo\\\/image\\\/\"},\"sameAs\":[\"https:\\\/\\\/www.facebook.com\\\/ovpvirtualpyme\\\/\",\"https:\\\/\\\/www.instagram.com\\\/oficinasovp\\\/\",\"https:\\\/\\\/www.youtube.com\\\/watch?v=T162x240ou8\"]}]}<\/script>\n<!-- \/ Yoast SEO plugin. -->","yoast_head_json":{"title":"F.A.Q | Preguntas Frecuentes  - tudomicilioenundia","robots":{"index":"index","follow":"follow","max-snippet":"max-snippet:-1","max-image-preview":"max-image-preview:large","max-video-preview":"max-video-preview:-1"},"canonical":"https:\/\/tudomicilioenundia.cl\/laserena\/preguntas-frecuentes\/","og_locale":"es_ES","og_type":"article","og_title":"F.A.Q | Preguntas Frecuentes  - tudomicilioenundia","og_description":"Preguntas Frecuentes \u00bfQu\u00e9 tipos de negocios pueden beneficiarse m\u00e1s de una Oficina Virtual en La Serena? Las Oficinas Virtuales son ideales para startups, emprendedores, freelancers y peque\u00f1as empresas que desean proyectar una imagen profesional sin incurrir en los costos de una oficina tradicional. Tambi\u00e9n son perfectas para empresas que est\u00e1n expandi\u00e9ndose a nuevas regiones y","og_url":"https:\/\/tudomicilioenundia.cl\/laserena\/preguntas-frecuentes\/","og_site_name":"tudomicilioenundia","article_publisher":"https:\/\/www.facebook.com\/ovpvirtualpyme\/","article_modified_time":"2024-10-11T18:30:19+00:00","twitter_card":"summary_large_image","twitter_misc":{"Tiempo de lectura":"4 minutos"},"schema":{"@context":"https:\/\/schema.org","@graph":[{"@type":"WebPage","@id":"https:\/\/tudomicilioenundia.cl\/laserena\/preguntas-frecuentes\/","url":"https:\/\/tudomicilioenundia.cl\/laserena\/preguntas-frecuentes\/","name":"F.A.Q | Preguntas Frecuentes - tudomicilioenundia","isPartOf":{"@id":"https:\/\/tudomicilioenundia.cl\/laserena\/#website"},"datePublished":"2021-07-05T13:24:28+00:00","dateModified":"2024-10-11T18:30:19+00:00","breadcrumb":{"@id":"https:\/\/tudomicilioenundia.cl\/laserena\/preguntas-frecuentes\/#breadcrumb"},"inLanguage":"es","potentialAction":[{"@type":"ReadAction","target":["https:\/\/tudomicilioenundia.cl\/laserena\/preguntas-frecuentes\/"]}]},{"@type":"BreadcrumbList","@id":"https:\/\/tudomicilioenundia.cl\/laserena\/preguntas-frecuentes\/#breadcrumb","itemListElement":[{"@type":"ListItem","position":1,"name":"Portada","item":"https:\/\/tudomicilioenundia.cl\/laserena\/"},{"@type":"ListItem","position":2,"name":"F.A.Q | Preguntas Frecuentes"}]},{"@type":"WebSite","@id":"https:\/\/tudomicilioenundia.cl\/laserena\/#website","url":"https:\/\/tudomicilioenundia.cl\/laserena\/","name":"tudomicilioenundia","description":"Domicilio Comercial y Tributario","publisher":{"@id":"https:\/\/tudomicilioenundia.cl\/laserena\/#organization"},"potentialAction":[{"@type":"SearchAction","target":{"@type":"EntryPoint","urlTemplate":"https:\/\/tudomicilioenundia.cl\/laserena\/?s={search_term_string}"},"query-input":{"@type":"PropertyValueSpecification","valueRequired":true,"valueName":"search_term_string"}}],"inLanguage":"es"},{"@type":"Organization","@id":"https:\/\/tudomicilioenundia.cl\/laserena\/#organization","name":"Tudomicilioenundia La Serena","url":"https:\/\/tudomicilioenundia.cl\/laserena\/","logo":{"@type":"ImageObject","inLanguage":"es","@id":"https:\/\/tudomicilioenundia.cl\/laserena\/#\/schema\/logo\/image\/","url":"https:\/\/tudomicilioenundia.cl\/laserena\/wp-content\/uploads\/2021\/01\/tudomicilioenundiaweb.png","contentUrl":"https:\/\/tudomicilioenundia.cl\/laserena\/wp-content\/uploads\/2021\/01\/tudomicilioenundiaweb.png","width":400,"height":192,"caption":"Tudomicilioenundia La Serena"},"image":{"@id":"https:\/\/tudomicilioenundia.cl\/laserena\/#\/schema\/logo\/image\/"},"sameAs":["https:\/\/www.facebook.com\/ovpvirtualpyme\/","https:\/\/www.instagram.com\/oficinasovp\/","https:\/\/www.youtube.com\/watch?v=T162x240ou8"]}]}},"_links":{"self":[{"href":"https:\/\/tudomicilioenundia.cl\/laserena\/wp-json\/wp\/v2\/pages\/9260","targetHints":{"allow":["GET"]}}],"collection":[{"href":"https:\/\/tudomicilioenundia.cl\/laserena\/wp-json\/wp\/v2\/pages"}],"about":[{"href":"https:\/\/tudomicilioenundia.cl\/laserena\/wp-json\/wp\/v2\/types\/page"}],"author":[{"embeddable":true,"href":"https:\/\/tudomicilioenundia.cl\/laserena\/wp-json\/wp\/v2\/users\/1"}],"replies":[{"embeddable":true,"href":"https:\/\/tudomicilioenundia.cl\/laserena\/wp-json\/wp\/v2\/comments?post=9260"}],"version-history":[{"count":0,"href":"https:\/\/tudomicilioenundia.cl\/laserena\/wp-json\/wp\/v2\/pages\/9260\/revisions"}],"wp:attachment":[{"href":"https:\/\/tudomicilioenundia.cl\/laserena\/wp-json\/wp\/v2\/media?parent=9260"}],"curies":[{"name":"wp","href":"https:\/\/api.w.org\/{rel}","templated":true}]}}